{"id":4807,"date":"2024-07-13T16:37:36","date_gmt":"2024-07-13T08:37:36","guid":{"rendered":"http:\/\/www.lishgmachine.cn\/product\/8-color-servo-gear-driving-flexo-press-copy\/"},"modified":"2026-03-30T13:16:10","modified_gmt":"2026-03-30T05:16:10","slug":"central-cylinder-flexo-printing-machine-for-food-packaging","status":"publish","type":"product","link":"https:\/\/www.lishgmachine.com\/es\/product\/central-cylinder-flexo-printing-machine-for-food-packaging","title":{"rendered":"Central Cylinder Flexo Printing Machine For Food Packaging"},"content":{"rendered":"<p>Operaci\u00f3n del motor y web:<\/p>\n<ol>\n<li>El motor utiliza aleaci\u00f3n de hierro fundido de alta resistencia con baja vibraci\u00f3n, fundici\u00f3n en arena de resina y tratamiento de envejecimiento por vibraci\u00f3n.<\/li>\n<li>Estructura de rodillos gu\u00eda integrada.<\/li>\n<li>Construcci\u00f3n de dise\u00f1o en capas.<\/li>\n<li>Grosor del motor: 100 mm.<\/li>\n<li>Di\u00e1metro del rodillo gu\u00eda: \u03c6100 mm (tratamiento superficial anodizado).<\/li>\n<\/ol>\n<p>Par\u00e1metros principales:<\/p>\n<table>\n<thead>\n<tr>\n<th>Art\u00edculo<\/th>\n<th>Hasta la fecha-4 6 8 Color<\/th>\n<\/tr>\n<\/thead>\n<tbody>\n<tr>\n<td>Ancho de alimentaci\u00f3n<\/td>\n<td>600 mm, 800 mm, 1000 mm, 1200 mm, 1400 mm<\/td>\n<\/tr>\n<tr>\n<td>\u00c1rea de impresi\u00f3n m\u00e1xima<\/td>\n<td>560 mm, 760 mm, 960 mm, 1160 mm, 1360 mm<\/td>\n<\/tr>\n<tr>\n<td>Dise\u00f1o<\/td>\n<td>4 6 8 colores<\/td>\n<\/tr>\n<tr>\n<td>Materiales<\/td>\n<td>PE, PET, BOPP, PVC, membrana, tela no tejida, pel\u00edcula transpirable<\/td>\n<\/tr>\n<tr>\n<td>Espesor de la placa<\/td>\n<td>1,14 mm, 1,7 mm, 2,28 mm, 2,84 mm, 3,94 mm (personalizable)<\/td>\n<\/tr>\n<tr>\n<td>Tema de impresi\u00f3n<\/td>\n<td>Est\u00e1ndar: 400 mm, personalizable 380-800 mm<\/td>\n<\/tr>\n<tr>\n<td>Velocidad m\u00e1xima de impresi\u00f3n<\/td>\n<td>250 m\/min<\/td>\n<\/tr>\n<tr>\n<td>Precisi\u00f3n del registro<\/td>\n<td>Longitudinal: \u00b10,15 mm, Lateral: \u00b10,15 mm<\/td>\n<\/tr>\n<tr>\n<td>Tipo de estructura<\/td>\n<td>Impresi\u00f3n central (tambor central)<\/td>\n<\/tr>\n<tr>\n<td>Modelo de engranaje<\/td>\n<td>1,5 mm<\/td>\n<\/tr>\n<tr>\n<td>M\u00e9todo de calentamiento<\/td>\n<td>Calefacci\u00f3n el\u00e9ctrica<\/td>\n<\/tr>\n<tr>\n<td>Temperatura m\u00e1xima del horno<\/td>\n<td>M\u00e1ximo 80 \u2103 (temperatura ambiente 20 \u2103)<\/td>\n<\/tr>\n<tr>\n<td>N\u00facleo desbobinador\/rebobinador<\/td>\n<td>N\u00facleo 3\u2033<\/td>\n<\/tr>\n<tr>\n<td>Di\u00e1metro m\u00e1ximo del desbobinador\/rebobinador<\/td>\n<td>1000 mm<\/td>\n<\/tr>\n<tr>\n<td>Tinta aplicable<\/td>\n<td>Tinta a base de solvente<\/td>\n<\/tr>\n<\/tbody>\n<\/table>","protected":false},"featured_media":5345,"template":"","product_category":[583],"class_list":["post-4807","product","type-product","status-publish","has-post-thumbnail","hentry","product_category-plastic-film-ci-flexo-printing-machine"],"acf":[],"_links":{"self":[{"href":"https:\/\/www.lishgmachine.com\/es\/wp-json\/wp\/v2\/product\/4807"}],"collection":[{"href":"https:\/\/www.lishgmachine.com\/es\/wp-json\/wp\/v2\/product"}],"about":[{"href":"https:\/\/www.lishgmachine.com\/es\/wp-json\/wp\/v2\/types\/product"}],"wp:featuredmedia":[{"embeddable":true,"href":"https:\/\/www.lishgmachine.com\/es\/wp-json\/wp\/v2\/media\/5345"}],"wp:attachment":[{"href":"https:\/\/www.lishgmachine.com\/es\/wp-json\/wp\/v2\/media?parent=4807"}],"wp:term":[{"taxonomy":"product_category","embeddable":true,"href":"https:\/\/www.lishgmachine.com\/es\/wp-json\/wp\/v2\/product_category?post=4807"}],"curies":[{"name":"wp","href":"https:\/\/api.w.org\/{rel}","templated":true}]}}