{"id":4814,"date":"2024-07-13T16:43:28","date_gmt":"2024-07-13T08:43:28","guid":{"rendered":"http:\/\/www.lishgmachine.cn\/product\/250m-min-4-6-8-colors-central-drum-ci-flexo-printing-machine-for-kraft-paper-copy\/"},"modified":"2026-01-16T17:38:59","modified_gmt":"2026-01-16T09:38:59","slug":"ci-flexo-printing-process-paper-bag-printing","status":"publish","type":"product","link":"https:\/\/www.lishgmachine.com\/es\/product\/ci-flexo-printing-process-paper-bag-printing","title":{"rendered":"Proceso de impresi\u00f3n flexogr\u00e1fica CI Impresi\u00f3n de bolsas de papel"},"content":{"rendered":"<p><strong>Operaci\u00f3n del motor y web:<\/strong><\/p>\n<ol>\n<li>El motor utiliza aleaci\u00f3n de hierro fundido de alta resistencia con baja vibraci\u00f3n, fundici\u00f3n en arena de resina y tratamiento de envejecimiento por vibraci\u00f3n.<\/li>\n<li>Estructura de rodillos gu\u00eda integrada.<\/li>\n<li>Construcci\u00f3n de dise\u00f1o en capas.<\/li>\n<li>Grosor del motor: 100 mm.<\/li>\n<li>Di\u00e1metro del rodillo gu\u00eda: \u03c6100 mm (tratamiento superficial anodizado).<\/li>\n<\/ol>\n<p>&nbsp;<\/p>\n<p><strong>Par\u00e1metros principales:<\/strong><\/p>\n<table>\n<thead>\n<tr>\n<th style=\"text-align: left;\">Art\u00edculo<\/th>\n<th>Hasta la fecha-4 6 8 Color<\/th>\n<\/tr>\n<\/thead>\n<tbody>\n<tr>\n<td>Ancho de alimentaci\u00f3n<\/td>\n<td>600 mm, 800 mm, 1000 mm, 1200 mm, 1400 mm<\/td>\n<\/tr>\n<tr>\n<td>\u00c1rea de impresi\u00f3n m\u00e1xima<\/td>\n<td>560 mm, 760 mm, 960 mm, 1160 mm, 1360 mm<\/td>\n<\/tr>\n<tr>\n<td>Dise\u00f1o<\/td>\n<td>4 6 8 colores<\/td>\n<\/tr>\n<tr>\n<td>Materiales<\/td>\n<td>PE, PET, BOPP, PVC, membrana, tela no tejida, pel\u00edcula transpirable<\/td>\n<\/tr>\n<tr>\n<td>Espesor de la placa<\/td>\n<td>1,14 mm, 1,7 mm, 2,28 mm, 2,84 mm, 3,94 mm (personalizable)<\/td>\n<\/tr>\n<tr>\n<td>Tema de impresi\u00f3n<\/td>\n<td>Est\u00e1ndar: 400 mm, personalizable 380-800 mm<\/td>\n<\/tr>\n<tr>\n<td>Velocidad m\u00e1xima de impresi\u00f3n<\/td>\n<td>250 m\/min<\/td>\n<\/tr>\n<tr>\n<td>Precisi\u00f3n del registro<\/td>\n<td>Longitudinal: \u00b10,15 mm, Lateral: \u00b10,15 mm<\/td>\n<\/tr>\n<tr>\n<td>Tipo de estructura<\/td>\n<td>Impresi\u00f3n central (tambor central)<\/td>\n<\/tr>\n<tr>\n<td>Modelo de engranaje<\/td>\n<td>1,5 mm<\/td>\n<\/tr>\n<tr>\n<td>M\u00e9todo de calentamiento<\/td>\n<td>Calefacci\u00f3n el\u00e9ctrica<\/td>\n<\/tr>\n<tr>\n<td>Temperatura m\u00e1xima del horno<\/td>\n<td>M\u00e1ximo 80 \u2103 (temperatura ambiente 20 \u2103)<\/td>\n<\/tr>\n<tr>\n<td>N\u00facleo desbobinador\/rebobinador<\/td>\n<td>N\u00facleo 3\u2033<\/td>\n<\/tr>\n<tr>\n<td>Di\u00e1metro m\u00e1ximo del desbobinador\/rebobinador<\/td>\n<td>1000 mm<\/td>\n<\/tr>\n<tr>\n<td>Tinta aplicable<\/td>\n<td>Tinta a base de solvente<\/td>\n<\/tr>\n<\/tbody>\n<\/table>\n<div><\/div>\n<div class=\"table-responsive\">\n<table class=\"table\" style=\"width: 100%;\" border=\"0\" align=\"center\">\n<tbody>\n<tr>\n<td style=\"width: 49.5119%;\"><img loading=\"lazy\" decoding=\"async\" class=\"alignnone size-full wp-image-4787\" src=\"http:\/\/www.lishgmachine.cn\/wp-content\/uploads\/2024\/07\/lishg-Company-Environment-1.jpg\" alt=\"\" width=\"774\" height=\"500\" title=\"\" srcset=\"https:\/\/www.lishgmachine.com\/wp-content\/uploads\/2024\/07\/lishg-Company-Environment-1.jpg 774w, https:\/\/www.lishgmachine.com\/wp-content\/uploads\/2024\/07\/lishg-Company-Environment-1-300x194.jpg 300w, https:\/\/www.lishgmachine.com\/wp-content\/uploads\/2024\/07\/lishg-Company-Environment-1-768x496.jpg 768w\" sizes=\"(max-width: 774px) 100vw, 774px\" \/><\/td>\n<td style=\"width: 49.5119%;\"><img loading=\"lazy\" decoding=\"async\" class=\"alignnone size-full wp-image-4788\" src=\"http:\/\/www.lishgmachine.cn\/wp-content\/uploads\/2024\/07\/lishg-Company-Environment-2.jpg\" alt=\"\" width=\"774\" height=\"500\" title=\"\" srcset=\"https:\/\/www.lishgmachine.com\/wp-content\/uploads\/2024\/07\/lishg-Company-Environment-2.jpg 774w, https:\/\/www.lishgmachine.com\/wp-content\/uploads\/2024\/07\/lishg-Company-Environment-2-300x194.jpg 300w, https:\/\/www.lishgmachine.com\/wp-content\/uploads\/2024\/07\/lishg-Company-Environment-2-768x496.jpg 768w\" sizes=\"(max-width: 774px) 100vw, 774px\" \/><\/td>\n<\/tr>\n<tr>\n<td style=\"width: 49.5119%;\"><img loading=\"lazy\" decoding=\"async\" class=\"alignnone size-full wp-image-4789\" src=\"http:\/\/www.lishgmachine.cn\/wp-content\/uploads\/2024\/07\/lishg-Company-Environment-3.jpg\" alt=\"\" width=\"774\" height=\"500\" title=\"\" srcset=\"https:\/\/www.lishgmachine.com\/wp-content\/uploads\/2024\/07\/lishg-Company-Environment-3.jpg 774w, https:\/\/www.lishgmachine.com\/wp-content\/uploads\/2024\/07\/lishg-Company-Environment-3-300x194.jpg 300w, https:\/\/www.lishgmachine.com\/wp-content\/uploads\/2024\/07\/lishg-Company-Environment-3-768x496.jpg 768w\" sizes=\"(max-width: 774px) 100vw, 774px\" \/><\/td>\n<td style=\"width: 49.5119%;\"><img loading=\"lazy\" decoding=\"async\" class=\"alignnone size-full wp-image-4790\" src=\"http:\/\/www.lishgmachine.cn\/wp-content\/uploads\/2024\/07\/lishg-Company-Environment-4.jpg\" alt=\"\" width=\"774\" height=\"500\" title=\"\" srcset=\"https:\/\/www.lishgmachine.com\/wp-content\/uploads\/2024\/07\/lishg-Company-Environment-4.jpg 774w, https:\/\/www.lishgmachine.com\/wp-content\/uploads\/2024\/07\/lishg-Company-Environment-4-300x194.jpg 300w, https:\/\/www.lishgmachine.com\/wp-content\/uploads\/2024\/07\/lishg-Company-Environment-4-768x496.jpg 768w\" sizes=\"(max-width: 774px) 100vw, 774px\" \/><\/td>\n<\/tr>\n<tr>\n<td style=\"width: 49.5119%;\"><img loading=\"lazy\" decoding=\"async\" class=\"alignnone size-full wp-image-4791\" src=\"http:\/\/www.lishgmachine.cn\/wp-content\/uploads\/2024\/07\/lishg-Company-Environment-5.jpg\" alt=\"\" width=\"774\" height=\"500\" title=\"\" srcset=\"https:\/\/www.lishgmachine.com\/wp-content\/uploads\/2024\/07\/lishg-Company-Environment-5.jpg 774w, https:\/\/www.lishgmachine.com\/wp-content\/uploads\/2024\/07\/lishg-Company-Environment-5-300x194.jpg 300w, https:\/\/www.lishgmachine.com\/wp-content\/uploads\/2024\/07\/lishg-Company-Environment-5-768x496.jpg 768w\" sizes=\"(max-width: 774px) 100vw, 774px\" \/><\/td>\n<td style=\"width: 49.5119%;\"><img loading=\"lazy\" decoding=\"async\" class=\"alignnone size-full wp-image-4792\" src=\"http:\/\/www.lishgmachine.cn\/wp-content\/uploads\/2024\/07\/lishg-Company-Environment-6.jpg\" alt=\"\" width=\"774\" height=\"500\" title=\"\" srcset=\"https:\/\/www.lishgmachine.com\/wp-content\/uploads\/2024\/07\/lishg-Company-Environment-6.jpg 774w, https:\/\/www.lishgmachine.com\/wp-content\/uploads\/2024\/07\/lishg-Company-Environment-6-300x194.jpg 300w, https:\/\/www.lishgmachine.com\/wp-content\/uploads\/2024\/07\/lishg-Company-Environment-6-768x496.jpg 768w\" sizes=\"(max-width: 774px) 100vw, 774px\" \/><\/td>\n<\/tr>\n<\/tbody>\n<\/table>\n<p>&nbsp;<\/p>\n<\/div>","protected":false},"featured_media":5894,"template":"","product_category":[11,615],"class_list":["post-4814","product","type-product","status-publish","has-post-thumbnail","hentry","product_category-ci-flexo-printing-machine","product_category-ytc-series"],"acf":[],"_links":{"self":[{"href":"https:\/\/www.lishgmachine.com\/es\/wp-json\/wp\/v2\/product\/4814"}],"collection":[{"href":"https:\/\/www.lishgmachine.com\/es\/wp-json\/wp\/v2\/product"}],"about":[{"href":"https:\/\/www.lishgmachine.com\/es\/wp-json\/wp\/v2\/types\/product"}],"wp:featuredmedia":[{"embeddable":true,"href":"https:\/\/www.lishgmachine.com\/es\/wp-json\/wp\/v2\/media\/5894"}],"wp:attachment":[{"href":"https:\/\/www.lishgmachine.com\/es\/wp-json\/wp\/v2\/media?parent=4814"}],"wp:term":[{"taxonomy":"product_category","embeddable":true,"href":"https:\/\/www.lishgmachine.com\/es\/wp-json\/wp\/v2\/product_category?post=4814"}],"curies":[{"name":"wp","href":"https:\/\/api.w.org\/{rel}","templated":true}]}}