{"id":4847,"date":"2024-07-17T14:15:46","date_gmt":"2024-07-17T06:15:46","guid":{"rendered":"http:\/\/www.lishgmachine.cn\/product\/central-drum-flexo-printing-machine-for-thermal-paper-pritning-copy\/"},"modified":"2026-03-04T16:17:27","modified_gmt":"2026-03-04T08:17:27","slug":"6-color-ci-printing-machine-for-paper-bag-copy-paper","status":"publish","type":"product","link":"https:\/\/www.lishgmachine.com\/es\/product\/6-color-ci-printing-machine-for-paper-bag-copy-paper","title":{"rendered":"Impresora CI de 6 colores para papel de copia de bolsas de papel"},"content":{"rendered":"<p><strong>Par\u00e1metro principal:<\/strong><\/p>\n<div>\n<table border=\"1\">\n<tbody>\n<tr>\n<td colspan=\"2\">Especificaci\u00f3n t\u00e9cnica<\/td>\n<\/tr>\n<tr>\n<td>Modelo<\/td>\n<td>YTC<\/td>\n<\/tr>\n<tr>\n<td>Ancho de alimentaci\u00f3n de material<\/td>\n<td>600 mm 800 mm 1000 mm 1200 mm<\/td>\n<\/tr>\n<tr>\n<td>Ancho m\u00e1ximo de impresi\u00f3n<\/td>\n<td>560 mm 760 mm 960 mm 1160 mm<\/td>\n<\/tr>\n<tr>\n<td>Bandera<\/td>\n<td>4 6 8 colores<\/td>\n<\/tr>\n<tr>\n<td>Material<\/td>\n<td>Pel\u00edcula<\/td>\n<\/tr>\n<tr>\n<td>Grosor de la placa<\/td>\n<td>1,14 mm, 1,7 mm, 2,28 mm, 2,84 mm.\u00a03,94 mm<\/p>\n<p>Personalizado est\u00e1 disponible<\/td>\n<\/tr>\n<tr>\n<td>Longitud de impresi\u00f3n<\/td>\n<td>El est\u00e1ndar es 400 mm.<\/p>\n<p>Personalizado est\u00e1 disponible desde 300-1000 mm<\/td>\n<\/tr>\n<tr>\n<td>Velocidad m\u00e1xima de la m\u00e1quina<\/td>\n<td>150 m\/min<\/td>\n<\/tr>\n<tr>\n<td>Velocidad de impresi\u00f3n<\/td>\n<td>120 m\/min<\/td>\n<\/tr>\n<tr>\n<td>Precisi\u00f3n de registro<\/td>\n<td>registro longitudinal \u00b1 0,2 mm<\/p>\n<p>Registro transversal\u00b10,2 mm<\/td>\n<\/tr>\n<tr>\n<td>Tipo de estructura<\/td>\n<td>Impresi\u00f3n central (tambor central)<\/td>\n<\/tr>\n<tr>\n<td>M\u00f3dulo de engranajes<\/td>\n<td>1,5 mm<\/td>\n<\/tr>\n<tr>\n<td>M\u00e9todo de calentamiento<\/td>\n<td>Calefacci\u00f3n el\u00e9ctrica<\/td>\n<\/tr>\n<tr>\n<td>M\u00e1x. temperatura del horno<\/td>\n<td>M\u00e1x. 80 \u2103 (temperatura ambiente 20 \u2103)<\/td>\n<\/tr>\n<tr>\n<td>Desbobinador\/rebobinador de papel<\/td>\n<td>n\u00facleo 3\uff02<\/td>\n<\/tr>\n<tr>\n<td>Di\u00e1metro m\u00e1ximo del desenrollador\/rebobinador.<\/td>\n<td>1200 mm<\/td>\n<\/tr>\n<tr>\n<td>Tinta adecuada<\/td>\n<td>Tinta a base de agua\/tinta solvente<\/td>\n<\/tr>\n<\/tbody>\n<\/table>\n<\/div>\n<p><strong>Caracter\u00edsticas:<\/strong><\/p>\n<p>1.M\u00e1quina de impresi\u00f3n central de tipo impresi\u00f3n con mejor registro de color. Gracias al tambor grande, el material impreso se apoya en el tambor grande, lo que mejora enormemente el registro del color, especialmente con materiales extensibles.<\/p>\n<p>2. Estaci\u00f3n de impresi\u00f3n de todos los colores impulsada por el tambor central. Menos errores de transmisi\u00f3n debido a una menor transmisi\u00f3n de engranajes, aumenta la precisi\u00f3n del registro.<\/p>\n<p>3. Adoptar un motor de alta calidad, un inversor de alta calidad, ahorrar electricidad y reducir la fluctuaci\u00f3n de funcionamiento.<\/p>\n<p>4.La m\u00e1quina est\u00e1 equipada con soplador y calentador; y el calentador empleaba un sistema de control de temperatura central, un controlador de temperatura autom\u00e1tico y una fuente de calor separada.<\/p>\n<p>5.El uso de un horno de secado individual y un sistema de viento fr\u00edo puede prevenir eficazmente la adhesi\u00f3n de la tinta despu\u00e9s de la impresi\u00f3n.<\/p>\n<p>6.El rodillo adopta un procesamiento de acero especial y, mediante un tratamiento especial, reduce en gran medida el rango de batido.<\/p>\n<p>7.El rodillo de impresi\u00f3n utiliza equilibrio est\u00e1tico y procesamiento de equilibrio din\u00e1mico, tratamiento de oxidaci\u00f3n de \u00e1nodo duro, peque\u00f1a resistencia, golpe peque\u00f1o, logra finalmente un efecto de impresi\u00f3n perfecto.<\/p>\n<p>8.Efecto de impresi\u00f3n preciso logrado mediante un dispositivo de transmisi\u00f3n de engranajes especial.<\/p>\n<p>9.Todas las m\u00e1quinas de impresi\u00f3n pueden elegir configuraciones avanzadas para lograr la alta calidad y el efecto de alta definici\u00f3n.<\/p>\n<p><strong>Papel:<\/strong><\/p>\n<p><img decoding=\"async\" src=\"https:\/\/lishg.com\/Tools\/kindeditor\/attached\/image\/20230504\/20230504135554_9565.jpg\" alt=\"\" title=\"\">\u00a0<img decoding=\"async\" src=\"https:\/\/lishg.com\/Tools\/kindeditor\/attached\/image\/20230504\/20230504135602_8316.jpg\" alt=\"\" title=\"\"><\/p>\n<p><strong>Pel\u00edcula:<\/strong><\/p>\n<p><img decoding=\"async\" src=\"https:\/\/lishg.com\/Tools\/kindeditor\/attached\/image\/20230504\/20230504135742_0972.jpg\" alt=\"\" title=\"\">\u00a0<img decoding=\"async\" src=\"https:\/\/lishg.com\/Tools\/kindeditor\/attached\/image\/20230504\/20230504135619_5659.jpg\" alt=\"\" title=\"\"><\/p>","protected":false},"featured_media":5332,"template":"","product_category":[614,11],"class_list":["post-4847","product","type-product","status-publish","has-post-thumbnail","hentry","product_category-ytd-series","product_category-ci-flexo-printing-machine"],"acf":[],"_links":{"self":[{"href":"https:\/\/www.lishgmachine.com\/es\/wp-json\/wp\/v2\/product\/4847"}],"collection":[{"href":"https:\/\/www.lishgmachine.com\/es\/wp-json\/wp\/v2\/product"}],"about":[{"href":"https:\/\/www.lishgmachine.com\/es\/wp-json\/wp\/v2\/types\/product"}],"wp:featuredmedia":[{"embeddable":true,"href":"https:\/\/www.lishgmachine.com\/es\/wp-json\/wp\/v2\/media\/5332"}],"wp:attachment":[{"href":"https:\/\/www.lishgmachine.com\/es\/wp-json\/wp\/v2\/media?parent=4847"}],"wp:term":[{"taxonomy":"product_category","embeddable":true,"href":"https:\/\/www.lishgmachine.com\/es\/wp-json\/wp\/v2\/product_category?post=4847"}],"curies":[{"name":"wp","href":"https:\/\/api.w.org\/{rel}","templated":true}]}}