{"id":4889,"date":"2024-07-17T16:23:13","date_gmt":"2024-07-17T08:23:13","guid":{"rendered":"http:\/\/www.lishgmachine.cn\/product\/6-8-color-stack-flexographic-printing-machine-for-opp-pe-film-plastic-bag-copy\/"},"modified":"2026-03-04T16:22:38","modified_gmt":"2026-03-04T08:22:38","slug":"4-color-stack-printing-press-for-food-packaging-non-woven-bag","status":"publish","type":"product","link":"https:\/\/www.lishgmachine.com\/es\/product\/4-color-stack-printing-press-for-food-packaging-non-woven-bag","title":{"rendered":"Prensa de pila de 4 colores para bolsas no tejidas de acondicionamiento de alimentos"},"content":{"rendered":"<h5><strong>Par\u00e1metro principal:<\/strong><\/h5>\n<table style=\"width: 100%;\" border=\"0\" width=\"100%\" cellspacing=\"0\" cellpadding=\"0\">\n<tbody>\n<tr>\n<td width=\"332\" height=\"18\">Modelo<\/td>\n<td width=\"492\">YOUTUBE<\/td>\n<\/tr>\n<tr>\n<td height=\"18\">Tipo<\/td>\n<td>Pila<\/td>\n<\/tr>\n<tr>\n<td height=\"18\">Ancho de m\u00e1quina est\u00e1ndar<\/td>\n<td>600 mm 800 mm 1000 mm 1200 mm<\/td>\n<\/tr>\n<tr>\n<td height=\"18\">Ancho de alimentaci\u00f3n de material<\/td>\n<td>200-1600 mm, tambi\u00e9n se puede personalizar para material de mayor ancho<\/td>\n<\/tr>\n<tr>\n<td height=\"18\">Ancho de impresi\u00f3n<\/td>\n<td>160-1560 mm, tambi\u00e9n se puede personalizar para material de mayor ancho<\/td>\n<\/tr>\n<tr>\n<td height=\"18\">Longitud de impresi\u00f3n<\/td>\n<td>El est\u00e1ndar es de 400 mm, se puede personalizar de 300 a 1000 mm<\/td>\n<\/tr>\n<tr>\n<td height=\"18\">Velocidad m\u00e1xima de la m\u00e1quina<\/td>\n<td>100 m\/min<\/td>\n<\/tr>\n<tr>\n<td height=\"36\">Velocidad de impresi\u00f3n<\/td>\n<td width=\"492\">10-80 m\/min<br \/>\nLa cuchilla doctora de la c\u00e1mara equipada puede alcanzar los 100 m\/min.<\/td>\n<\/tr>\n<tr>\n<td height=\"18\">Precisi\u00f3n de registro<\/td>\n<td>\u22640,3 mm<\/td>\n<\/tr>\n<tr>\n<td height=\"18\">Grosor de la placa<\/td>\n<td>1,14 mm 1,7 mm 2,28 mm 2,84 mm 3,94 mm se puede personalizar<\/td>\n<\/tr>\n<tr>\n<td height=\"18\">Engranaje<\/td>\n<td>1,5 mm<\/td>\n<\/tr>\n<tr>\n<td height=\"18\">Transmisi\u00f3n<\/td>\n<td>Cintur\u00f3n sincr\u00f3nico<\/td>\n<\/tr>\n<tr>\n<td height=\"18\">Calefacci\u00f3n<\/td>\n<td>Electricidad Calefacci\u00f3n<\/td>\n<\/tr>\n<tr>\n<td height=\"18\">Doble espesor de cinta para placa adhesiva.<\/td>\n<td>0,38 mm 0,5 mm se pueden personalizar<\/td>\n<\/tr>\n<\/tbody>\n<\/table>\n<p>&nbsp;<\/p>\n<h5>Secciones de impresi\u00f3n:<\/h5>\n<p>1. Circunferencia del rodillo de la placa: 300-1000 mm, est\u00e1ndar menos de 400 mm<\/p>\n<p>2.\u00a0material de impresi\u00f3n: placa de resina o placa de goma<\/p>\n<p>3.\u00a0Transmisi\u00f3n entre rodillo de impresi\u00f3n y rodillo anilox: Engranajes helicoidales<\/p>\n<p>4.\u00a0cromatograf\u00eda de impresi\u00f3n: rotaci\u00f3n de 360 \u200b\u200bgrados<\/p>\n<p>5.\u00a0m\u00e9todo de ajuste: Manual (Impresi\u00f3n autom\u00e1tica despu\u00e9s del ajuste manual, cuando se inicia la m\u00e1quina, no es necesario registrar el color nuevamente, la presi\u00f3n de impresi\u00f3n y el registro se mantienen iguales).<\/p>\n<p>6.\u00a0Sistema de elevaci\u00f3n del rodillo de impresi\u00f3n: neum\u00e1tico<\/p>\n<p>&nbsp;<\/p>\n<h5>Muestra de impresi\u00f3n:<\/h5>\n<p><strong>Papel<\/strong><\/p>\n<p><img loading=\"lazy\" decoding=\"async\" class=\"alignnone size-full wp-image-4893\" src=\"http:\/\/www.lishgmachine.cn\/wp-content\/uploads\/2024\/07\/Paper-2-1.jpg\" alt=\"\" width=\"400\" height=\"300\" title=\"\" srcset=\"https:\/\/www.lishgmachine.com\/wp-content\/uploads\/2024\/07\/Paper-2-1.jpg 400w, https:\/\/www.lishgmachine.com\/wp-content\/uploads\/2024\/07\/Paper-2-1-300x225.jpg 300w\" sizes=\"(max-width: 400px) 100vw, 400px\" \/><\/p>\n<p><strong>Pel\u00edcula<\/strong><\/p>\n<p><img loading=\"lazy\" decoding=\"async\" class=\"alignnone size-full wp-image-4867\" src=\"http:\/\/www.lishgmachine.cn\/wp-content\/uploads\/2024\/07\/Printing-sample-11.jpg\" alt=\"\" width=\"400\" height=\"400\" title=\"\" srcset=\"https:\/\/www.lishgmachine.com\/wp-content\/uploads\/2024\/07\/Printing-sample-11.jpg 400w, https:\/\/www.lishgmachine.com\/wp-content\/uploads\/2024\/07\/Printing-sample-11-300x300.jpg 300w, https:\/\/www.lishgmachine.com\/wp-content\/uploads\/2024\/07\/Printing-sample-11-150x150.jpg 150w\" sizes=\"(max-width: 400px) 100vw, 400px\" \/><\/p>\n<p>&nbsp;<\/p>\n<h5><strong>Nuestro Servicio<\/strong><\/h5>\n<table style=\"width: 100%;\" border=\"0\" cellspacing=\"0\" cellpadding=\"0\">\n<tbody>\n<tr>\n<td style=\"width: 49.8274%;\" width=\"433\" height=\"100\"><img loading=\"lazy\" decoding=\"async\" class=\"alignnone size-full wp-image-4779\" src=\"http:\/\/www.lishgmachine.cn\/wp-content\/uploads\/2024\/07\/Pre-Sales-One-stop-Service.jpg\" alt=\"\" width=\"774\" height=\"450\" title=\"\" srcset=\"https:\/\/www.lishgmachine.com\/wp-content\/uploads\/2024\/07\/Pre-Sales-One-stop-Service.jpg 774w, https:\/\/www.lishgmachine.com\/wp-content\/uploads\/2024\/07\/Pre-Sales-One-stop-Service-300x174.jpg 300w, https:\/\/www.lishgmachine.com\/wp-content\/uploads\/2024\/07\/Pre-Sales-One-stop-Service-768x447.jpg 768w\" sizes=\"(max-width: 774px) 100vw, 774px\" \/><\/td>\n<td style=\"width: 49.8274%;\" width=\"433\"><img loading=\"lazy\" decoding=\"async\" class=\"alignnone size-full wp-image-4780\" src=\"http:\/\/www.lishgmachine.cn\/wp-content\/uploads\/2024\/07\/After-Sales-Service.jpg\" alt=\"\" width=\"774\" height=\"450\" title=\"\" srcset=\"https:\/\/www.lishgmachine.com\/wp-content\/uploads\/2024\/07\/After-Sales-Service.jpg 774w, https:\/\/www.lishgmachine.com\/wp-content\/uploads\/2024\/07\/After-Sales-Service-300x174.jpg 300w, https:\/\/www.lishgmachine.com\/wp-content\/uploads\/2024\/07\/After-Sales-Service-768x447.jpg 768w\" sizes=\"(max-width: 774px) 100vw, 774px\" \/><\/td>\n<\/tr>\n<tr>\n<td style=\"width: 49.8274%;\" width=\"433\" height=\"197\"><strong>Servicio integral de preventa<\/strong><br \/>\n* Soporte de consultas y consultor\u00eda.<br \/>\n* \u00daltimas tendencias de la industria.<br \/>\n* Soluci\u00f3n de impresi\u00f3n m\u00e1s adecuada<br \/>\n* Soporte para pruebas de muestra<br \/>\n* Ver nuestra f\u00e1brica<br \/>\n* Sugerir soporte de dise\u00f1o<\/td>\n<td style=\"width: 49.8274%;\" width=\"433\"><strong>Servicio postventa<\/strong><br \/>\n* Un a\u00f1o de garant\u00eda<br \/>\n* V\u00eddeo de prueba de la m\u00e1quina antes de la entrega.<br \/>\n* Manual en ingl\u00e9s, diagrama el\u00e9ctrico.<br \/>\n* Capacitaci\u00f3n sobre c\u00f3mo instalar la m\u00e1quina,<br \/>\n* formaci\u00f3n sobre c\u00f3mo utilizar la m\u00e1quina<br \/>\n* Ingenieros disponibles para dar servicio a maquinaria en el extranjero.<\/td>\n<\/tr>\n<\/tbody>\n<\/table>\n<p>&nbsp;<\/p>\n<h5><strong>Las fotos de nuestra empresa le permiten conocer mi empresa.<\/strong><\/h5>\n<div class=\"table-responsive\">\n<table class=\"table\" style=\"width: 100%;\" border=\"0\" align=\"center\">\n<tbody>\n<tr>\n<td style=\"width: 49.5119%;\"><img loading=\"lazy\" decoding=\"async\" class=\"alignnone size-full wp-image-4787\" src=\"http:\/\/www.lishgmachine.cn\/wp-content\/uploads\/2024\/07\/lishg-Company-Environment-1.jpg\" alt=\"\" width=\"774\" height=\"500\" title=\"\" srcset=\"https:\/\/www.lishgmachine.com\/wp-content\/uploads\/2024\/07\/lishg-Company-Environment-1.jpg 774w, https:\/\/www.lishgmachine.com\/wp-content\/uploads\/2024\/07\/lishg-Company-Environment-1-300x194.jpg 300w, https:\/\/www.lishgmachine.com\/wp-content\/uploads\/2024\/07\/lishg-Company-Environment-1-768x496.jpg 768w\" sizes=\"(max-width: 774px) 100vw, 774px\" \/><\/td>\n<td style=\"width: 49.5119%;\"><img loading=\"lazy\" decoding=\"async\" class=\"alignnone size-full wp-image-4788\" src=\"http:\/\/www.lishgmachine.cn\/wp-content\/uploads\/2024\/07\/lishg-Company-Environment-2.jpg\" alt=\"\" width=\"774\" height=\"500\" title=\"\" srcset=\"https:\/\/www.lishgmachine.com\/wp-content\/uploads\/2024\/07\/lishg-Company-Environment-2.jpg 774w, https:\/\/www.lishgmachine.com\/wp-content\/uploads\/2024\/07\/lishg-Company-Environment-2-300x194.jpg 300w, https:\/\/www.lishgmachine.com\/wp-content\/uploads\/2024\/07\/lishg-Company-Environment-2-768x496.jpg 768w\" sizes=\"(max-width: 774px) 100vw, 774px\" \/><\/td>\n<\/tr>\n<tr>\n<td style=\"width: 49.5119%;\"><img loading=\"lazy\" decoding=\"async\" class=\"alignnone size-full wp-image-4789\" src=\"http:\/\/www.lishgmachine.cn\/wp-content\/uploads\/2024\/07\/lishg-Company-Environment-3.jpg\" alt=\"\" width=\"774\" height=\"500\" title=\"\" srcset=\"https:\/\/www.lishgmachine.com\/wp-content\/uploads\/2024\/07\/lishg-Company-Environment-3.jpg 774w, https:\/\/www.lishgmachine.com\/wp-content\/uploads\/2024\/07\/lishg-Company-Environment-3-300x194.jpg 300w, https:\/\/www.lishgmachine.com\/wp-content\/uploads\/2024\/07\/lishg-Company-Environment-3-768x496.jpg 768w\" sizes=\"(max-width: 774px) 100vw, 774px\" \/><\/td>\n<td style=\"width: 49.5119%;\"><img loading=\"lazy\" decoding=\"async\" class=\"alignnone size-full wp-image-4790\" src=\"http:\/\/www.lishgmachine.cn\/wp-content\/uploads\/2024\/07\/lishg-Company-Environment-4.jpg\" alt=\"\" width=\"774\" height=\"500\" title=\"\" srcset=\"https:\/\/www.lishgmachine.com\/wp-content\/uploads\/2024\/07\/lishg-Company-Environment-4.jpg 774w, https:\/\/www.lishgmachine.com\/wp-content\/uploads\/2024\/07\/lishg-Company-Environment-4-300x194.jpg 300w, https:\/\/www.lishgmachine.com\/wp-content\/uploads\/2024\/07\/lishg-Company-Environment-4-768x496.jpg 768w\" sizes=\"(max-width: 774px) 100vw, 774px\" \/><\/td>\n<\/tr>\n<tr>\n<td style=\"width: 49.5119%;\"><img loading=\"lazy\" decoding=\"async\" class=\"alignnone size-full wp-image-4791\" src=\"http:\/\/www.lishgmachine.cn\/wp-content\/uploads\/2024\/07\/lishg-Company-Environment-5.jpg\" alt=\"\" width=\"774\" height=\"500\" title=\"\" srcset=\"https:\/\/www.lishgmachine.com\/wp-content\/uploads\/2024\/07\/lishg-Company-Environment-5.jpg 774w, https:\/\/www.lishgmachine.com\/wp-content\/uploads\/2024\/07\/lishg-Company-Environment-5-300x194.jpg 300w, https:\/\/www.lishgmachine.com\/wp-content\/uploads\/2024\/07\/lishg-Company-Environment-5-768x496.jpg 768w\" sizes=\"(max-width: 774px) 100vw, 774px\" \/><\/td>\n<td style=\"width: 49.5119%;\"><img loading=\"lazy\" decoding=\"async\" class=\"alignnone size-full wp-image-4792\" src=\"http:\/\/www.lishgmachine.cn\/wp-content\/uploads\/2024\/07\/lishg-Company-Environment-6.jpg\" alt=\"\" width=\"774\" height=\"500\" title=\"\" srcset=\"https:\/\/www.lishgmachine.com\/wp-content\/uploads\/2024\/07\/lishg-Company-Environment-6.jpg 774w, https:\/\/www.lishgmachine.com\/wp-content\/uploads\/2024\/07\/lishg-Company-Environment-6-300x194.jpg 300w, https:\/\/www.lishgmachine.com\/wp-content\/uploads\/2024\/07\/lishg-Company-Environment-6-768x496.jpg 768w\" sizes=\"(max-width: 774px) 100vw, 774px\" \/><\/td>\n<\/tr>\n<\/tbody>\n<\/table>\n<p>&nbsp;<\/p>\n<\/div>","protected":false},"featured_media":5339,"template":"","product_category":[613,13],"class_list":["post-4889","product","type-product","status-publish","has-post-thumbnail","hentry","product_category-ytb-series","product_category-stack-flexo-printing-machine"],"acf":[],"_links":{"self":[{"href":"https:\/\/www.lishgmachine.com\/es\/wp-json\/wp\/v2\/product\/4889"}],"collection":[{"href":"https:\/\/www.lishgmachine.com\/es\/wp-json\/wp\/v2\/product"}],"about":[{"href":"https:\/\/www.lishgmachine.com\/es\/wp-json\/wp\/v2\/types\/product"}],"wp:featuredmedia":[{"embeddable":true,"href":"https:\/\/www.lishgmachine.com\/es\/wp-json\/wp\/v2\/media\/5339"}],"wp:attachment":[{"href":"https:\/\/www.lishgmachine.com\/es\/wp-json\/wp\/v2\/media?parent=4889"}],"wp:term":[{"taxonomy":"product_category","embeddable":true,"href":"https:\/\/www.lishgmachine.com\/es\/wp-json\/wp\/v2\/product_category?post=4889"}],"curies":[{"name":"wp","href":"https:\/\/api.w.org\/{rel}","templated":true}]}}