{"id":5752,"date":"2025-08-25T15:08:00","date_gmt":"2025-08-25T07:08:00","guid":{"rendered":"https:\/\/www.lishgmachine.com\/product\/4-colors-full-servo-gearless-flexographic-printing-machine-copy"},"modified":"2026-03-03T15:33:13","modified_gmt":"2026-03-03T07:33:13","slug":"honor-servo-stack-flexo-printing-machine","status":"publish","type":"product","link":"https:\/\/www.lishgmachine.com\/es\/product\/honor-servo-stack-flexo-printing-machine","title":{"rendered":"Impresora flexogr\u00e1fica Honor Servo Stack"},"content":{"rendered":"<p><strong>Componentes principales de la m\u00e1quina:<\/strong><\/p>\n<p>1. servomotor de accionamiento<\/p>\n<p>2.Servomotor de la unidad de impresi\u00f3n<\/p>\n<p>3. Servomotor activo de desenrollado + rebobinado<\/p>\n<p>4.servomotor de tracci\u00f3n<\/p>\n<p>5. rasqueta de c\u00e1mara<\/p>\n<p>6. Sistema de control PLC<\/p>\n<p>7. sistema de monitoreo est\u00e1tico de inspecci\u00f3n por video<\/p>\n<p>8. sistema de circulaci\u00f3n de tinta<\/p>\n<p>&nbsp;<\/p>\n<table style=\"width: 100%;\">\n<tbody>\n<tr style=\"height: 56px;\">\n<td style=\"width: 33.0275%; height: 56px; text-align: center;\" width=\"237\"><strong>Materia prima<\/strong><\/td>\n<td style=\"width: 65.4434%; height: 56px;\" colspan=\"2\" width=\"474\">\n<p style=\"text-align: center;\"><strong>Espesor<\/strong><\/p>\n<\/td>\n<\/tr>\n<tr style=\"height: 56px;\">\n<td style=\"width: 33.0275%; height: 56px; text-align: center;\" width=\"237\">PEBD<\/td>\n<td style=\"width: 32.7217%; height: 56px; text-align: center;\" width=\"237\">50 micras<\/td>\n<td style=\"width: 32.7217%; height: 56px; text-align: center;\" width=\"237\">250 micras<\/td>\n<\/tr>\n<tr style=\"height: 56px;\">\n<td style=\"width: 33.0275%; height: 56px; text-align: center;\">PEAD<\/td>\n<td style=\"width: 32.7217%; height: 56px; text-align: center;\">50 micras<\/td>\n<td style=\"width: 32.7217%; height: 56px; text-align: center;\">150 \u00b5m<\/td>\n<\/tr>\n<tr style=\"height: 56px;\">\n<td style=\"width: 33.0275%; height: 56px; text-align: center;\">MASCOTA<\/td>\n<td style=\"width: 32.7217%; height: 56px; text-align: center;\">50 micras<\/td>\n<td style=\"width: 32.7217%; height: 56px; text-align: center;\">75 micras<\/td>\n<\/tr>\n<tr style=\"height: 56px;\">\n<td style=\"width: 33.0275%; height: 56px; text-align: center;\">P\u00c1GINAS<\/td>\n<td style=\"width: 32.7217%; height: 56px; text-align: center;\">50 \u00b5m<\/td>\n<td style=\"width: 32.7217%; height: 56px; text-align: center;\">245 micras<\/td>\n<\/tr>\n<tr style=\"height: 56px;\">\n<td style=\"width: 33.0275%; height: 56px; text-align: center;\">Papel<\/td>\n<td style=\"width: 32.7217%; height: 56px; text-align: center;\">40\u00a0g\/m2<\/td>\n<td style=\"width: 32.7217%; height: 56px; text-align: center;\">95 g\/m2<\/td>\n<\/tr>\n<tr style=\"height: 104px;\">\n<td style=\"width: 98.4709%; height: 104px;\" colspan=\"3\" width=\"712\">(Dependiendo del tipo de materia prima y el rango de tensi\u00f3n de la banda mencionado anteriormente) Tecnolog\u00eda de impresi\u00f3n: La impresi\u00f3n se realiza utilizando tintas a base de agua y solubles en alcohol, respetuosas con el medio ambiente y placas de resina fotosensibles.<\/td>\n<\/tr>\n<\/tbody>\n<\/table>\n<p><strong>Especificaci\u00f3n t\u00e9cnica:<\/strong><\/p>\n<table style=\"width: 100%;\">\n<tbody>\n<tr>\n<td style=\"text-align: center;\" width=\"42.5400%\"><strong>Modelo<\/strong><\/td>\n<td style=\"text-align: center;\" width=\"57.4400%\"><strong>Serie de honor<\/strong><\/td>\n<\/tr>\n<tr>\n<td style=\"text-align: center;\" width=\"42.5400%\"><strong>Ancho de alimentaci\u00f3n de material<\/strong><\/td>\n<td style=\"text-align: center;\" width=\"57.4400%\">1200 mm<\/td>\n<\/tr>\n<tr>\n<td style=\"text-align: center;\" width=\"42.5400%\"><strong>Ancho m\u00e1ximo de impresi\u00f3n<\/strong><\/td>\n<td style=\"text-align: center;\" width=\"57.4400%\">1160 mm<\/td>\n<\/tr>\n<tr>\n<td style=\"text-align: center;\" width=\"42.5400%\"><strong>Bandera<\/strong><\/td>\n<td style=\"text-align: center;\" width=\"57.4400%\">6 colores<\/td>\n<\/tr>\n<tr>\n<td style=\"text-align: center;\" width=\"42.5400%\"><strong>Material<\/strong><\/td>\n<td style=\"text-align: center;\" width=\"57.4400%\"><span class=\"tag\">educaci\u00f3n f\u00edsica<\/span>\u00a0<span class=\"tag\">MASCOTA<\/span>\u00a0<span class=\"tag\">BOPP<\/span>\u00a0<span class=\"tag\">CLORURO DE POLIVINILO<\/span><\/td>\n<\/tr>\n<tr>\n<td style=\"text-align: center;\" width=\"42.5400%\"><strong>Grosor de la placa<\/strong><\/td>\n<td style=\"text-align: center;\" width=\"57.4400%\">1,14 mm, 1,7 mm, 2,28 mm, 2,84 mm.\u00a03,94 mm<\/p>\n<p>Personalizado est\u00e1 disponible<\/td>\n<\/tr>\n<tr>\n<td style=\"text-align: center;\" width=\"42.5400%\"><strong>Longitud de impresi\u00f3n<\/strong><\/td>\n<td style=\"text-align: center;\" width=\"57.4400%\">El est\u00e1ndar es de 400 mm, personalizado est\u00e1 disponible de 300 a 1000 mm<\/td>\n<\/tr>\n<tr>\n<td style=\"text-align: center;\" width=\"42.5400%\"><strong>Velocidad m\u00e1xima de la m\u00e1quina<\/strong><\/td>\n<td style=\"text-align: center;\" width=\"57.4400%\">220 m\/min<\/td>\n<\/tr>\n<tr>\n<td style=\"text-align: center;\" width=\"42.5400%\"><strong>Velocidad m\u00e1xima de impresi\u00f3n<\/strong><\/td>\n<td style=\"text-align: center;\" width=\"57.4400%\">200 m\/min (depende del grosor del material y del patr\u00f3n de impresi\u00f3n)<\/td>\n<\/tr>\n<tr>\n<td style=\"text-align: center;\" width=\"42.5400%\"><strong>Precisi\u00f3n de registro<\/strong><\/td>\n<td style=\"text-align: center;\" width=\"57.4400%\">\u00b10,2 mm<\/td>\n<\/tr>\n<tr>\n<td style=\"text-align: center;\" width=\"42.5400%\"><strong>M\u00e9todo de calentamiento<\/strong><\/td>\n<td style=\"text-align: center;\" width=\"57.4400%\">Calefacci\u00f3n el\u00e9ctrica<\/td>\n<\/tr>\n<tr>\n<td style=\"text-align: center;\" width=\"42.5400%\"><strong>M\u00e1x.\u00a0di\u00e1metro de desenrollado<\/strong><\/td>\n<td style=\"text-align: center;\" width=\"57.4400%\">800 mm<\/td>\n<\/tr>\n<tr>\n<td style=\"text-align: center;\" width=\"42.5400%\"><strong>M\u00e1x.\u00a0di\u00e1metro de rebobinado<\/strong><\/td>\n<td style=\"text-align: center;\" width=\"57.4400%\">800 mm<\/td>\n<\/tr>\n<\/tbody>\n<\/table>\n<p>&nbsp;<\/p>\n<table style=\"width: 100%; border-collapse: collapse;\">\n<tbody>\n<tr>\n<td style=\"text-align: center; width: 99.8998%;\" colspan=\"2\"><strong>Parte 1 Unidad de desenrollado y rebobinado<\/strong><\/td>\n<\/tr>\n<tr>\n<td style=\"width: 50%; text-align: center;\"><img loading=\"lazy\" decoding=\"async\" class=\"aligncenter size-full wp-image-5756\" title=\"imagen10\" src=\"https:\/\/www.lishgmachine.com\/wp-content\/uploads\/2025\/08\/image10-1.png\" alt=\"imagen10\" width=\"400\" height=\"227\" srcset=\"https:\/\/www.lishgmachine.com\/wp-content\/uploads\/2025\/08\/image10-1.png 400w, https:\/\/www.lishgmachine.com\/wp-content\/uploads\/2025\/08\/image10-1-300x170.png 300w\" sizes=\"(max-width: 400px) 100vw, 400px\" \/><\/td>\n<td style=\"width: 50%; text-align: center;\"><img loading=\"lazy\" decoding=\"async\" title=\"imagen11\" src=\"https:\/\/www.lishgmachine.com\/wp-content\/uploads\/2025\/08\/image11.png\" alt=\"imagen11\" width=\"400\" height=\"227\" \/><\/td>\n<\/tr>\n<tr>\n<td style=\"width: 99.8998%;\" colspan=\"2\">1.Esta m\u00e1quina adopta rebobinado y desenrollado activo, controlado por servomotores. La rebobinadora cuenta con un dise\u00f1o de rodillo de presi\u00f3n tipo gu\u00eda para una recolecci\u00f3n de material m\u00e1s suave. Combinado con un sistema de detecci\u00f3n del di\u00e1metro del rollo, este sistema proporciona mayor precisi\u00f3n y estabilidad, al mismo tiempo que minimiza el estiramiento del material durante el proceso de impresi\u00f3n, lo que garantiza altos \u00edndices de rendimiento.<\/p>\n<p>2.Control de tensi\u00f3n: Utiliza control de brazo oscilante servo (detecci\u00f3n de posici\u00f3n del cilindro de baja fricci\u00f3n y control de v\u00e1lvula reguladora de presi\u00f3n de precisi\u00f3n). Las alarmas y apagados autom\u00e1ticos se activan cuando el di\u00e1metro del rollo alcanza el valor establecido.<\/p>\n<p>3.El eje neum\u00e1tico tiene un di\u00e1metro exterior de carga de 3 pulgadas y est\u00e1 sujeto mediante un sistema de desacoplamiento de cilindro de dos cabezales.<\/p>\n<p>4. Se instala un sistema autom\u00e1tico de correcci\u00f3n de proceso de doble rodillo antes de imprimir, con traducci\u00f3n ajustable hacia la izquierda y hacia la derecha.<\/td>\n<\/tr>\n<\/tbody>\n<\/table>\n<p>&nbsp;<\/p>\n<table style=\"border-collapse: collapse; width: 100%;\">\n<tbody>\n<tr>\n<td style=\"width: 99.8471%; text-align: center;\" colspan=\"2\"><strong><b>Parte 2 \u00a0Unidad de impresi\u00f3n<\/b><\/strong><\/td>\n<\/tr>\n<tr>\n<td style=\"width: 49.8471%; text-align: center;\"><img loading=\"lazy\" decoding=\"async\" class=\"aligncenter size-full wp-image-5758\" title=\"imagen13\" src=\"https:\/\/www.lishgmachine.com\/wp-content\/uploads\/2025\/08\/image13.png\" alt=\"imagen13\" width=\"400\" height=\"227\" srcset=\"https:\/\/www.lishgmachine.com\/wp-content\/uploads\/2025\/08\/image13.png 400w, https:\/\/www.lishgmachine.com\/wp-content\/uploads\/2025\/08\/image13-300x170.png 300w\" sizes=\"(max-width: 400px) 100vw, 400px\" \/><\/td>\n<td style=\"width: 50%; text-align: center;\"><img loading=\"lazy\" decoding=\"async\" class=\"aligncenter size-full wp-image-5757\" title=\"imagen12\" src=\"https:\/\/www.lishgmachine.com\/wp-content\/uploads\/2025\/08\/image12.png\" alt=\"imagen12\" width=\"400\" height=\"227\" srcset=\"https:\/\/www.lishgmachine.com\/wp-content\/uploads\/2025\/08\/image12.png 400w, https:\/\/www.lishgmachine.com\/wp-content\/uploads\/2025\/08\/image12-300x170.png 300w\" sizes=\"(max-width: 400px) 100vw, 400px\" \/><\/td>\n<\/tr>\n<tr>\n<td style=\"width: 99.8471%;\" colspan=\"2\">1.Capacidad de impresi\u00f3n a doble cara de ancho completo: admite m\u00faltiples modos de impresi\u00f3n, incluidos 6+0 (una cara), 5+1, 4+2,3+3 (impresi\u00f3n a doble cara).<\/p>\n<p>2.El grupo de impresi\u00f3n adopta un sistema de control de servomotor para lograr r\u00e1pidamente un registro de color de 360 \u200b\u200bgrados.<\/p>\n<p>Esto proporciona un funcionamiento m\u00e1s c\u00f3modo y una impresi\u00f3n m\u00e1s estable, eliminando tediosas operaciones manuales.<\/p>\n<p>3.Especificaciones del cilindro: circunferencia de impresi\u00f3n 300-1000 mm.<\/p>\n<p>4. Especificaciones del rodillo anilox de cer\u00e1mica: Rango de pantalla de pantalla 80-1000 LPI.<\/td>\n<\/tr>\n<\/tbody>\n<\/table>\n<h5><\/h5>\n<table style=\"border-collapse: collapse; width: 100%;\">\n<tbody>\n<tr>\n<td style=\"width: 99.8471%; text-align: center;\" colspan=\"2\"><strong><b>Parte 3 \u00a0Unidad de secado<\/b><\/strong><\/td>\n<\/tr>\n<tr>\n<td style=\"width: 49.8471%; text-align: center;\"><img loading=\"lazy\" decoding=\"async\" class=\"aligncenter size-full wp-image-5760\" title=\"imagen15\" src=\"https:\/\/www.lishgmachine.com\/wp-content\/uploads\/2025\/08\/image15.png\" alt=\"imagen15\" width=\"400\" height=\"227\" srcset=\"https:\/\/www.lishgmachine.com\/wp-content\/uploads\/2025\/08\/image15.png 400w, https:\/\/www.lishgmachine.com\/wp-content\/uploads\/2025\/08\/image15-300x170.png 300w\" sizes=\"(max-width: 400px) 100vw, 400px\" \/><\/td>\n<td style=\"width: 50%; text-align: center;\"><img loading=\"lazy\" decoding=\"async\" class=\"aligncenter size-full wp-image-5759\" title=\"imagen14\" src=\"https:\/\/www.lishgmachine.com\/wp-content\/uploads\/2025\/08\/image14.png\" alt=\"imagen14\" width=\"400\" height=\"227\" srcset=\"https:\/\/www.lishgmachine.com\/wp-content\/uploads\/2025\/08\/image14.png 400w, https:\/\/www.lishgmachine.com\/wp-content\/uploads\/2025\/08\/image14-300x170.png 300w\" sizes=\"(max-width: 400px) 100vw, 400px\" \/><\/td>\n<\/tr>\n<tr>\n<td style=\"width: 99.8471%;\" colspan=\"2\">1.M\u00e9todo de secado: Calefacci\u00f3n el\u00e9ctrica. Temperatura m\u00e1xima del horno: 80\u00b0C (temperatura ambiente: 20\u00b0C).<\/p>\n<p>2.Sistema de secado superior: equipado con un sistema de circulaci\u00f3n de secado con aire de retorno para un secado r\u00e1pido.<\/p>\n<p>3.Sistema de secado: Se instalan m\u00f3dulos de secado entre cada sala de color de la imprenta para mejorar la eficiencia del secado.<\/p>\n<p>4.Aplicable a: Aplicable a todo el horno de secado de la m\u00e1quina y a las unidades de secado entre cada sala de color.<\/td>\n<\/tr>\n<\/tbody>\n<\/table>\n<h5><\/h5>\n<table style=\"width: 100%; border-collapse: collapse;\">\n<tbody>\n<tr style=\"height: 56px;\">\n<td style=\"width: 100%; height: 56px; text-align: center;\" colspan=\"2\"><strong><b>Parte 4\u00a0Sistema de seguimiento de im\u00e1genes est\u00e1ticas<\/b><\/strong><\/td>\n<\/tr>\n<tr style=\"height: 24px;\">\n<td style=\"width: 50%;\"><img loading=\"lazy\" decoding=\"async\" class=\"aligncenter\" title=\"imagen16\" src=\"https:\/\/www.lishgmachine.com\/wp-content\/uploads\/2025\/08\/image16.png\" alt=\"imagen16\" width=\"400\" height=\"227\" \/><\/td>\n<td style=\"width: 50%;\"><img loading=\"lazy\" decoding=\"async\" class=\"aligncenter\" title=\"imagen17\" src=\"https:\/\/www.lishgmachine.com\/wp-content\/uploads\/2025\/08\/image17.png\" alt=\"imagen17\" width=\"400\" height=\"227\" \/><\/td>\n<\/tr>\n<tr style=\"height: 248px;\">\n<td style=\"width: 100%;\" colspan=\"2\">1.El inspector de video del sistema de monitoreo de im\u00e1genes est\u00e1ticas tiene una ampliaci\u00f3n de 3-30 (ampliaci\u00f3n de \u00e1rea), lo que muestra la pantalla completa. El intervalo de captura de im\u00e1genes se determina autom\u00e1ticamente en funci\u00f3n de la se\u00f1al de posici\u00f3n del codificador\/sensor de engranaje PG. La velocidad de patrulla de la c\u00e1mara es de 1,0 m\/min. El rango de patrulla se puede configurar arbitrariamente seg\u00fan el ancho del material impreso, lo que permite el monitoreo de punto fijo o el movimiento alternativo autom\u00e1tico.<\/p>\n<p>2. Todo el sistema est\u00e1 controlado centralmente por un controlador programable PLC Inovance. La interfaz hombre-m\u00e1quina con pantalla t\u00e1ctil de Inovance permite la configuraci\u00f3n\/modificaci\u00f3n de datos, el monitoreo\/registro de par\u00e1metros operativos e incluye ayuda en l\u00ednea, notificaciones de alarma y registro de datos hist\u00f3ricos. El sistema de control de tensi\u00f3n utiliza un control de circuito cerrado con un rodillo flotante ultraligero. El PLC controla la pantalla t\u00e1ctil de la interfaz hombre-m\u00e1quina para una visualizaci\u00f3n y configuraci\u00f3n centralizadas. mantienetensi\u00f3n del sustrato durante el apagado y se detiene autom\u00e1ticamente si se corta el material.<\/td>\n<\/tr>\n<\/tbody>\n<\/table>\n<p>&nbsp;<\/p>\n<p><strong>Equipo auxiliar:<\/strong><\/p>\n<table style=\"width: 100%;\">\n<tbody>\n<tr>\n<td width=\"712\">\u00a0<strong>M\u00e1quina de montaje de placas <\/strong><\/p>\n<p>\u25cf La construcci\u00f3n del bastidor con estructura de tablero despu\u00e9s de un procesamiento integral de alta resistencia tiene una gran estabilidad de trabajo y es duradera en uso.<\/p>\n<p>\u25cf La c\u00e1mara de alta definici\u00f3n en color de 650 l\u00edneas puede alcanzar una relaci\u00f3n de amplificaci\u00f3n de 70 veces, presentar im\u00e1genes claras, poseer una relaci\u00f3n de alta resoluci\u00f3n y mejorar sustancialmente la precisi\u00f3n de la placa.<\/p>\n<p>\u25cf La pantalla de cristal l\u00edquido de alta resoluci\u00f3n de 19 pulgadas proporciona im\u00e1genes claras y brillantes y alivia eficazmente la fatiga visual de los trabajadores operativos.<\/p>\n<p>\u25cf El ancho m\u00e1ximo del equipo est\u00e1 dentro de los 2 m, la longitud longitudinal se controla en aproximadamente 0,7 m, la altura del equipo es inferior a 1,7 m y el accionamiento se encuentra en los dos lados de los paneles de pared del equipo. La operaci\u00f3n, uso, reparaci\u00f3n y mantenimiento son muy convenientes.<\/p>\n<p><span style=\"color: #ff0000;\">Nota: Opcional, seg\u00fan las necesidades del cliente.<\/span><\/p>\n<p>&nbsp;<\/p>\n<p><strong>M\u00e1quina de limpieza ultras\u00f3nica <\/strong><\/p>\n<p>\u25cf Cantidad de vibradores: 36<\/p>\n<p>\u25cf Frecuencia de trabajo del limpiador: 40 KHz<\/p>\n<p>\u25cf Potencia total del calentador el\u00e9ctrico: 3KW<\/p>\n<p>\u25cf Rango de control de temperatura: 30 \u2103 -100 \u2103<\/p>\n<p>\u25cf Fuente de alimentaci\u00f3n ultras\u00f3nica: 25A\/220V<\/p>\n<p>\u25cf Fuente de energ\u00eda de calefacci\u00f3n del tanque de enjuague: 220V 25A<\/p>\n<p><span style=\"color: #ff0000;\">Nota: Opcional, seg\u00fan las necesidades del cliente.<\/span><\/p>\n<p>&nbsp;<\/p>\n<p><strong>Viscosidad de la tinta <\/strong><\/p>\n<p>Sistema de control de viscosidad para un control autom\u00e1tico de la viscosidad de tinta con un tipo de disolvente, con un sistema sensorial de vibraci\u00f3n. Nota: \u00a1El sistema est\u00e1 dise\u00f1ado con una interfaz para conectarse al agua\/solvente fresco suministrado por el Comprador!<\/p>\n<p><span style=\"color: #ff0000;\">Nota: Opcional, seg\u00fan las necesidades del cliente.<\/span><\/p>\n<p>&nbsp;<\/p>\n<p><strong>Sistema de detecci\u00f3n en l\u00ednea de IA <\/strong><\/p>\n<p>\u25cf Detecci\u00f3n y alarma de defectos en tiempo real, identifique varios defectos, defectos de tinta, errores de sobreimpresi\u00f3n, manchas de suciedad y objetos extra\u00f1os, l\u00edneas de texto, c\u00f3digos de barras y defectos de c\u00f3digos QR.<\/p>\n<p>La detecci\u00f3n temprana de defectos reduce los residuos y garantiza una calidad de impresi\u00f3n constante <span style=\"color: #ff0000;\">Nota: Opcional, seg\u00fan las necesidades del cliente.<\/span><\/p>\n<p>&nbsp;<\/p>\n<p><strong>tratador de corona<\/strong><\/p>\n<p>Tratamiento corona adicional en la superficie del material para mejorar la adhesi\u00f3n de la tinta.<\/p>\n<p><span style=\"color: #ff0000;\">Nota: opcional, seg\u00fan lo requiera el cliente<\/span><\/td>\n<\/tr>\n<\/tbody>\n<\/table>\n<p><strong>Despu\u00e9s de las ventas:<\/strong><\/p>\n<table style=\"width: 100%;\">\n<tbody>\n<tr>\n<td width=\"710\"><strong>Entorno de f\u00e1brica<\/strong><\/p>\n<p>\u25cf Mejor temperatura de f\u00e1brica 20-26C<\/p>\n<p>\u25cf Humedad \u00f3ptima de f\u00e1brica: 55%-70%<\/p>\n<p>\u25cf Ambiente: bien ventilado, sin polvo.<\/p>\n<p>\u25cf Luz est\u00e1ndar<\/p>\n<p>&nbsp;<\/p>\n<p><strong>\u00a0Instalaci\u00f3n:<\/strong><\/p>\n<p>El vendedor enviar\u00e1 1 ingeniero para instalar, probar la l\u00ednea de producci\u00f3n y capacitar a los trabajadores de los clientes en la f\u00e1brica de los compradores. La instalaci\u00f3n completa y la capacitaci\u00f3n tardar\u00e1n 10 d\u00edas.<\/p>\n<p>El comprador debe cubrir el salario de los ingenieros, el costo de la visa, los boletos a\u00e9reos de ida y vuelta, el alojamiento, el transporte en el pa\u00eds del comprador, la comida, la atenci\u00f3n m\u00e9dica, el costo de seguridad y los costos relacionados que ocurren en el pa\u00eds del comprador. Adem\u00e1s, el comprador deber\u00e1 preparar suficiente mano de obra, cable el\u00e9ctrico fuera del panel de control, compresor de aire y herramientas para las instalaciones.<\/p>\n<p>Salario del ingeniero:<\/p>\n<p>USD\u00a0120\/d\u00eda, dependiendo de c\u00f3mo el ingeniero te haga sentir satisfecho. Se computar\u00e1 como d\u00eda pagado la fecha de su llegada y salida.<\/p>\n<p>&nbsp;<\/p>\n<p><strong>Garant\u00eda:<\/strong><\/p>\n<p>El per\u00edodo de garant\u00eda del equipo entregado ser\u00e1 de 12 meses despu\u00e9s de la finalizaci\u00f3n del montaje, pero a m\u00e1s tardar 18 meses despu\u00e9s del env\u00edo.<\/p>\n<p>El rubro anterior no incluye las piezas que cuentan con repuestos regulares ni las piezas da\u00f1adas por desgaste normal, operaci\u00f3n anormal, mantenimiento inadecuado y obras civiles inadecuadas. El vendedor no es responsable de ninguna p\u00e9rdida de producci\u00f3n bajo ninguna circunstancia.<\/td>\n<\/tr>\n<\/tbody>\n<\/table>\n<p><strong>nuestra empresa<\/strong><\/p>\n<table style=\"width: 100%;\">\n<tbody>\n<tr>\n<td style=\"width: 99.4207%;\" colspan=\"2\" width=\"351\"><img loading=\"lazy\" decoding=\"async\" class=\"aligncenter\" title=\"imagen5\" src=\"https:\/\/www.lishgmachine.com\/wp-content\/uploads\/2025\/08\/image5.png\" alt=\"imagen5\" width=\"1300\" height=\"600\" \/><\/td>\n<\/tr>\n<tr>\n<td style=\"text-align: center; width: 50.3259%;\" width=\"351\"><img loading=\"lazy\" decoding=\"async\" title=\"imagen6\" src=\"https:\/\/www.lishgmachine.com\/wp-content\/uploads\/2025\/08\/image6.png\" alt=\"imagen6\" width=\"500\" height=\"400\" \/><\/td>\n<td style=\"text-align: center; width: 49.0949%;\" width=\"342\"><img loading=\"lazy\" decoding=\"async\" title=\"imagen7\" src=\"https:\/\/www.lishgmachine.com\/wp-content\/uploads\/2025\/08\/image7.png\" alt=\"imagen7\" width=\"500\" height=\"400\" \/><\/td>\n<\/tr>\n<tr>\n<td style=\"width: 99.4207%;\" colspan=\"2\" width=\"351\"><img loading=\"lazy\" decoding=\"async\" class=\"aligncenter\" title=\"imagen8\" src=\"https:\/\/www.lishgmachine.com\/wp-content\/uploads\/2025\/08\/image8.png\" alt=\"imagen8\" width=\"1300\" height=\"420\" \/><\/td>\n<\/tr>\n<tr>\n<td style=\"width: 99.4207%;\" colspan=\"2\" width=\"694\">Wen zhou Li sheng Printing and Packaging Machinery Co., Ltd. cuenta con dos d\u00e9cadas de experiencia en el suministro de soluciones de prensas de impresi\u00f3n flexogr\u00e1fica. Como fabricante de renombre, nuestra cartera de productos abarca opciones de tipo Stack, tipo Cl y Full Servo Sleeve, dise\u00f1adas para satisfacer los diversos requisitos de impresi\u00f3n de materiales de embalaje como papel, pel\u00edculas, telas no tejidas y bolsas tejidas con v\u00e1lvulas. Nuestras operaciones comerciales se extienden por todo el mundo, con un firme compromiso con la orientaci\u00f3n al mercado,innovaci\u00f3n tecnol\u00f3gica y entrega de productos de primera calidad.<\/p>\n<p>Para ello contamos con una f\u00e1brica de \u00faltima generaci\u00f3n, en la que hemos invertido significativamente en la meticulosa instalaci\u00f3n de centros de mecanizado Mazak y p\u00f3rtico. Esto garantiza que cada componente est\u00e9 meticulosamente elaborado para lograr una precisi\u00f3n incomparable y garantizar la calidad excepcional de nuestras prensas de impresi\u00f3n.<\/td>\n<\/tr>\n<\/tbody>\n<\/table>\n<p>&nbsp;<\/p>","protected":false},"featured_media":5753,"template":"","product_category":[613,13],"class_list":["post-5752","product","type-product","status-publish","has-post-thumbnail","hentry","product_category-ytb-series","product_category-stack-flexo-printing-machine"],"acf":[],"_links":{"self":[{"href":"https:\/\/www.lishgmachine.com\/es\/wp-json\/wp\/v2\/product\/5752"}],"collection":[{"href":"https:\/\/www.lishgmachine.com\/es\/wp-json\/wp\/v2\/product"}],"about":[{"href":"https:\/\/www.lishgmachine.com\/es\/wp-json\/wp\/v2\/types\/product"}],"wp:featuredmedia":[{"embeddable":true,"href":"https:\/\/www.lishgmachine.com\/es\/wp-json\/wp\/v2\/media\/5753"}],"wp:attachment":[{"href":"https:\/\/www.lishgmachine.com\/es\/wp-json\/wp\/v2\/media?parent=5752"}],"wp:term":[{"taxonomy":"product_category","embeddable":true,"href":"https:\/\/www.lishgmachine.com\/es\/wp-json\/wp\/v2\/product_category?post=5752"}],"curies":[{"name":"wp","href":"https:\/\/api.w.org\/{rel}","templated":true}]}}