{"id":5322,"date":"2024-10-16T10:31:06","date_gmt":"2024-10-16T02:31:06","guid":{"rendered":"https:\/\/www.lishgmachine.cn\/?post_type=product&#038;p=5314"},"modified":"2026-03-03T15:58:43","modified_gmt":"2026-03-03T07:58:43","slug":"8-colors-full-servo-gearless-flexographic-printing-machine","status":"publish","type":"product","link":"https:\/\/www.lishgmachine.com\/es_ar\/product\/8-colors-full-servo-gearless-flexographic-printing-machine","title":{"rendered":"Impresora flexogr\u00e1fica sin engranajes servo completo de 8 colores"},"content":{"rendered":"<h5>Aplicaci\u00f3n del producto:<\/h5>\n<p>Ancho m\u00e1ximo del material: 1200 mm<br \/>\nColor de impresi\u00f3n: 8 colores<br \/>\nAncho m\u00e1ximo de impresi\u00f3n: 1160 mm<br \/>\nVelocidad mec\u00e1nica de la maquinaria: 420m\/min.<br \/>\nM\u00e1x. Velocidad de impresi\u00f3n del material: 350-400 m\/min, seg\u00fan los diferentes materiales y dise\u00f1os de impresi\u00f3n<br \/>\nMaterial: Papel, PE, PET, BOPP, PVC<br \/>\nM\u00e1x. Longitud de impresi\u00f3n (repetici\u00f3n): 400 mm-800 mm<br \/>\nPotencia de la m\u00e1quina: 380V, 3PH, 50HZ\/60HZ<br \/>\nLa m\u00e1quina de impresi\u00f3n flexogr\u00e1fica de manga sin engranajes adopta un sistema servo completo avanzado. En comparaci\u00f3n con las m\u00e1quinas de impresi\u00f3n tradicionales con transmisi\u00f3n de engranajes, es m\u00e1s r\u00e1pida, realiza un registro de color completamente autom\u00e1tico y tiene menores costos de mantenimiento.<\/p>\n<p>&nbsp;<\/p>\n<h5>Caracter\u00edsticas de la m\u00e1quina:<\/h5>\n<p>1. Relajarse+rebobinar sin parar<br \/>\n2. El sistema de impresi\u00f3n servo completo de manga sin engranajes<br \/>\n3. Registro de color completamente autom\u00e1tico<br \/>\n4. Sistema de secado con control de conversi\u00f3n de frecuencia completamente autom\u00e1tico<\/p>\n<p>&nbsp;<\/p>\n<h5>Especificaci\u00f3n t\u00e9cnica<\/h5>\n<table style=\"width: 100%;\" border=\"0\" width=\"100%\" cellspacing=\"0\" cellpadding=\"0\">\n<tbody>\n<tr>\n<td width=\"254\" height=\"19\">Modelo<\/td>\n<td width=\"438\">YTE-61200mm<\/td>\n<\/tr>\n<tr>\n<td width=\"254\" height=\"19\">Ancho m\u00e1ximo del material<\/td>\n<td width=\"438\">1200 mm<\/td>\n<\/tr>\n<tr>\n<td width=\"254\" height=\"19\">Color de impresi\u00f3n<\/td>\n<td width=\"438\">8 colores<\/td>\n<\/tr>\n<tr>\n<td width=\"254\" height=\"19\">Ancho m\u00e1ximo de impresi\u00f3n<\/td>\n<td width=\"438\">1160 mm<\/td>\n<\/tr>\n<tr>\n<td width=\"254\" height=\"19\">Velocidad mec\u00e1nica de la maquinaria<\/td>\n<td width=\"438\">420 m\/min<\/td>\n<\/tr>\n<tr>\n<td width=\"254\" height=\"19\">Velocidad m\u00e1xima de impresi\u00f3n de materiales<\/td>\n<td width=\"438\">350-400 m\/min, seg\u00fan diferentes materiales y dise\u00f1os de impresi\u00f3n<\/td>\n<\/tr>\n<tr>\n<td width=\"254\" height=\"19\">Material<\/td>\n<td width=\"438\">Papel, PE, PET, BOPP, PVC<\/td>\n<\/tr>\n<tr>\n<td width=\"254\" height=\"19\">Longitud m\u00e1xima de impresi\u00f3n (repetici\u00f3n)<\/td>\n<td width=\"438\">400 mm-800 mm<\/td>\n<\/tr>\n<tr>\n<td width=\"254\" height=\"19\">Cilindro de impresi\u00f3n<\/td>\n<td width=\"438\">Tipo de manga<\/td>\n<\/tr>\n<tr>\n<td width=\"254\" height=\"19\">Rodillo anilox cer\u00e1mico<\/td>\n<td width=\"438\">Tipo de manga<\/td>\n<\/tr>\n<tr>\n<td width=\"254\" height=\"19\">Di\u00e1metro m\u00e1ximo de desenrollado\/rebobinado<\/td>\n<td width=\"438\">\u03a6800mm<\/td>\n<\/tr>\n<tr>\n<td width=\"254\" height=\"19\">Grosor de la cinta adhesiva<\/td>\n<td width=\"438\">0,38 mm<\/td>\n<\/tr>\n<tr>\n<td width=\"254\" height=\"19\">Grosor de la placa<\/td>\n<td width=\"438\">1,7 mm, 1,14 mm, 2,84 mm, 2,28 mm o seg\u00fan su petici\u00f3n<\/td>\n<\/tr>\n<tr>\n<td width=\"254\" height=\"19\">Precisi\u00f3n de registro<\/td>\n<td width=\"438\">\u00b10,08 mm<\/td>\n<\/tr>\n<tr>\n<td width=\"254\" height=\"19\">M\u00e9todo de calentamiento<\/td>\n<td width=\"438\">Calefacci\u00f3n el\u00e9ctrica<\/td>\n<\/tr>\n<tr>\n<td width=\"254\" height=\"19\">Tinta<\/td>\n<td width=\"438\">Tinta base agua o tinta solvente<\/td>\n<\/tr>\n<tr>\n<td width=\"254\" height=\"19\">Fuerza<\/td>\n<td width=\"438\">Voltaje: 380 V, 3PH, 50 HZ\/60 HZ<\/td>\n<\/tr>\n<\/tbody>\n<\/table>\n<p>&nbsp;<\/p>\n<h5>Muestra de impresi\u00f3n<\/h5>\n<p><img loading=\"lazy\" decoding=\"async\" class=\"alignnone size-full wp-image-5316\" src=\"http:\/\/www.lishgmachine.cn\/wp-content\/uploads\/2024\/10\/Printing-sample.png\" alt=\"\" width=\"754\" height=\"470\" title=\"\" srcset=\"https:\/\/www.lishgmachine.com\/wp-content\/uploads\/2024\/10\/Printing-sample.png 754w, https:\/\/www.lishgmachine.com\/wp-content\/uploads\/2024\/10\/Printing-sample-300x187.png 300w\" sizes=\"(max-width: 754px) 100vw, 754px\" \/><\/p>\n<p>&nbsp;<\/p>\n<h5>Detalle de la m\u00e1quina<\/h5>\n<table style=\"width: 100%;\">\n<tbody>\n<tr>\n<td style=\"width: 50%;\"><img loading=\"lazy\" decoding=\"async\" src=\"http:\/\/www.lishgmachine.cn\/wp-content\/uploads\/2024\/10\/Machine-detail-3.png\" alt=\"\" width=\"754\" height=\"550\" title=\"\"><\/td>\n<td style=\"width: 50%;\"><img loading=\"lazy\" decoding=\"async\" src=\"http:\/\/www.lishgmachine.cn\/wp-content\/uploads\/2024\/10\/Machine-detail-1.png\" alt=\"\" width=\"754\" height=\"550\" title=\"\"><\/td>\n<\/tr>\n<tr>\n<td><img loading=\"lazy\" decoding=\"async\" src=\"http:\/\/www.lishgmachine.cn\/wp-content\/uploads\/2024\/10\/Machine-detail-4.png\" alt=\"\" width=\"754\" height=\"550\" title=\"\"><\/td>\n<td><img loading=\"lazy\" decoding=\"async\" src=\"http:\/\/www.lishgmachine.cn\/wp-content\/uploads\/2024\/10\/Machine-detail-2.png\" alt=\"\" width=\"754\" height=\"550\" title=\"\"><\/td>\n<\/tr>\n<\/tbody>\n<\/table>\n<h5><\/h5>\n<h5><strong>Nuestro Servicio<\/strong><\/h5>\n<table style=\"width: 100%;\" border=\"0\" cellspacing=\"0\" cellpadding=\"0\">\n<tbody>\n<tr>\n<td style=\"width: 49.8274%;\" width=\"433\" height=\"100\"><img loading=\"lazy\" decoding=\"async\" class=\"alignnone size-full wp-image-4779\" src=\"http:\/\/www.lishgmachine.cn\/wp-content\/uploads\/2024\/07\/Pre-Sales-One-stop-Service.jpg\" alt=\"\" width=\"774\" height=\"450\" title=\"\" srcset=\"https:\/\/www.lishgmachine.com\/wp-content\/uploads\/2024\/07\/Pre-Sales-One-stop-Service.jpg 774w, https:\/\/www.lishgmachine.com\/wp-content\/uploads\/2024\/07\/Pre-Sales-One-stop-Service-300x174.jpg 300w, https:\/\/www.lishgmachine.com\/wp-content\/uploads\/2024\/07\/Pre-Sales-One-stop-Service-768x447.jpg 768w\" sizes=\"(max-width: 774px) 100vw, 774px\" \/><\/td>\n<td style=\"width: 49.8274%;\" width=\"433\"><img loading=\"lazy\" decoding=\"async\" class=\"alignnone size-full wp-image-4780\" src=\"http:\/\/www.lishgmachine.cn\/wp-content\/uploads\/2024\/07\/After-Sales-Service.jpg\" alt=\"\" width=\"774\" height=\"450\" title=\"\" srcset=\"https:\/\/www.lishgmachine.com\/wp-content\/uploads\/2024\/07\/After-Sales-Service.jpg 774w, https:\/\/www.lishgmachine.com\/wp-content\/uploads\/2024\/07\/After-Sales-Service-300x174.jpg 300w, https:\/\/www.lishgmachine.com\/wp-content\/uploads\/2024\/07\/After-Sales-Service-768x447.jpg 768w\" sizes=\"(max-width: 774px) 100vw, 774px\" \/><\/td>\n<\/tr>\n<tr>\n<td style=\"width: 49.8274%;\" width=\"433\" height=\"197\"><strong>Servicio integral de preventa<\/strong><br \/>\n* Soporte de consultas y consultor\u00eda.<br \/>\n* \u00daltimas tendencias de la industria.<br \/>\n* Soluci\u00f3n de impresi\u00f3n m\u00e1s adecuada<br \/>\n* Soporte para pruebas de muestra<br \/>\n* Ver nuestra f\u00e1brica<br \/>\n* Sugerir soporte de dise\u00f1o<\/td>\n<td style=\"width: 49.8274%;\" width=\"433\"><strong>Servicio postventa<\/strong><br \/>\n* Un a\u00f1o de garant\u00eda<br \/>\n* V\u00eddeo de prueba de la m\u00e1quina antes de la entrega.<br \/>\n* Manual en ingl\u00e9s, diagrama el\u00e9ctrico.<br \/>\n* Capacitaci\u00f3n sobre c\u00f3mo instalar la m\u00e1quina,<br \/>\n* formaci\u00f3n sobre c\u00f3mo utilizar la m\u00e1quina<br \/>\n* Ingenieros disponibles para dar servicio a maquinaria en el extranjero.<\/td>\n<\/tr>\n<\/tbody>\n<\/table>\n<p>&nbsp;<\/p>\n<h5><strong>Las fotos de nuestra empresa le permiten conocer mi empresa.<\/strong><\/h5>\n<div class=\"table-responsive\">\n<table class=\"table\" style=\"width: 100%;\" border=\"0\" align=\"center\">\n<tbody>\n<tr>\n<td style=\"width: 49.5119%;\"><img loading=\"lazy\" decoding=\"async\" class=\"alignnone size-full wp-image-4787\" src=\"http:\/\/www.lishgmachine.cn\/wp-content\/uploads\/2024\/07\/lishg-Company-Environment-1.jpg\" alt=\"\" width=\"774\" height=\"500\" title=\"\" srcset=\"https:\/\/www.lishgmachine.com\/wp-content\/uploads\/2024\/07\/lishg-Company-Environment-1.jpg 774w, https:\/\/www.lishgmachine.com\/wp-content\/uploads\/2024\/07\/lishg-Company-Environment-1-300x194.jpg 300w, https:\/\/www.lishgmachine.com\/wp-content\/uploads\/2024\/07\/lishg-Company-Environment-1-768x496.jpg 768w\" sizes=\"(max-width: 774px) 100vw, 774px\" \/><\/td>\n<td style=\"width: 49.5119%;\"><img loading=\"lazy\" decoding=\"async\" class=\"alignnone size-full wp-image-4788\" src=\"http:\/\/www.lishgmachine.cn\/wp-content\/uploads\/2024\/07\/lishg-Company-Environment-2.jpg\" alt=\"\" width=\"774\" height=\"500\" title=\"\" srcset=\"https:\/\/www.lishgmachine.com\/wp-content\/uploads\/2024\/07\/lishg-Company-Environment-2.jpg 774w, https:\/\/www.lishgmachine.com\/wp-content\/uploads\/2024\/07\/lishg-Company-Environment-2-300x194.jpg 300w, https:\/\/www.lishgmachine.com\/wp-content\/uploads\/2024\/07\/lishg-Company-Environment-2-768x496.jpg 768w\" sizes=\"(max-width: 774px) 100vw, 774px\" \/><\/td>\n<\/tr>\n<tr>\n<td style=\"width: 49.5119%;\"><img loading=\"lazy\" decoding=\"async\" class=\"alignnone size-full wp-image-4789\" src=\"http:\/\/www.lishgmachine.cn\/wp-content\/uploads\/2024\/07\/lishg-Company-Environment-3.jpg\" alt=\"\" width=\"774\" height=\"500\" title=\"\" srcset=\"https:\/\/www.lishgmachine.com\/wp-content\/uploads\/2024\/07\/lishg-Company-Environment-3.jpg 774w, https:\/\/www.lishgmachine.com\/wp-content\/uploads\/2024\/07\/lishg-Company-Environment-3-300x194.jpg 300w, https:\/\/www.lishgmachine.com\/wp-content\/uploads\/2024\/07\/lishg-Company-Environment-3-768x496.jpg 768w\" sizes=\"(max-width: 774px) 100vw, 774px\" \/><\/td>\n<td style=\"width: 49.5119%;\"><img loading=\"lazy\" decoding=\"async\" class=\"alignnone size-full wp-image-4790\" src=\"http:\/\/www.lishgmachine.cn\/wp-content\/uploads\/2024\/07\/lishg-Company-Environment-4.jpg\" alt=\"\" width=\"774\" height=\"500\" title=\"\" srcset=\"https:\/\/www.lishgmachine.com\/wp-content\/uploads\/2024\/07\/lishg-Company-Environment-4.jpg 774w, https:\/\/www.lishgmachine.com\/wp-content\/uploads\/2024\/07\/lishg-Company-Environment-4-300x194.jpg 300w, https:\/\/www.lishgmachine.com\/wp-content\/uploads\/2024\/07\/lishg-Company-Environment-4-768x496.jpg 768w\" sizes=\"(max-width: 774px) 100vw, 774px\" \/><\/td>\n<\/tr>\n<tr>\n<td style=\"width: 49.5119%;\"><img loading=\"lazy\" decoding=\"async\" class=\"alignnone size-full wp-image-4791\" src=\"http:\/\/www.lishgmachine.cn\/wp-content\/uploads\/2024\/07\/lishg-Company-Environment-5.jpg\" alt=\"\" width=\"774\" height=\"500\" title=\"\" srcset=\"https:\/\/www.lishgmachine.com\/wp-content\/uploads\/2024\/07\/lishg-Company-Environment-5.jpg 774w, https:\/\/www.lishgmachine.com\/wp-content\/uploads\/2024\/07\/lishg-Company-Environment-5-300x194.jpg 300w, https:\/\/www.lishgmachine.com\/wp-content\/uploads\/2024\/07\/lishg-Company-Environment-5-768x496.jpg 768w\" sizes=\"(max-width: 774px) 100vw, 774px\" \/><\/td>\n<td style=\"width: 49.5119%;\"><img loading=\"lazy\" decoding=\"async\" class=\"alignnone size-full wp-image-4792\" src=\"http:\/\/www.lishgmachine.cn\/wp-content\/uploads\/2024\/07\/lishg-Company-Environment-6.jpg\" alt=\"\" width=\"774\" height=\"500\" title=\"\" srcset=\"https:\/\/www.lishgmachine.com\/wp-content\/uploads\/2024\/07\/lishg-Company-Environment-6.jpg 774w, https:\/\/www.lishgmachine.com\/wp-content\/uploads\/2024\/07\/lishg-Company-Environment-6-300x194.jpg 300w, https:\/\/www.lishgmachine.com\/wp-content\/uploads\/2024\/07\/lishg-Company-Environment-6-768x496.jpg 768w\" sizes=\"(max-width: 774px) 100vw, 774px\" \/><\/td>\n<\/tr>\n<\/tbody>\n<\/table>\n<p>&nbsp;<\/p>\n<\/div>","protected":false},"featured_media":5323,"template":"","product_category":[597,612],"class_list":["post-5322","product","type-product","status-publish","has-post-thumbnail","hentry","product_category-gearless-flexo-printing-press","product_category-yte-series"],"acf":[],"_links":{"self":[{"href":"https:\/\/www.lishgmachine.com\/es_ar\/wp-json\/wp\/v2\/product\/5322"}],"collection":[{"href":"https:\/\/www.lishgmachine.com\/es_ar\/wp-json\/wp\/v2\/product"}],"about":[{"href":"https:\/\/www.lishgmachine.com\/es_ar\/wp-json\/wp\/v2\/types\/product"}],"wp:featuredmedia":[{"embeddable":true,"href":"https:\/\/www.lishgmachine.com\/es_ar\/wp-json\/wp\/v2\/media\/5323"}],"wp:attachment":[{"href":"https:\/\/www.lishgmachine.com\/es_ar\/wp-json\/wp\/v2\/media?parent=5322"}],"wp:term":[{"taxonomy":"product_category","embeddable":true,"href":"https:\/\/www.lishgmachine.com\/es_ar\/wp-json\/wp\/v2\/product_category?post=5322"}],"curies":[{"name":"wp","href":"https:\/\/api.w.org\/{rel}","templated":true}]}}