{"id":5348,"date":"2024-10-16T14:02:07","date_gmt":"2024-10-16T06:02:07","guid":{"rendered":"https:\/\/www.lishgmachine.cn\/product\/8-colors-full-servo-gearless-flexographic-printing-machine-copy-2\/"},"modified":"2026-03-04T16:12:26","modified_gmt":"2026-03-04T08:12:26","slug":"4-4-colors-ci-double-sided-valve-pockets-flexo-printing-machine","status":"publish","type":"product","link":"https:\/\/www.lishgmachine.com\/es_ar\/product\/4-4-colors-ci-double-sided-valve-pockets-flexo-printing-machine","title":{"rendered":"M\u00e1quina de impresi\u00f3n flexogr\u00e1fica de paquetes de v\u00e1lvulas de doble cara tipo CI de 4+4 colores"},"content":{"rendered":"<p><strong>Par\u00e1metro principal:<\/strong><\/p>\n<table border=\"1\">\n<tbody>\n<tr>\n<td colspan=\"2\"><strong>Especificaci\u00f3n t\u00e9cnica<\/strong><\/td>\n<\/tr>\n<tr>\n<td><strong>Modelo<\/strong><\/td>\n<td><strong>Hasta la fecha-4+4color<\/strong><\/td>\n<\/tr>\n<tr>\n<td>Ancho de alimentaci\u00f3n de material<\/td>\n<td>800 mm<\/td>\n<\/tr>\n<tr>\n<td>Ancho m\u00e1ximo de impresi\u00f3n<\/td>\n<td>760 mm<\/td>\n<\/tr>\n<tr>\n<td>Bandera<\/td>\n<td>4+4colores<\/td>\n<\/tr>\n<tr>\n<td>Material<\/td>\n<td>tejido de polipropileno<\/td>\n<\/tr>\n<tr>\n<td>Grosor de la placa<\/td>\n<td>1,14 mm, 1,7 mm, 2,28 mm, 2,84 mm.\u00a03,94 mm<\/p>\n<p>Personalizado est\u00e1 disponible<\/td>\n<\/tr>\n<tr>\n<td>Longitud de impresi\u00f3n<\/td>\n<td>El est\u00e1ndar es 400 mm.<\/p>\n<p>Personalizado est\u00e1 disponible desde 380-800 mm<\/td>\n<\/tr>\n<tr>\n<td>Velocidad m\u00e1xima de impresi\u00f3n<\/td>\n<td>300 m\/min<\/td>\n<\/tr>\n<tr>\n<td>Precisi\u00f3n de registro<\/td>\n<td>registro longitudinal\u00b10,15 mm<\/p>\n<p>Registro transversal\u00b10,15 mm<\/td>\n<\/tr>\n<tr>\n<td>Tipo de estructura<\/td>\n<td>Impresi\u00f3n central (tambor central)<\/td>\n<\/tr>\n<tr>\n<td>M\u00f3dulo de engranajes<\/td>\n<td>1,5 mm<\/td>\n<\/tr>\n<tr>\n<td>M\u00e9todo de calentamiento<\/td>\n<td>Calefacci\u00f3n el\u00e9ctrica<\/td>\n<\/tr>\n<tr>\n<td>M\u00e1x. temperatura del horno<\/td>\n<td>M\u00e1x. 80 \u2103 (temperatura ambiente 20 \u2103)<\/td>\n<\/tr>\n<tr>\n<td>Desbobinador\/rebobinador de papel<\/td>\n<td>n\u00facleo 3\uff02<\/td>\n<\/tr>\n<tr>\n<td>Di\u00e1metro m\u00e1ximo del desenrollador\/rebobinador.<\/td>\n<td>1500 mm<\/td>\n<\/tr>\n<tr>\n<td>Tinta adecuada<\/td>\n<td>Tinta a base de agua\/tinta solvente<\/td>\n<\/tr>\n<\/tbody>\n<\/table>\n<p><strong>Muestra de impresi\u00f3n:<\/strong><\/p>\n<p><img loading=\"lazy\" decoding=\"async\" src=\"https:\/\/lishg.com\/Tools\/kindeditor\/attached\/image\/20230512\/20230512151751_5810.jpg\" alt=\"\" width=\"500\" height=\"500\" title=\"\"><\/p>","protected":false},"featured_media":5329,"template":"","product_category":[614,11],"class_list":["post-5348","product","type-product","status-publish","has-post-thumbnail","hentry","product_category-ytd-series","product_category-ci-flexo-printing-machine"],"acf":[],"_links":{"self":[{"href":"https:\/\/www.lishgmachine.com\/es_ar\/wp-json\/wp\/v2\/product\/5348"}],"collection":[{"href":"https:\/\/www.lishgmachine.com\/es_ar\/wp-json\/wp\/v2\/product"}],"about":[{"href":"https:\/\/www.lishgmachine.com\/es_ar\/wp-json\/wp\/v2\/types\/product"}],"wp:featuredmedia":[{"embeddable":true,"href":"https:\/\/www.lishgmachine.com\/es_ar\/wp-json\/wp\/v2\/media\/5329"}],"wp:attachment":[{"href":"https:\/\/www.lishgmachine.com\/es_ar\/wp-json\/wp\/v2\/media?parent=5348"}],"wp:term":[{"taxonomy":"product_category","embeddable":true,"href":"https:\/\/www.lishgmachine.com\/es_ar\/wp-json\/wp\/v2\/product_category?post=5348"}],"curies":[{"name":"wp","href":"https:\/\/api.w.org\/{rel}","templated":true}]}}