{"id":5370,"date":"2024-10-16T15:37:34","date_gmt":"2024-10-16T07:37:34","guid":{"rendered":"https:\/\/www.lishgmachine.cn\/?post_type=product&#038;p=5370"},"modified":"2026-01-16T17:26:57","modified_gmt":"2026-01-16T09:26:57","slug":"8-color-gear-driven-ci-flexographic-printing-machine","status":"publish","type":"product","link":"https:\/\/www.lishgmachine.com\/es_ar\/product\/8-color-gear-driven-ci-flexographic-printing-machine","title":{"rendered":"M\u00e1quina de impresi\u00f3n flexogr\u00e1fica CI accionada por engranajes tipo manga de 8 colores"},"content":{"rendered":"<p><strong>Operaci\u00f3n del motor y web:<\/strong><\/p>\n<ol>\n<li>El motor utiliza aleaci\u00f3n de hierro fundido de alta resistencia con baja vibraci\u00f3n, fundici\u00f3n en arena de resina y tratamiento de envejecimiento por vibraci\u00f3n.<\/li>\n<li>Estructura de rodillos gu\u00eda integrada.<\/li>\n<li>Construcci\u00f3n de dise\u00f1o en capas.<\/li>\n<li>Grosor del motor: 100 mm.<\/li>\n<li>Di\u00e1metro del rodillo gu\u00eda: \u03c6100 mm (tratamiento superficial anodizado).<\/li>\n<\/ol>\n<p><strong>Par\u00e1metros principales:<\/strong><\/p>\n<table>\n<thead>\n<tr>\n<th style=\"text-align: left;\">Art\u00edculo<\/th>\n<th>Color hasta la fecha-8<\/th>\n<\/tr>\n<\/thead>\n<tbody>\n<tr>\n<td>Ancho de alimentaci\u00f3n<\/td>\n<td>600 mm, 800 mm, 1000 mm, 1200 mm, 1400 mm<\/td>\n<\/tr>\n<tr>\n<td>\u00c1rea de impresi\u00f3n m\u00e1xima<\/td>\n<td>560 mm, 760 mm, 960 mm, 1160 mm, 1360 mm<\/td>\n<\/tr>\n<tr>\n<td>Dise\u00f1o<\/td>\n<td>8 colores<\/td>\n<\/tr>\n<tr>\n<td>Materiales<\/td>\n<td>PE, PET, BOPP, PVC, membrana, tela no tejida, pel\u00edcula transpirable<\/td>\n<\/tr>\n<tr>\n<td>Espesor de la placa<\/td>\n<td>1,14 mm, 1,7 mm, 2,28 mm, 2,84 mm, 3,94 mm (personalizable)<\/td>\n<\/tr>\n<tr>\n<td>Tema de impresi\u00f3n<\/td>\n<td>Est\u00e1ndar: 400 mm, personalizable 380-800 mm<\/td>\n<\/tr>\n<tr>\n<td>Velocidad m\u00e1xima de impresi\u00f3n<\/td>\n<td>250 m\/min<\/td>\n<\/tr>\n<tr>\n<td>Precisi\u00f3n del registro<\/td>\n<td>Longitudinal: \u00b10,15 mm, Lateral: \u00b10,15 mm<\/td>\n<\/tr>\n<tr>\n<td>Tipo de estructura<\/td>\n<td>Impresi\u00f3n central (tambor central)<\/td>\n<\/tr>\n<tr>\n<td>Modelo de engranaje<\/td>\n<td>1,5 mm<\/td>\n<\/tr>\n<tr>\n<td>M\u00e9todo de calentamiento<\/td>\n<td>Calefacci\u00f3n el\u00e9ctrica<\/td>\n<\/tr>\n<tr>\n<td>Temperatura m\u00e1xima del horno<\/td>\n<td>M\u00e1ximo 80 \u2103 (temperatura ambiente 20 \u2103)<\/td>\n<\/tr>\n<tr>\n<td>N\u00facleo desbobinador\/rebobinador<\/td>\n<td>N\u00facleo 3\u2033<\/td>\n<\/tr>\n<tr>\n<td>Di\u00e1metro m\u00e1ximo del desbobinador\/rebobinador<\/td>\n<td>1000 mm<\/td>\n<\/tr>\n<tr>\n<td>Tinta aplicable<\/td>\n<td>Tinta a base de solvente<\/td>\n<\/tr>\n<\/tbody>\n<\/table>\n<p>&nbsp;<\/p>","protected":false},"featured_media":5890,"template":"","product_category":[11,616],"class_list":["post-5370","product","type-product","status-publish","has-post-thumbnail","hentry","product_category-ci-flexo-printing-machine","product_category-king-series"],"acf":[],"_links":{"self":[{"href":"https:\/\/www.lishgmachine.com\/es_ar\/wp-json\/wp\/v2\/product\/5370"}],"collection":[{"href":"https:\/\/www.lishgmachine.com\/es_ar\/wp-json\/wp\/v2\/product"}],"about":[{"href":"https:\/\/www.lishgmachine.com\/es_ar\/wp-json\/wp\/v2\/types\/product"}],"wp:featuredmedia":[{"embeddable":true,"href":"https:\/\/www.lishgmachine.com\/es_ar\/wp-json\/wp\/v2\/media\/5890"}],"wp:attachment":[{"href":"https:\/\/www.lishgmachine.com\/es_ar\/wp-json\/wp\/v2\/media?parent=5370"}],"wp:term":[{"taxonomy":"product_category","embeddable":true,"href":"https:\/\/www.lishgmachine.com\/es_ar\/wp-json\/wp\/v2\/product_category?post=5370"}],"curies":[{"name":"wp","href":"https:\/\/api.w.org\/{rel}","templated":true}]}}