{"id":75,"date":"2023-09-19T10:58:13","date_gmt":"2023-09-19T02:58:13","guid":{"rendered":"http:\/\/lishg.junj.cn\/\/?page_id=75"},"modified":"2025-02-11T10:55:05","modified_gmt":"2025-02-11T02:55:05","slug":"blog","status":"publish","type":"page","link":"https:\/\/www.lishgmachine.com\/es_co\/blog","title":{"rendered":"Blog"},"content":{"rendered":"<p><img loading=\"lazy\" decoding=\"async\" src=\"http:\/\/lishg.junj.cn\/\/wp-content\/uploads\/2023\/10\/banner-blog.jpg\" alt=\"\" width=\"1920\" height=\"304\" title=\"\"><\/p>\n<h1>Blog<\/h1>\n<ol>\n<li><a href=\"\/es_co\/\">Hogar<\/a><\/li>\n<li><a>Blog<\/a><\/li>\n<\/ol>\n<p><img loading=\"lazy\" decoding=\"async\" style=\"aspect-ratio: 1.72;\" src=\"http:\/\/lishg.junj.cn\/\/wp-content\/uploads\/2023\/09\/lixin-valve-group-once-won-the-2022-deep-cooperation-award-for-epec-valve-zone-again-2.jpg\" alt=\"Preparaci\u00f3n antes de la instalaci\u00f3n\" width=\"440\" height=\"300\" title=\"\"><br \/>\n<a href=\"http:\/\/lishg.junj.cn\/2023\/09\/19\/lixin-valve-group-won-again-the-2022-deep-cooperation-award-for-epec-valve-zone-again\/\" target=\"_blank\" rel=\"noopener\">Lixin Valve Group volvi\u00f3 a ganar el premio de cooperaci\u00f3n profunda 2022 para EPEC Valve Zone nuevamente<\/a><\/p>\n<p>Reuni\u00f3n Resumen por el 5to Aniversario del Establecimiento de EPEC Valve Zone. Del 2 al 3 de marzo de 2023, la reuni\u00f3n resumen del 5to<\/p>\n<p><a href=\"http:\/\/lishg.junj.cn\/2023\/09\/19\/the-introduction-of-dbb-plug-valves\/\" target=\"_blank\" rel=\"noopener\">La introducci\u00f3n de las v\u00e1lvulas de tap\u00f3n DBB<\/a><\/p>\n<p>La v\u00e1lvula de tap\u00f3n LIXIN DBB est\u00e1 dise\u00f1ada, fabricada y probada de acuerdo con API 6D, tiene funci\u00f3n DBB de API 6D. Sujeci\u00f3n mec\u00e1nica<\/p>\n<p><time>19 de septiembre de 2023<\/time><br \/>\n<a href=\"http:\/\/lishg.junj.cn\/2023\/09\/19\/about-leakage-of-metal-seat-for-knife-gate-valve\/\" target=\"_blank\" rel=\"noopener\">Acerca de la fuga del asiento met\u00e1lico de la v\u00e1lvula de guillotina<\/a><\/p>\n<p>Nuestra v\u00e1lvula de guillotina con asiento met\u00e1lico est\u00e1 fabricada seg\u00fan las especificaciones de MSS SP-81. Como vemos, el art\u00edculo 10.2 de esta norma especifica la tasa de fuga de<\/p>\n<p><time>19 de septiembre de 2023<\/time><br \/>\n<a href=\"http:\/\/lishg.junj.cn\/2023\/09\/19\/lixin-valve-group-won-again-the-2022-deep-cooperation-award-for-epec-valve-zone-again\/\" target=\"_blank\" rel=\"noopener\"><img loading=\"lazy\" decoding=\"async\" src=\"http:\/\/lishg.junj.cn\/\/wp-content\/uploads\/2023\/09\/lixin-valve-group-once-won-the-2022-deep-cooperation-award-for-epec-valve-zone-again-2.jpg\" alt=\"Instalaci\u00f3n de v\u00e1lvulas\" width=\"440\" height=\"300\" title=\"\"><\/a><br \/>\n<a href=\"http:\/\/lishg.junj.cn\/2023\/09\/19\/lixin-valve-group-won-again-the-2022-deep-cooperation-award-for-epec-valve-zone-again\/\" target=\"_blank\" rel=\"noopener\">Lixin Valve Group volvi\u00f3 a ganar el premio de cooperaci\u00f3n profunda 2022 para EPEC Valve Zone nuevamente<\/a><\/p>\n<p>Reuni\u00f3n Resumen por el 5to Aniversario del Establecimiento de EPEC Valve Zone. Del 2 al 3 de marzo de 2023, la reuni\u00f3n resumen del 5to<\/p>\n<p><img loading=\"lazy\" decoding=\"async\" src=\"http:\/\/demo137.m-union.cn\/theme\/lixin-EN\/images\/blog-tb1.jpg\" alt=\"\" width=\"19\" height=\"19\" title=\"\">lixin<br \/>\n<a href=\"http:\/\/lishg.junj.cn\/2023\/09\/19\/lixin-valve-group-won-again-the-2022-deep-cooperation-award-for-epec-valve-zone-again\/\" target=\"_blank\" rel=\"noopener\"><img loading=\"lazy\" decoding=\"async\" src=\"http:\/\/demo137.m-union.cn\/theme\/lixin-EN\/images\/blog-tb2.jpg\" alt=\"\" width=\"19\" height=\"19\" title=\"\"> Leer m\u00e1s<\/a><br \/>\n<a href=\"http:\/\/lishg.junj.cn\/2023\/09\/19\/the-introduction-of-dbb-plug-valves\/\" target=\"_blank\" rel=\"noopener\"><img loading=\"lazy\" decoding=\"async\" src=\"http:\/\/lishg.junj.cn\/\/wp-content\/uploads\/2023\/09\/the-general-of-orbit-type-plug-valves.jpg\" alt=\"Instalaci\u00f3n de v\u00e1lvulas\" width=\"440\" height=\"300\" title=\"\"><\/a><br \/>\n<a href=\"http:\/\/lishg.junj.cn\/2023\/09\/19\/the-introduction-of-dbb-plug-valves\/\" target=\"_blank\" rel=\"noopener\">La introducci\u00f3n de las v\u00e1lvulas de tap\u00f3n DBB<\/a><\/p>\n<p>La v\u00e1lvula de tap\u00f3n LIXIN DBB est\u00e1 dise\u00f1ada, fabricada y probada de acuerdo con API 6D, tiene funci\u00f3n DBB de API 6D. Sujeci\u00f3n mec\u00e1nica<\/p>\n<p><img loading=\"lazy\" decoding=\"async\" src=\"http:\/\/demo137.m-union.cn\/theme\/lixin-EN\/images\/blog-tb1.jpg\" alt=\"\" width=\"19\" height=\"19\" title=\"\">lixin<br \/>\n<a href=\"http:\/\/lishg.junj.cn\/2023\/09\/19\/the-introduction-of-dbb-plug-valves\/\" target=\"_blank\" rel=\"noopener\"><img loading=\"lazy\" decoding=\"async\" src=\"http:\/\/demo137.m-union.cn\/theme\/lixin-EN\/images\/blog-tb2.jpg\" alt=\"\" width=\"19\" height=\"19\" title=\"\"> Leer m\u00e1s<\/a><br \/>\n<a href=\"http:\/\/lishg.junj.cn\/2023\/09\/19\/about-leakage-of-metal-seat-for-knife-gate-valve\/\" target=\"_blank\" rel=\"noopener\"><img loading=\"lazy\" decoding=\"async\" src=\"http:\/\/lishg.junj.cn\/\/wp-content\/uploads\/2023\/09\/about-leakage-of-metal-seat-for-knife-gate-valve.jpg\" alt=\"Instalaci\u00f3n de v\u00e1lvulas\" width=\"440\" height=\"300\" title=\"\"><\/a><br \/>\n<a href=\"http:\/\/lishg.junj.cn\/2023\/09\/19\/about-leakage-of-metal-seat-for-knife-gate-valve\/\" target=\"_blank\" rel=\"noopener\">Acerca de la fuga del asiento met\u00e1lico de la v\u00e1lvula de guillotina<\/a><\/p>\n<p>Nuestra v\u00e1lvula de guillotina con asiento met\u00e1lico est\u00e1 fabricada seg\u00fan las especificaciones de MSS SP-81. Como vemos, el art\u00edculo 10.2 de esta norma especifica la tasa de fuga de<\/p>\n<p><img loading=\"lazy\" decoding=\"async\" src=\"http:\/\/demo137.m-union.cn\/theme\/lixin-EN\/images\/blog-tb1.jpg\" alt=\"\" width=\"19\" height=\"19\" title=\"\">lixin<br \/>\n<a href=\"http:\/\/lishg.junj.cn\/2023\/09\/19\/about-leakage-of-metal-seat-for-knife-gate-valve\/\" target=\"_blank\" rel=\"noopener\"><img loading=\"lazy\" decoding=\"async\" src=\"http:\/\/demo137.m-union.cn\/theme\/lixin-EN\/images\/blog-tb2.jpg\" alt=\"\" width=\"19\" height=\"19\" title=\"\"> Leer m\u00e1s<\/a><br \/>\n<a href=\"http:\/\/lishg.junj.cn\/2023\/09\/19\/ptfe-packing-leakage-reason\/\" target=\"_blank\" rel=\"noopener\"><img loading=\"lazy\" decoding=\"async\" src=\"http:\/\/lishg.junj.cn\/\/wp-content\/uploads\/2023\/09\/ptfe-packing-leakage-reason.jpg\" alt=\"Instalaci\u00f3n de v\u00e1lvulas\" width=\"440\" height=\"300\" title=\"\"><\/a><br \/>\n<a href=\"http:\/\/lishg.junj.cn\/2023\/09\/19\/ptfe-packing-leakage-reason\/\" target=\"_blank\" rel=\"noopener\">Motivo de la fuga del empaque de PTFE<\/a><\/p>\n<p>Antes de la entrega, LIIXN realiz\u00f3 pruebas de todas las v\u00e1lvulas y \u00bfpor qu\u00e9 tambi\u00e9n tienen fugas? Dudamos que: 1. Cuando se realiza la prueba de presi\u00f3n a la v\u00e1lvula, habr\u00e1 fuerza que har\u00e1 que la empaquetadura se expanda, y despu\u00e9s de la prueba...<\/p>\n<p><img loading=\"lazy\" decoding=\"async\" src=\"http:\/\/demo137.m-union.cn\/theme\/lixin-EN\/images\/blog-tb1.jpg\" alt=\"\" width=\"19\" height=\"19\" title=\"\">lixin<br \/>\n<a href=\"http:\/\/lishg.junj.cn\/2023\/09\/19\/ptfe-packing-leakage-reason\/\" target=\"_blank\" rel=\"noopener\"><img loading=\"lazy\" decoding=\"async\" src=\"http:\/\/demo137.m-union.cn\/theme\/lixin-EN\/images\/blog-tb2.jpg\" alt=\"\" width=\"19\" height=\"19\" title=\"\"> Leer m\u00e1s<\/a><br \/>\n<a href=\"http:\/\/lishg.junj.cn\/2023\/09\/19\/lift-type-plug-valve-working-process\/\" target=\"_blank\" rel=\"noopener\"><img loading=\"lazy\" decoding=\"async\" src=\"http:\/\/lishg.junj.cn\/\/wp-content\/uploads\/2023\/09\/lift-type-plug-valve-working-process.jpg\" alt=\"Instalaci\u00f3n de v\u00e1lvulas\" width=\"440\" height=\"300\" title=\"\"><\/a><br \/>\n<a href=\"http:\/\/lishg.junj.cn\/2023\/09\/19\/lift-type-plug-valve-working-process\/\" target=\"_blank\" rel=\"noopener\">Proceso de trabajo de la v\u00e1lvula de tap\u00f3n tipo elevaci\u00f3n<\/a><\/p>\n<p>Proceso de apertura y cierre de la v\u00e1lvula. Cuando abra la v\u00e1lvula, primero gire el volante para levantar el tap\u00f3n y separarlo del sellado.<\/p>\n<p><img loading=\"lazy\" decoding=\"async\" src=\"http:\/\/demo137.m-union.cn\/theme\/lixin-EN\/images\/blog-tb1.jpg\" alt=\"\" width=\"19\" height=\"19\" title=\"\">lixin<br \/>\n<a href=\"http:\/\/lishg.junj.cn\/2023\/09\/19\/lift-type-plug-valve-working-process\/\" target=\"_blank\" rel=\"noopener\"><img loading=\"lazy\" decoding=\"async\" src=\"http:\/\/demo137.m-union.cn\/theme\/lixin-EN\/images\/blog-tb2.jpg\" alt=\"\" width=\"19\" height=\"19\" title=\"\"> Leer m\u00e1s<\/a><br \/>\n<a href=\"http:\/\/lishg.junj.cn\/2023\/09\/19\/oil-resistant-sealing-grease-7903\/\" target=\"_blank\" rel=\"noopener\"><img loading=\"lazy\" decoding=\"async\" src=\"http:\/\/lishg.junj.cn\/\/wp-content\/uploads\/2023\/09\/oil-resistant-sealing-grease-7903.jpg\" alt=\"Instalaci\u00f3n de v\u00e1lvulas\" width=\"440\" height=\"300\" title=\"\"><\/a><br \/>\n<a href=\"http:\/\/lishg.junj.cn\/2023\/09\/19\/oil-resistant-sealing-grease-7903\/\" target=\"_blank\" rel=\"noopener\">Grasa de sellado resistente al aceite 7903<\/a><\/p>\n<p>DASTON 7903 est\u00e1 formulado a partir de fluidos sint\u00e9ticos espesados \u200b\u200bcon un espesante de arcilla org\u00e1nica.<\/p>\n<p><img loading=\"lazy\" decoding=\"async\" src=\"http:\/\/demo137.m-union.cn\/theme\/lixin-EN\/images\/blog-tb1.jpg\" alt=\"\" width=\"19\" height=\"19\" title=\"\">lixin<br \/>\n<a href=\"http:\/\/lishg.junj.cn\/2023\/09\/19\/oil-resistant-sealing-grease-7903\/\" target=\"_blank\" rel=\"noopener\"><img loading=\"lazy\" decoding=\"async\" src=\"http:\/\/demo137.m-union.cn\/theme\/lixin-EN\/images\/blog-tb2.jpg\" alt=\"\" width=\"19\" height=\"19\" title=\"\"> Leer m\u00e1s<\/a><br \/>\n<!-- \u6682\u65f6\u6ca1\u6709\u627e\u5230\u76f8\u5e94\u7684\u6837\u5f0f\u4fee\u6539 --><br \/>\n<!--\n\n\n<ul>\n \t\n\n<li>1<\/li>\n\n\n \t\n\n<li clas=\"page-item\"><a href=\"\/blog?i=2\">2<\/a><\/li>\n\n\n \t\n\n<li clas=\"page-item\"><a href=\"\/blog?i=2\">\u00bb<\/a><\/li>\n\n\n<\/ul>\n\n\n--><br \/>\n1<a title=\"P\u00e1gina 2\" href=\"http:\/\/lishg.junj.cn\/wp-admin\/admin-ajax.php?paged=2\" target=\"_blank\" rel=\"noopener\">2<\/a><a title=\"P\u00e1gina 3\" href=\"http:\/\/lishg.junj.cn\/wp-admin\/admin-ajax.php?paged=3\" target=\"_blank\" rel=\"noopener\">3<\/a><a href=\"http:\/\/lishg.junj.cn\/wp-admin\/admin-ajax.php?paged=2\" rel=\"next noopener\" aria-label=\"P\u00e1gina siguiente\" target=\"_blank\">\u00bb<\/a><br \/>\nUn peque\u00f1o r\u00edo llamado Duden fluye por su lugar y le proporciona la regelialia necesaria.<br \/>\nPregunta<\/p>","protected":false},"excerpt":{"rendered":"<p>Inicio del blog Blog Lixin Valve Group gan\u00f3 nuevamente el premio de cooperaci\u00f3n profunda 2022 para EPEC Valve Zone nuevamente Reuni\u00f3n resumida para el quinto aniversario del establecimiento de EPEC Valve Zone. Del 2 al 3 de marzo de 2023, la reuni\u00f3n resumida de la quinta Introducci\u00f3n de las v\u00e1lvulas de tap\u00f3n DBB La v\u00e1lvula de tap\u00f3n DBB LIXIN est\u00e1 dise\u00f1ada, fabricada y probada [\u2026]<\/p>","protected":false},"author":2,"featured_media":0,"parent":0,"menu_order":2,"comment_status":"closed","ping_status":"closed","template":"page-blog.php","meta":{"footnotes":""},"class_list":["post-75","page","type-page","status-publish","hentry"],"acf":[],"_links":{"self":[{"href":"https:\/\/www.lishgmachine.com\/es_co\/wp-json\/wp\/v2\/pages\/75"}],"collection":[{"href":"https:\/\/www.lishgmachine.com\/es_co\/wp-json\/wp\/v2\/pages"}],"about":[{"href":"https:\/\/www.lishgmachine.com\/es_co\/wp-json\/wp\/v2\/types\/page"}],"author":[{"embeddable":true,"href":"https:\/\/www.lishgmachine.com\/es_co\/wp-json\/wp\/v2\/users\/2"}],"replies":[{"embeddable":true,"href":"https:\/\/www.lishgmachine.com\/es_co\/wp-json\/wp\/v2\/comments?post=75"}],"version-history":[{"count":1,"href":"https:\/\/www.lishgmachine.com\/es_co\/wp-json\/wp\/v2\/pages\/75\/revisions"}],"predecessor-version":[{"id":5384,"href":"https:\/\/www.lishgmachine.com\/es_co\/wp-json\/wp\/v2\/pages\/75\/revisions\/5384"}],"wp:attachment":[{"href":"https:\/\/www.lishgmachine.com\/es_co\/wp-json\/wp\/v2\/media?parent=75"}],"curies":[{"name":"wp","href":"https:\/\/api.w.org\/{rel}","templated":true}]}}