{"id":75,"date":"2023-09-19T10:58:13","date_gmt":"2023-09-19T02:58:13","guid":{"rendered":"http:\/\/lishg.junj.cn\/\/?page_id=75"},"modified":"2025-02-11T10:55:05","modified_gmt":"2025-02-11T02:55:05","slug":"blog","status":"publish","type":"page","link":"https:\/\/www.lishgmachine.com\/fr\/blog","title":{"rendered":"Blogue"},"content":{"rendered":"<p><img loading=\"lazy\" decoding=\"async\" src=\"http:\/\/lishg.junj.cn\/\/wp-content\/uploads\/2023\/10\/banner-blog.jpg\" alt=\"\" width=\"1920\" height=\"304\" title=\"\"><\/p>\n<h1>Blogue<\/h1>\n<ol>\n<li><a href=\"\/fr\/\">Maison<\/a><\/li>\n<li><a>Blogue<\/a><\/li>\n<\/ol>\n<p><img loading=\"lazy\" decoding=\"async\" style=\"aspect-ratio: 1.72;\" src=\"http:\/\/lishg.junj.cn\/\/wp-content\/uploads\/2023\/09\/lixin-valve-group-once-won-the-2022-deep-cooperation-award-for-epec-valve-zone-again-2.jpg\" alt=\"Pr\u00e9paration avant l&#039;installation\" width=\"440\" height=\"300\" title=\"\"><br \/>\n<a href=\"http:\/\/lishg.junj.cn\/2023\/09\/19\/lixin-valve-group-won-again-the-2022-deep-cooperation-award-for-epec-valve-zone-again\/\" target=\"_blank\" rel=\"noopener\">Lixin Valve Group a de nouveau remport\u00e9 le prix de coop\u00e9ration approfondie 2022 pour la zone de vannes EPEC<\/a><\/p>\n<p>R\u00e9union de synth\u00e8se pour le 5\u00e8me anniversaire de la cr\u00e9ation de la zone de vannes EPEC. Du 2 au 3 mars 2023, la r\u00e9union de synth\u00e8se du 5e<\/p>\n<p><a href=\"http:\/\/lishg.junj.cn\/2023\/09\/19\/the-introduction-of-dbb-plug-valves\/\" target=\"_blank\" rel=\"noopener\">L'introduction des vannes \u00e0 boisseau DBB<\/a><\/p>\n<p>Le robinet \u00e0 tournant sph\u00e9rique LIXIN DBB est con\u00e7u, fabriqu\u00e9 et test\u00e9 selon l'API 6D, il poss\u00e8de la fonction DBB de l'API 6D. Serrage m\u00e9canique<\/p>\n<p><time>19 septembre 2023<\/time><br \/>\n<a href=\"http:\/\/lishg.junj.cn\/2023\/09\/19\/about-leakage-of-metal-seat-for-knife-gate-valve\/\" target=\"_blank\" rel=\"noopener\">\u00c0 propos de la fuite du si\u00e8ge m\u00e9tallique du robinet-vanne \u00e0 guillotine<\/a><\/p>\n<p>Notre vanne \u00e0 guillotine \u00e0 si\u00e8ge m\u00e9tallique est fabriqu\u00e9e selon les sp\u00e9cifications du MSS SP-81. Comme nous le voyons, l'article 10.2 de cette norme pr\u00e9cisait le taux de fuite de<\/p>\n<p><time>19 septembre 2023<\/time><br \/>\n<a href=\"http:\/\/lishg.junj.cn\/2023\/09\/19\/lixin-valve-group-won-again-the-2022-deep-cooperation-award-for-epec-valve-zone-again\/\" target=\"_blank\" rel=\"noopener\"><img loading=\"lazy\" decoding=\"async\" src=\"http:\/\/lishg.junj.cn\/\/wp-content\/uploads\/2023\/09\/lixin-valve-group-once-won-the-2022-deep-cooperation-award-for-epec-valve-zone-again-2.jpg\" alt=\"Installation des vannes\" width=\"440\" height=\"300\" title=\"\"><\/a><br \/>\n<a href=\"http:\/\/lishg.junj.cn\/2023\/09\/19\/lixin-valve-group-won-again-the-2022-deep-cooperation-award-for-epec-valve-zone-again\/\" target=\"_blank\" rel=\"noopener\">Lixin Valve Group a de nouveau remport\u00e9 le prix de coop\u00e9ration approfondie 2022 pour la zone de vannes EPEC<\/a><\/p>\n<p>R\u00e9union de synth\u00e8se pour le 5\u00e8me anniversaire de la cr\u00e9ation de la zone de vannes EPEC. Du 2 au 3 mars 2023, la r\u00e9union de synth\u00e8se du 5e<\/p>\n<p><img loading=\"lazy\" decoding=\"async\" src=\"http:\/\/demo137.m-union.cn\/theme\/lixin-EN\/images\/blog-tb1.jpg\" alt=\"\" width=\"19\" height=\"19\" title=\"\">Lixin<br \/>\n<a href=\"http:\/\/lishg.junj.cn\/2023\/09\/19\/lixin-valve-group-won-again-the-2022-deep-cooperation-award-for-epec-valve-zone-again\/\" target=\"_blank\" rel=\"noopener\"><img loading=\"lazy\" decoding=\"async\" src=\"http:\/\/demo137.m-union.cn\/theme\/lixin-EN\/images\/blog-tb2.jpg\" alt=\"\" width=\"19\" height=\"19\" title=\"\"> En savoir plus<\/a><br \/>\n<a href=\"http:\/\/lishg.junj.cn\/2023\/09\/19\/the-introduction-of-dbb-plug-valves\/\" target=\"_blank\" rel=\"noopener\"><img loading=\"lazy\" decoding=\"async\" src=\"http:\/\/lishg.junj.cn\/\/wp-content\/uploads\/2023\/09\/the-general-of-orbit-type-plug-valves.jpg\" alt=\"Installation des vannes\" width=\"440\" height=\"300\" title=\"\"><\/a><br \/>\n<a href=\"http:\/\/lishg.junj.cn\/2023\/09\/19\/the-introduction-of-dbb-plug-valves\/\" target=\"_blank\" rel=\"noopener\">L'introduction des vannes \u00e0 boisseau DBB<\/a><\/p>\n<p>Le robinet \u00e0 tournant sph\u00e9rique LIXIN DBB est con\u00e7u, fabriqu\u00e9 et test\u00e9 selon l'API 6D, il poss\u00e8de la fonction DBB de l'API 6D. Serrage m\u00e9canique<\/p>\n<p><img loading=\"lazy\" decoding=\"async\" src=\"http:\/\/demo137.m-union.cn\/theme\/lixin-EN\/images\/blog-tb1.jpg\" alt=\"\" width=\"19\" height=\"19\" title=\"\">Lixin<br \/>\n<a href=\"http:\/\/lishg.junj.cn\/2023\/09\/19\/the-introduction-of-dbb-plug-valves\/\" target=\"_blank\" rel=\"noopener\"><img loading=\"lazy\" decoding=\"async\" src=\"http:\/\/demo137.m-union.cn\/theme\/lixin-EN\/images\/blog-tb2.jpg\" alt=\"\" width=\"19\" height=\"19\" title=\"\"> En savoir plus<\/a><br \/>\n<a href=\"http:\/\/lishg.junj.cn\/2023\/09\/19\/about-leakage-of-metal-seat-for-knife-gate-valve\/\" target=\"_blank\" rel=\"noopener\"><img loading=\"lazy\" decoding=\"async\" src=\"http:\/\/lishg.junj.cn\/\/wp-content\/uploads\/2023\/09\/about-leakage-of-metal-seat-for-knife-gate-valve.jpg\" alt=\"Installation des vannes\" width=\"440\" height=\"300\" title=\"\"><\/a><br \/>\n<a href=\"http:\/\/lishg.junj.cn\/2023\/09\/19\/about-leakage-of-metal-seat-for-knife-gate-valve\/\" target=\"_blank\" rel=\"noopener\">\u00c0 propos de la fuite du si\u00e8ge m\u00e9tallique du robinet-vanne \u00e0 guillotine<\/a><\/p>\n<p>Notre vanne \u00e0 guillotine \u00e0 si\u00e8ge m\u00e9tallique est fabriqu\u00e9e selon les sp\u00e9cifications du MSS SP-81. Comme nous le voyons, l'article 10.2 de cette norme pr\u00e9cisait le taux de fuite de<\/p>\n<p><img loading=\"lazy\" decoding=\"async\" src=\"http:\/\/demo137.m-union.cn\/theme\/lixin-EN\/images\/blog-tb1.jpg\" alt=\"\" width=\"19\" height=\"19\" title=\"\">Lixin<br \/>\n<a href=\"http:\/\/lishg.junj.cn\/2023\/09\/19\/about-leakage-of-metal-seat-for-knife-gate-valve\/\" target=\"_blank\" rel=\"noopener\"><img loading=\"lazy\" decoding=\"async\" src=\"http:\/\/demo137.m-union.cn\/theme\/lixin-EN\/images\/blog-tb2.jpg\" alt=\"\" width=\"19\" height=\"19\" title=\"\"> En savoir plus<\/a><br \/>\n<a href=\"http:\/\/lishg.junj.cn\/2023\/09\/19\/ptfe-packing-leakage-reason\/\" target=\"_blank\" rel=\"noopener\"><img loading=\"lazy\" decoding=\"async\" src=\"http:\/\/lishg.junj.cn\/\/wp-content\/uploads\/2023\/09\/ptfe-packing-leakage-reason.jpg\" alt=\"Installation des vannes\" width=\"440\" height=\"300\" title=\"\"><\/a><br \/>\n<a href=\"http:\/\/lishg.junj.cn\/2023\/09\/19\/ptfe-packing-leakage-reason\/\" target=\"_blank\" rel=\"noopener\">Raison de la fuite de la garniture en PTFE<\/a><\/p>\n<p>Avant la livraison, LIIXN a test\u00e9 toutes les vannes et pourquoi y a-t-il \u00e9galement des fuites\u00a0? Nous doutons que\u00a0: 1. Lorsque la vanne est soumise \u00e0 un test de pression, il y aura une force pour provoquer l'expansion de la garniture, et apr\u00e8s le test\u2026<\/p>\n<p><img loading=\"lazy\" decoding=\"async\" src=\"http:\/\/demo137.m-union.cn\/theme\/lixin-EN\/images\/blog-tb1.jpg\" alt=\"\" width=\"19\" height=\"19\" title=\"\">Lixin<br \/>\n<a href=\"http:\/\/lishg.junj.cn\/2023\/09\/19\/ptfe-packing-leakage-reason\/\" target=\"_blank\" rel=\"noopener\"><img loading=\"lazy\" decoding=\"async\" src=\"http:\/\/demo137.m-union.cn\/theme\/lixin-EN\/images\/blog-tb2.jpg\" alt=\"\" width=\"19\" height=\"19\" title=\"\"> En savoir plus<\/a><br \/>\n<a href=\"http:\/\/lishg.junj.cn\/2023\/09\/19\/lift-type-plug-valve-working-process\/\" target=\"_blank\" rel=\"noopener\"><img loading=\"lazy\" decoding=\"async\" src=\"http:\/\/lishg.junj.cn\/\/wp-content\/uploads\/2023\/09\/lift-type-plug-valve-working-process.jpg\" alt=\"Installation des vannes\" width=\"440\" height=\"300\" title=\"\"><\/a><br \/>\n<a href=\"http:\/\/lishg.junj.cn\/2023\/09\/19\/lift-type-plug-valve-working-process\/\" target=\"_blank\" rel=\"noopener\">Processus de travail du robinet \u00e0 boisseau de type \u00e9l\u00e9vateur<\/a><\/p>\n<p>Processus d'ouverture et de fermeture de la vanne. Lorsque vous ouvrez la vanne, tournez d'abord le volant pour soulever le bouchon et le s\u00e9parer du joint scell\u00e9.<\/p>\n<p><img loading=\"lazy\" decoding=\"async\" src=\"http:\/\/demo137.m-union.cn\/theme\/lixin-EN\/images\/blog-tb1.jpg\" alt=\"\" width=\"19\" height=\"19\" title=\"\">Lixin<br \/>\n<a href=\"http:\/\/lishg.junj.cn\/2023\/09\/19\/lift-type-plug-valve-working-process\/\" target=\"_blank\" rel=\"noopener\"><img loading=\"lazy\" decoding=\"async\" src=\"http:\/\/demo137.m-union.cn\/theme\/lixin-EN\/images\/blog-tb2.jpg\" alt=\"\" width=\"19\" height=\"19\" title=\"\"> En savoir plus<\/a><br \/>\n<a href=\"http:\/\/lishg.junj.cn\/2023\/09\/19\/oil-resistant-sealing-grease-7903\/\" target=\"_blank\" rel=\"noopener\"><img loading=\"lazy\" decoding=\"async\" src=\"http:\/\/lishg.junj.cn\/\/wp-content\/uploads\/2023\/09\/oil-resistant-sealing-grease-7903.jpg\" alt=\"Installation des vannes\" width=\"440\" height=\"300\" title=\"\"><\/a><br \/>\n<a href=\"http:\/\/lishg.junj.cn\/2023\/09\/19\/oil-resistant-sealing-grease-7903\/\" target=\"_blank\" rel=\"noopener\">Graisse d'\u00e9tanch\u00e9it\u00e9 r\u00e9sistante \u00e0 l'huile 7903<\/a><\/p>\n<p>DASTON 7903 est formul\u00e9 \u00e0 partir de fluides synth\u00e9tiques, \u00e9paissis par un \u00e9paississant argileux organique.<\/p>\n<p><img loading=\"lazy\" decoding=\"async\" src=\"http:\/\/demo137.m-union.cn\/theme\/lixin-EN\/images\/blog-tb1.jpg\" alt=\"\" width=\"19\" height=\"19\" title=\"\">Lixin<br \/>\n<a href=\"http:\/\/lishg.junj.cn\/2023\/09\/19\/oil-resistant-sealing-grease-7903\/\" target=\"_blank\" rel=\"noopener\"><img loading=\"lazy\" decoding=\"async\" src=\"http:\/\/demo137.m-union.cn\/theme\/lixin-EN\/images\/blog-tb2.jpg\" alt=\"\" width=\"19\" height=\"19\" title=\"\"> En savoir plus<\/a><br \/>\n<!-- \u6682\u65f6\u6ca1\u6709\u627e\u5230\u76f8\u5e94\u7684\u6837\u5f0f\u4fee\u6539 --><br \/>\n<!--\n\n\n<ul>\n \t\n\n<li>1<\/li>\n\n\n \t\n\n<li clas=\"page-item\"><a href=\"\/blog?i=2\">2<\/a><\/li>\n\n\n \t\n\n<li clas=\"page-item\"><a href=\"\/blog?i=2\">\u00bb<\/a><\/li>\n\n\n<\/ul>\n\n\n--><br \/>\n1<a title=\"Page 2\" href=\"http:\/\/lishg.junj.cn\/wp-admin\/admin-ajax.php?paged=2\" target=\"_blank\" rel=\"noopener\">2<\/a><a title=\"Page 3\" href=\"http:\/\/lishg.junj.cn\/wp-admin\/admin-ajax.php?paged=3\" target=\"_blank\" rel=\"noopener\">3<\/a><a href=\"http:\/\/lishg.junj.cn\/wp-admin\/admin-ajax.php?paged=2\" rel=\"next noopener\" aria-label=\"Page suivante\" target=\"_blank\">\"<\/a><br \/>\nUne petite rivi\u00e8re nomm\u00e9e Duden coule \u00e0 c\u00f4t\u00e9 de chez eux et lui fournit les regelialia n\u00e9cessaires.<br \/>\nQuestion<\/p>","protected":false},"excerpt":{"rendered":"<p>Blog Accueil Blog Lixin Valve Group a de nouveau remport\u00e9 le prix de coop\u00e9ration approfondie 2022 pour EPEC Valve Zone. R\u00e9union r\u00e9capitulative pour le 5e anniversaire de la cr\u00e9ation d'EPEC Valve Zone. Du 2 au 3 mars 2023, la r\u00e9union de synth\u00e8se de la 5e introduction des vannes \u00e0 boisseau DBB LIXIN DBB est con\u00e7ue, fabriqu\u00e9e, test\u00e9e [\u2026]<\/p>","protected":false},"author":2,"featured_media":0,"parent":0,"menu_order":2,"comment_status":"closed","ping_status":"closed","template":"page-blog.php","meta":{"footnotes":""},"class_list":["post-75","page","type-page","status-publish","hentry"],"acf":[],"_links":{"self":[{"href":"https:\/\/www.lishgmachine.com\/fr\/wp-json\/wp\/v2\/pages\/75"}],"collection":[{"href":"https:\/\/www.lishgmachine.com\/fr\/wp-json\/wp\/v2\/pages"}],"about":[{"href":"https:\/\/www.lishgmachine.com\/fr\/wp-json\/wp\/v2\/types\/page"}],"author":[{"embeddable":true,"href":"https:\/\/www.lishgmachine.com\/fr\/wp-json\/wp\/v2\/users\/2"}],"replies":[{"embeddable":true,"href":"https:\/\/www.lishgmachine.com\/fr\/wp-json\/wp\/v2\/comments?post=75"}],"version-history":[{"count":1,"href":"https:\/\/www.lishgmachine.com\/fr\/wp-json\/wp\/v2\/pages\/75\/revisions"}],"predecessor-version":[{"id":5384,"href":"https:\/\/www.lishgmachine.com\/fr\/wp-json\/wp\/v2\/pages\/75\/revisions\/5384"}],"wp:attachment":[{"href":"https:\/\/www.lishgmachine.com\/fr\/wp-json\/wp\/v2\/media?parent=75"}],"curies":[{"name":"wp","href":"https:\/\/api.w.org\/{rel}","templated":true}]}}