{"id":4737,"date":"2024-07-12T17:35:58","date_gmt":"2024-07-12T09:35:58","guid":{"rendered":"http:\/\/www.lishgmachine.cn\/?post_type=product&#038;p=4737"},"modified":"2026-03-30T13:14:41","modified_gmt":"2026-03-30T05:14:41","slug":"automatic-4-6-color-ci-roll-to-roll-flexo-printing-machine","status":"publish","type":"product","link":"https:\/\/www.lishgmachine.com\/fr\/product\/automatic-4-6-color-ci-roll-to-roll-flexo-printing-machine","title":{"rendered":"Petit pain automatique de CI de 4 6 couleurs pour rouler la machine d'impression de Flexo"},"content":{"rendered":"<p><strong>Param\u00e8tre principal\u00a0:<\/strong><\/p>\n<div>\n<table border=\"1\">\n<tbody>\n<tr>\n<td colspan=\"2\">Sp\u00e9cification technique<\/td>\n<\/tr>\n<tr>\n<td>Mod\u00e8le<\/td>\n<td>YTC<\/td>\n<\/tr>\n<tr>\n<td>Largeur d'alimentation en mat\u00e9riau<\/td>\n<td>600mm 800mm 1000mm 1200mm<\/td>\n<\/tr>\n<tr>\n<td>Largeur d'impression maximale<\/td>\n<td>560\u00a0mm\u00a0760\u00a0mm 960\u00a0mm 1\u00a0160\u00a0mm<\/td>\n<\/tr>\n<tr>\n<td>Couleurs<\/td>\n<td>4colors<\/td>\n<\/tr>\n<tr>\n<td>Mat\u00e9riel<\/td>\n<td>Film<\/td>\n<\/tr>\n<tr>\n<td>\u00c9paisseur de plaque<\/td>\n<td>1,14 mm, 1,7 mm, 2,28 mm, 2,84 mm.\u00a03,94 mm<\/p>\n<p>Personnalis\u00e9 est disponible<\/td>\n<\/tr>\n<tr>\n<td>Longueur d'impression<\/td>\n<td>La norme est de 400 mm,<\/p>\n<p>Personnalis\u00e9 est disponible de 300 \u00e0 1000 mm<\/td>\n<\/tr>\n<tr>\n<td>Vitesse maximale de la machine<\/td>\n<td>150 m\/min<\/td>\n<\/tr>\n<tr>\n<td>Vitesse d'impression<\/td>\n<td>120 m\/min<\/td>\n<\/tr>\n<tr>\n<td>Pr\u00e9cision du registre<\/td>\n<td>enregistrement longitudinal \u00b1 0,2 mm<\/p>\n<p>Enregistrement transversal \u00b1 0,2\u00a0mm<\/td>\n<\/tr>\n<tr>\n<td>Type de structure<\/td>\n<td>Impression centrale (tambour central)<\/td>\n<\/tr>\n<tr>\n<td>Module d'engrenage<\/td>\n<td>1,5 mm<\/td>\n<\/tr>\n<tr>\n<td>M\u00e9thode de chauffage<\/td>\n<td>Chauffage \u00e9lectrique<\/td>\n<\/tr>\n<tr>\n<td>Max. temp\u00e9rature du four.<\/td>\n<td>Max. 80 \u2103 (temp\u00e9rature ambiante 20 \u2103)<\/td>\n<\/tr>\n<tr>\n<td>Papier d\u00e9rouleur\/rembobineur<\/td>\n<td>noyau 3\uff02<\/td>\n<\/tr>\n<tr>\n<td>Diam\u00e8tre max. du d\u00e9rouleur\/rembobineur.<\/td>\n<td>1200mm<\/td>\n<\/tr>\n<tr>\n<td>Encre appropri\u00e9e<\/td>\n<td>Encre \u00e0 base d'eau\/encre \u00e0 solvant<\/td>\n<\/tr>\n<\/tbody>\n<\/table>\n<\/div>\n<p><strong>Caract\u00e9ristiques:<\/strong><\/p>\n<p>1.Machine d'impression \u00e0 impression centrale avec un meilleur enregistrement des couleurs. Gr\u00e2ce au gros tambour, le mat\u00e9riau imprim\u00e9 est soutenu par le grand tambour, ce qui am\u00e9liore consid\u00e9rablement l'enregistrement des couleurs, en particulier avec les mat\u00e9riaux extensibles.<\/p>\n<p>2. Station d'impression toutes couleurs entra\u00een\u00e9e par le tambour central, moins d'erreurs de transmission en raison de moins de transmission par engrenages, augmente la pr\u00e9cision d'enregistrement.<\/p>\n<p>3. Adopter un moteur de haute qualit\u00e9, un onduleur de haute qualit\u00e9, \u00e9conomiser de l'\u00e9lectricit\u00e9, r\u00e9duire la fluctuation de fonctionnement.<\/p>\n<p>4. La machine est \u00e9quip\u00e9e d'un ventilateur et d'un chauffage\u00a0; et le radiateur utilisait un syst\u00e8me de contr\u00f4le central de la temp\u00e9rature, un contr\u00f4leur automatique de la temp\u00e9rature et une source de chaleur s\u00e9par\u00e9e.<\/p>\n<p>5. L'utilisation d'un four de s\u00e9chage individuel et d'un syst\u00e8me de vent froid peut emp\u00eacher efficacement l'adh\u00e9rence de l'encre apr\u00e8s l'impression.<\/p>\n<p>6.Le rouleau adopte un traitement sp\u00e9cial de l'acier et, gr\u00e2ce \u00e0 un traitement sp\u00e9cial, r\u00e9duit consid\u00e9rablement la plage de battement.<\/p>\n<p>7. Le rouleau d'impression utilise un traitement d'\u00e9quilibre statique et d'\u00e9quilibre dynamique, un traitement d'oxydation d'anode dure, une petite r\u00e9sistance, un battement petit, pour obtenir un effet d'impression enfin parfait.<\/p>\n<p>8. Effet d'impression pr\u00e9cis obtenu gr\u00e2ce \u00e0 un dispositif de transmission \u00e0 engrenages sp\u00e9cial.<\/p>\n<p>9. La machine d'impression peut toutes choisir des configurations avanc\u00e9es pour obtenir une haute qualit\u00e9 et un effet haute d\u00e9finition.<\/p>\n<p><strong>Papier:<\/strong><\/p>\n<p><img decoding=\"async\" src=\"https:\/\/lishg.com\/Tools\/kindeditor\/attached\/image\/20230504\/20230504135554_9565.jpg\" alt=\"\" title=\"\">\u00a0<img decoding=\"async\" src=\"https:\/\/lishg.com\/Tools\/kindeditor\/attached\/image\/20230504\/20230504135602_8316.jpg\" alt=\"\" title=\"\"><\/p>\n<p><strong>Film:<\/strong><\/p>\n<p><img decoding=\"async\" src=\"https:\/\/lishg.com\/Tools\/kindeditor\/attached\/image\/20230504\/20230504135742_0972.jpg\" alt=\"\" title=\"\">\u00a0<img decoding=\"async\" src=\"https:\/\/lishg.com\/Tools\/kindeditor\/attached\/image\/20230504\/20230504135619_5659.jpg\" alt=\"\" title=\"\"><\/p>","protected":false},"featured_media":5325,"template":"","product_category":[583],"class_list":["post-4737","product","type-product","status-publish","has-post-thumbnail","hentry","product_category-plastic-film-ci-flexo-printing-machine"],"acf":[],"_links":{"self":[{"href":"https:\/\/www.lishgmachine.com\/fr\/wp-json\/wp\/v2\/product\/4737"}],"collection":[{"href":"https:\/\/www.lishgmachine.com\/fr\/wp-json\/wp\/v2\/product"}],"about":[{"href":"https:\/\/www.lishgmachine.com\/fr\/wp-json\/wp\/v2\/types\/product"}],"wp:featuredmedia":[{"embeddable":true,"href":"https:\/\/www.lishgmachine.com\/fr\/wp-json\/wp\/v2\/media\/5325"}],"wp:attachment":[{"href":"https:\/\/www.lishgmachine.com\/fr\/wp-json\/wp\/v2\/media?parent=4737"}],"wp:term":[{"taxonomy":"product_category","embeddable":true,"href":"https:\/\/www.lishgmachine.com\/fr\/wp-json\/wp\/v2\/product_category?post=4737"}],"curies":[{"name":"wp","href":"https:\/\/api.w.org\/{rel}","templated":true}]}}