{"id":4814,"date":"2024-07-13T16:43:28","date_gmt":"2024-07-13T08:43:28","guid":{"rendered":"http:\/\/www.lishgmachine.cn\/product\/250m-min-4-6-8-colors-central-drum-ci-flexo-printing-machine-for-kraft-paper-copy\/"},"modified":"2026-01-16T17:38:59","modified_gmt":"2026-01-16T09:38:59","slug":"ci-flexo-printing-process-paper-bag-printing","status":"publish","type":"product","link":"https:\/\/www.lishgmachine.com\/fr\/product\/ci-flexo-printing-process-paper-bag-printing","title":{"rendered":"Processus d'impression flexographique CI Impression de sacs en papier"},"content":{"rendered":"<p><strong>Moteur et fonctionnement Web\u00a0:<\/strong><\/p>\n<ol>\n<li>Le moteur utilise de la fonte alli\u00e9e \u00e0 haute r\u00e9sistance avec de faibles vibrations, un moulage en sable de r\u00e9sine et un traitement de vieillissement par vibration.<\/li>\n<li>Structure de rouleau de guidage int\u00e9gr\u00e9e.<\/li>\n<li>Construction de conception en couches.<\/li>\n<li>\u00c9paisseur du moteur : 100 mm.<\/li>\n<li>Diam\u00e8tre du rouleau de guidage\u00a0: \u03c6100\u00a0mm (traitement de surface anodis\u00e9).<\/li>\n<\/ol>\n<p>&nbsp;<\/p>\n<p><strong>Param\u00e8tres principaux\u00a0:<\/strong><\/p>\n<table>\n<thead>\n<tr>\n<th style=\"text-align: left;\">Article<\/th>\n<th>Cumul-4 6 8 Couleur<\/th>\n<\/tr>\n<\/thead>\n<tbody>\n<tr>\n<td>Largeur d'alimentation<\/td>\n<td>600 mm, 800 mm, 1 000 mm, 1 200 mm, 1 400 mm<\/td>\n<\/tr>\n<tr>\n<td>Zone d'impression maximale<\/td>\n<td>560 mm, 760 mm, 960 mm, 1160 mm, 1360 mm<\/td>\n<\/tr>\n<tr>\n<td>Conception<\/td>\n<td>4 6 8 couleurs<\/td>\n<\/tr>\n<tr>\n<td>Mat\u00e9riels<\/td>\n<td>PE, PET, BOPP, PVC, membrane, non-tiss\u00e9, film respirant<\/td>\n<\/tr>\n<tr>\n<td>\u00c9paisseur de la plaque<\/td>\n<td>1,14 mm, 1,7 mm, 2,28 mm, 2,84 mm, 3,94 mm (personnalisable)<\/td>\n<\/tr>\n<tr>\n<td>Th\u00e8me d'impression<\/td>\n<td>Standard : 400 mm, personnalisable 380-800 mm<\/td>\n<\/tr>\n<tr>\n<td>Vitesse d'impression maximale<\/td>\n<td>250 m\/min<\/td>\n<\/tr>\n<tr>\n<td>Pr\u00e9cision de l'enregistrement<\/td>\n<td>Longitudinal : \u00b10,15 mm, lat\u00e9ral : \u00b10,15 mm<\/td>\n<\/tr>\n<tr>\n<td>Type de structure<\/td>\n<td>Empreinte centrale (tambour central)<\/td>\n<\/tr>\n<tr>\n<td>Mod\u00e8le d'engrenage<\/td>\n<td>1,5 mm<\/td>\n<\/tr>\n<tr>\n<td>M\u00e9thode de chauffage<\/td>\n<td>Chauffage \u00e9lectrique<\/td>\n<\/tr>\n<tr>\n<td>Temp\u00e9rature maximale du four<\/td>\n<td>Max 80 \u2103 (temp\u00e9rature ambiante 20 \u2103)<\/td>\n<\/tr>\n<tr>\n<td>Noyau du d\u00e9rouleur\/rembobineur<\/td>\n<td>Noyau 3\u2033<\/td>\n<\/tr>\n<tr>\n<td>Diam\u00e8tre maximum du d\u00e9rouleur\/rembobineur<\/td>\n<td>1000mm<\/td>\n<\/tr>\n<tr>\n<td>Encre applicable<\/td>\n<td>Encre \u00e0 base de solvant<\/td>\n<\/tr>\n<\/tbody>\n<\/table>\n<div><\/div>\n<div class=\"table-responsive\">\n<table class=\"table\" style=\"width: 100%;\" border=\"0\" align=\"center\">\n<tbody>\n<tr>\n<td style=\"width: 49.5119%;\"><img loading=\"lazy\" decoding=\"async\" class=\"alignnone size-full wp-image-4787\" src=\"http:\/\/www.lishgmachine.cn\/wp-content\/uploads\/2024\/07\/lishg-Company-Environment-1.jpg\" alt=\"\" width=\"774\" height=\"500\" title=\"\" srcset=\"https:\/\/www.lishgmachine.com\/wp-content\/uploads\/2024\/07\/lishg-Company-Environment-1.jpg 774w, https:\/\/www.lishgmachine.com\/wp-content\/uploads\/2024\/07\/lishg-Company-Environment-1-300x194.jpg 300w, https:\/\/www.lishgmachine.com\/wp-content\/uploads\/2024\/07\/lishg-Company-Environment-1-768x496.jpg 768w\" sizes=\"(max-width: 774px) 100vw, 774px\" \/><\/td>\n<td style=\"width: 49.5119%;\"><img loading=\"lazy\" decoding=\"async\" class=\"alignnone size-full wp-image-4788\" src=\"http:\/\/www.lishgmachine.cn\/wp-content\/uploads\/2024\/07\/lishg-Company-Environment-2.jpg\" alt=\"\" width=\"774\" height=\"500\" title=\"\" srcset=\"https:\/\/www.lishgmachine.com\/wp-content\/uploads\/2024\/07\/lishg-Company-Environment-2.jpg 774w, https:\/\/www.lishgmachine.com\/wp-content\/uploads\/2024\/07\/lishg-Company-Environment-2-300x194.jpg 300w, https:\/\/www.lishgmachine.com\/wp-content\/uploads\/2024\/07\/lishg-Company-Environment-2-768x496.jpg 768w\" sizes=\"(max-width: 774px) 100vw, 774px\" \/><\/td>\n<\/tr>\n<tr>\n<td style=\"width: 49.5119%;\"><img loading=\"lazy\" decoding=\"async\" class=\"alignnone size-full wp-image-4789\" src=\"http:\/\/www.lishgmachine.cn\/wp-content\/uploads\/2024\/07\/lishg-Company-Environment-3.jpg\" alt=\"\" width=\"774\" height=\"500\" title=\"\" srcset=\"https:\/\/www.lishgmachine.com\/wp-content\/uploads\/2024\/07\/lishg-Company-Environment-3.jpg 774w, https:\/\/www.lishgmachine.com\/wp-content\/uploads\/2024\/07\/lishg-Company-Environment-3-300x194.jpg 300w, https:\/\/www.lishgmachine.com\/wp-content\/uploads\/2024\/07\/lishg-Company-Environment-3-768x496.jpg 768w\" sizes=\"(max-width: 774px) 100vw, 774px\" \/><\/td>\n<td style=\"width: 49.5119%;\"><img loading=\"lazy\" decoding=\"async\" class=\"alignnone size-full wp-image-4790\" src=\"http:\/\/www.lishgmachine.cn\/wp-content\/uploads\/2024\/07\/lishg-Company-Environment-4.jpg\" alt=\"\" width=\"774\" height=\"500\" title=\"\" srcset=\"https:\/\/www.lishgmachine.com\/wp-content\/uploads\/2024\/07\/lishg-Company-Environment-4.jpg 774w, https:\/\/www.lishgmachine.com\/wp-content\/uploads\/2024\/07\/lishg-Company-Environment-4-300x194.jpg 300w, https:\/\/www.lishgmachine.com\/wp-content\/uploads\/2024\/07\/lishg-Company-Environment-4-768x496.jpg 768w\" sizes=\"(max-width: 774px) 100vw, 774px\" \/><\/td>\n<\/tr>\n<tr>\n<td style=\"width: 49.5119%;\"><img loading=\"lazy\" decoding=\"async\" class=\"alignnone size-full wp-image-4791\" src=\"http:\/\/www.lishgmachine.cn\/wp-content\/uploads\/2024\/07\/lishg-Company-Environment-5.jpg\" alt=\"\" width=\"774\" height=\"500\" title=\"\" srcset=\"https:\/\/www.lishgmachine.com\/wp-content\/uploads\/2024\/07\/lishg-Company-Environment-5.jpg 774w, https:\/\/www.lishgmachine.com\/wp-content\/uploads\/2024\/07\/lishg-Company-Environment-5-300x194.jpg 300w, https:\/\/www.lishgmachine.com\/wp-content\/uploads\/2024\/07\/lishg-Company-Environment-5-768x496.jpg 768w\" sizes=\"(max-width: 774px) 100vw, 774px\" \/><\/td>\n<td style=\"width: 49.5119%;\"><img loading=\"lazy\" decoding=\"async\" class=\"alignnone size-full wp-image-4792\" src=\"http:\/\/www.lishgmachine.cn\/wp-content\/uploads\/2024\/07\/lishg-Company-Environment-6.jpg\" alt=\"\" width=\"774\" height=\"500\" title=\"\" srcset=\"https:\/\/www.lishgmachine.com\/wp-content\/uploads\/2024\/07\/lishg-Company-Environment-6.jpg 774w, https:\/\/www.lishgmachine.com\/wp-content\/uploads\/2024\/07\/lishg-Company-Environment-6-300x194.jpg 300w, https:\/\/www.lishgmachine.com\/wp-content\/uploads\/2024\/07\/lishg-Company-Environment-6-768x496.jpg 768w\" sizes=\"(max-width: 774px) 100vw, 774px\" \/><\/td>\n<\/tr>\n<\/tbody>\n<\/table>\n<p>&nbsp;<\/p>\n<\/div>","protected":false},"featured_media":5894,"template":"","product_category":[11,615],"class_list":["post-4814","product","type-product","status-publish","has-post-thumbnail","hentry","product_category-ci-flexo-printing-machine","product_category-ytc-series"],"acf":[],"_links":{"self":[{"href":"https:\/\/www.lishgmachine.com\/fr\/wp-json\/wp\/v2\/product\/4814"}],"collection":[{"href":"https:\/\/www.lishgmachine.com\/fr\/wp-json\/wp\/v2\/product"}],"about":[{"href":"https:\/\/www.lishgmachine.com\/fr\/wp-json\/wp\/v2\/types\/product"}],"wp:featuredmedia":[{"embeddable":true,"href":"https:\/\/www.lishgmachine.com\/fr\/wp-json\/wp\/v2\/media\/5894"}],"wp:attachment":[{"href":"https:\/\/www.lishgmachine.com\/fr\/wp-json\/wp\/v2\/media?parent=4814"}],"wp:term":[{"taxonomy":"product_category","embeddable":true,"href":"https:\/\/www.lishgmachine.com\/fr\/wp-json\/wp\/v2\/product_category?post=4814"}],"curies":[{"name":"wp","href":"https:\/\/api.w.org\/{rel}","templated":true}]}}