{"id":4889,"date":"2024-07-17T16:23:13","date_gmt":"2024-07-17T08:23:13","guid":{"rendered":"http:\/\/www.lishgmachine.cn\/product\/6-8-color-stack-flexographic-printing-machine-for-opp-pe-film-plastic-bag-copy\/"},"modified":"2026-03-04T16:22:38","modified_gmt":"2026-03-04T08:22:38","slug":"4-color-stack-printing-press-for-food-packaging-non-woven-bag","status":"publish","type":"product","link":"https:\/\/www.lishgmachine.com\/fr\/product\/4-color-stack-printing-press-for-food-packaging-non-woven-bag","title":{"rendered":"Presse \u00e0 imprimer \u00e0 pile de 4 couleurs pour sac non tiss\u00e9 d'emballage alimentaire"},"content":{"rendered":"<h5><strong>Param\u00e8tre principal\u00a0:<\/strong><\/h5>\n<table style=\"width: 100%;\" border=\"0\" width=\"100%\" cellspacing=\"0\" cellpadding=\"0\">\n<tbody>\n<tr>\n<td width=\"332\" height=\"18\">Mod\u00e8le<\/td>\n<td width=\"492\">YOUTUBE<\/td>\n<\/tr>\n<tr>\n<td height=\"18\">Taper<\/td>\n<td>Empiler<\/td>\n<\/tr>\n<tr>\n<td height=\"18\">Largeur de machine standard<\/td>\n<td>600mm 800mm 1000mm 1200mm<\/td>\n<\/tr>\n<tr>\n<td height=\"18\">Largeur d'alimentation en mat\u00e9riau<\/td>\n<td>200-1600 mm, peut \u00e9galement \u00eatre personnalis\u00e9 pour un mat\u00e9riau plus large<\/td>\n<\/tr>\n<tr>\n<td height=\"18\">Largeur d'impression<\/td>\n<td>160-1560 mm, peut \u00e9galement \u00eatre personnalis\u00e9 pour un mat\u00e9riau plus large<\/td>\n<\/tr>\n<tr>\n<td height=\"18\">Longueur d'impression<\/td>\n<td>La norme est de 400 mm, peut \u00eatre personnalis\u00e9e de 300 \u00e0 1 000 mm.<\/td>\n<\/tr>\n<tr>\n<td height=\"18\">Vitesse maximale de la machine<\/td>\n<td>100 m\/min<\/td>\n<\/tr>\n<tr>\n<td height=\"36\">Vitesse d'impression<\/td>\n<td width=\"492\">10-80 m\/min<br \/>\nLa lame de docteur d'\u00e9quipement de chambre peut atteindre 100 m\/min<\/td>\n<\/tr>\n<tr>\n<td height=\"18\">Pr\u00e9cision du registre<\/td>\n<td>\u22640,3 mm<\/td>\n<\/tr>\n<tr>\n<td height=\"18\">\u00c9paisseur de plaque<\/td>\n<td>1,14 mm 1,7 mm 2,28 mm 2,84 mm 3,94 mm peut \u00eatre personnalis\u00e9<\/td>\n<\/tr>\n<tr>\n<td height=\"18\">Engrenage<\/td>\n<td>1,5 mm<\/td>\n<\/tr>\n<tr>\n<td height=\"18\">Transmission<\/td>\n<td>Courroie synchrone<\/td>\n<\/tr>\n<tr>\n<td height=\"18\">Chauffage<\/td>\n<td>Chauffage \u00c9lectricit\u00e9<\/td>\n<\/tr>\n<tr>\n<td height=\"18\">Double \u00e9paisseur de ruban pour plaque de b\u00e2ton<\/td>\n<td>0,38 mm 0,5 mm peut \u00eatre personnalis\u00e9<\/td>\n<\/tr>\n<\/tbody>\n<\/table>\n<p>&nbsp;<\/p>\n<h5>Sections d'impression\u00a0:<\/h5>\n<p>1.\u00a0Circonf\u00e9rence du rouleau de plaque\u00a0:\u00a0300-1\u00a0000\u00a0mm, standard inf\u00e9rieur \u00e0 400\u00a0mm<\/p>\n<p>2.\u00a0mat\u00e9riel d'impression\u00a0: plaque de r\u00e9sine ou plaque de caoutchouc<\/p>\n<p>3.\u00a0Transmission entre le rouleau d'impression et le rouleau anilox\u00a0:\u00a0engrenages h\u00e9lico\u00efdaux<\/p>\n<p>4.\u00a0chromatographie d'impression\u00a0: rotation \u00e0 360\u00a0degr\u00e9s<\/p>\n<p>5.\u00a0M\u00e9thode de r\u00e9glage\u00a0:\u00a0par manuel (impression automatique apr\u00e8s r\u00e9glage manuel, au d\u00e9marrage de la machine, pas besoin d'enregistrer \u00e0 nouveau la couleur, la pression d'impression et le registre restent tous les m\u00eames.)<\/p>\n<p>6.\u00a0Syst\u00e8me de levage du rouleau d'impression\u00a0: pneumatique<\/p>\n<p>&nbsp;<\/p>\n<h5>\u00c9chantillon d'impression\u00a0:<\/h5>\n<p><strong>Papier<\/strong><\/p>\n<p><img loading=\"lazy\" decoding=\"async\" class=\"alignnone size-full wp-image-4893\" src=\"http:\/\/www.lishgmachine.cn\/wp-content\/uploads\/2024\/07\/Paper-2-1.jpg\" alt=\"\" width=\"400\" height=\"300\" title=\"\" srcset=\"https:\/\/www.lishgmachine.com\/wp-content\/uploads\/2024\/07\/Paper-2-1.jpg 400w, https:\/\/www.lishgmachine.com\/wp-content\/uploads\/2024\/07\/Paper-2-1-300x225.jpg 300w\" sizes=\"(max-width: 400px) 100vw, 400px\" \/><\/p>\n<p><strong>Film<\/strong><\/p>\n<p><img loading=\"lazy\" decoding=\"async\" class=\"alignnone size-full wp-image-4867\" src=\"http:\/\/www.lishgmachine.cn\/wp-content\/uploads\/2024\/07\/Printing-sample-11.jpg\" alt=\"\" width=\"400\" height=\"400\" title=\"\" srcset=\"https:\/\/www.lishgmachine.com\/wp-content\/uploads\/2024\/07\/Printing-sample-11.jpg 400w, https:\/\/www.lishgmachine.com\/wp-content\/uploads\/2024\/07\/Printing-sample-11-300x300.jpg 300w, https:\/\/www.lishgmachine.com\/wp-content\/uploads\/2024\/07\/Printing-sample-11-150x150.jpg 150w\" sizes=\"(max-width: 400px) 100vw, 400px\" \/><\/p>\n<p>&nbsp;<\/p>\n<h5><strong>Notre service<\/strong><\/h5>\n<table style=\"width: 100%;\" border=\"0\" cellspacing=\"0\" cellpadding=\"0\">\n<tbody>\n<tr>\n<td style=\"width: 49.8274%;\" width=\"433\" height=\"100\"><img loading=\"lazy\" decoding=\"async\" class=\"alignnone size-full wp-image-4779\" src=\"http:\/\/www.lishgmachine.cn\/wp-content\/uploads\/2024\/07\/Pre-Sales-One-stop-Service.jpg\" alt=\"\" width=\"774\" height=\"450\" title=\"\" srcset=\"https:\/\/www.lishgmachine.com\/wp-content\/uploads\/2024\/07\/Pre-Sales-One-stop-Service.jpg 774w, https:\/\/www.lishgmachine.com\/wp-content\/uploads\/2024\/07\/Pre-Sales-One-stop-Service-300x174.jpg 300w, https:\/\/www.lishgmachine.com\/wp-content\/uploads\/2024\/07\/Pre-Sales-One-stop-Service-768x447.jpg 768w\" sizes=\"(max-width: 774px) 100vw, 774px\" \/><\/td>\n<td style=\"width: 49.8274%;\" width=\"433\"><img loading=\"lazy\" decoding=\"async\" class=\"alignnone size-full wp-image-4780\" src=\"http:\/\/www.lishgmachine.cn\/wp-content\/uploads\/2024\/07\/After-Sales-Service.jpg\" alt=\"\" width=\"774\" height=\"450\" title=\"\" srcset=\"https:\/\/www.lishgmachine.com\/wp-content\/uploads\/2024\/07\/After-Sales-Service.jpg 774w, https:\/\/www.lishgmachine.com\/wp-content\/uploads\/2024\/07\/After-Sales-Service-300x174.jpg 300w, https:\/\/www.lishgmachine.com\/wp-content\/uploads\/2024\/07\/After-Sales-Service-768x447.jpg 768w\" sizes=\"(max-width: 774px) 100vw, 774px\" \/><\/td>\n<\/tr>\n<tr>\n<td style=\"width: 49.8274%;\" width=\"433\" height=\"197\"><strong>Service \u00e0 guichet unique avant-vente<\/strong><br \/>\n* Assistance aux demandes de renseignements et aux conseils<br \/>\n* Derni\u00e8res tendances de l'industrie<br \/>\n* Solution d'impression plus adapt\u00e9e<br \/>\n* Prise en charge d'\u00e9chantillons de tests<br \/>\n* Voir notre usine<br \/>\n* Sugg\u00e9rer un support de mise en page<\/td>\n<td style=\"width: 49.8274%;\" width=\"433\"><strong>Service apr\u00e8s-vente<\/strong><br \/>\n*Garantie d'un an<br \/>\n* Vid\u00e9o de test de la machine avant livraison<br \/>\n* Manuel en anglais, sch\u00e9ma \u00e9lectrique<br \/>\n* Formation \u00e0 l'installation de la machine,<br \/>\n* formation \u00e0 l'utilisation de la machine<br \/>\n* Ing\u00e9nieurs disponibles pour entretenir les machines \u00e0 l'\u00e9tranger<\/td>\n<\/tr>\n<\/tbody>\n<\/table>\n<p>&nbsp;<\/p>\n<h5><strong>Les photos de notre entreprise vous permettent de conna\u00eetre mon entreprise<\/strong><\/h5>\n<div class=\"table-responsive\">\n<table class=\"table\" style=\"width: 100%;\" border=\"0\" align=\"center\">\n<tbody>\n<tr>\n<td style=\"width: 49.5119%;\"><img loading=\"lazy\" decoding=\"async\" class=\"alignnone size-full wp-image-4787\" src=\"http:\/\/www.lishgmachine.cn\/wp-content\/uploads\/2024\/07\/lishg-Company-Environment-1.jpg\" alt=\"\" width=\"774\" height=\"500\" title=\"\" srcset=\"https:\/\/www.lishgmachine.com\/wp-content\/uploads\/2024\/07\/lishg-Company-Environment-1.jpg 774w, https:\/\/www.lishgmachine.com\/wp-content\/uploads\/2024\/07\/lishg-Company-Environment-1-300x194.jpg 300w, https:\/\/www.lishgmachine.com\/wp-content\/uploads\/2024\/07\/lishg-Company-Environment-1-768x496.jpg 768w\" sizes=\"(max-width: 774px) 100vw, 774px\" \/><\/td>\n<td style=\"width: 49.5119%;\"><img loading=\"lazy\" decoding=\"async\" class=\"alignnone size-full wp-image-4788\" src=\"http:\/\/www.lishgmachine.cn\/wp-content\/uploads\/2024\/07\/lishg-Company-Environment-2.jpg\" alt=\"\" width=\"774\" height=\"500\" title=\"\" srcset=\"https:\/\/www.lishgmachine.com\/wp-content\/uploads\/2024\/07\/lishg-Company-Environment-2.jpg 774w, https:\/\/www.lishgmachine.com\/wp-content\/uploads\/2024\/07\/lishg-Company-Environment-2-300x194.jpg 300w, https:\/\/www.lishgmachine.com\/wp-content\/uploads\/2024\/07\/lishg-Company-Environment-2-768x496.jpg 768w\" sizes=\"(max-width: 774px) 100vw, 774px\" \/><\/td>\n<\/tr>\n<tr>\n<td style=\"width: 49.5119%;\"><img loading=\"lazy\" decoding=\"async\" class=\"alignnone size-full wp-image-4789\" src=\"http:\/\/www.lishgmachine.cn\/wp-content\/uploads\/2024\/07\/lishg-Company-Environment-3.jpg\" alt=\"\" width=\"774\" height=\"500\" title=\"\" srcset=\"https:\/\/www.lishgmachine.com\/wp-content\/uploads\/2024\/07\/lishg-Company-Environment-3.jpg 774w, https:\/\/www.lishgmachine.com\/wp-content\/uploads\/2024\/07\/lishg-Company-Environment-3-300x194.jpg 300w, https:\/\/www.lishgmachine.com\/wp-content\/uploads\/2024\/07\/lishg-Company-Environment-3-768x496.jpg 768w\" sizes=\"(max-width: 774px) 100vw, 774px\" \/><\/td>\n<td style=\"width: 49.5119%;\"><img loading=\"lazy\" decoding=\"async\" class=\"alignnone size-full wp-image-4790\" src=\"http:\/\/www.lishgmachine.cn\/wp-content\/uploads\/2024\/07\/lishg-Company-Environment-4.jpg\" alt=\"\" width=\"774\" height=\"500\" title=\"\" srcset=\"https:\/\/www.lishgmachine.com\/wp-content\/uploads\/2024\/07\/lishg-Company-Environment-4.jpg 774w, https:\/\/www.lishgmachine.com\/wp-content\/uploads\/2024\/07\/lishg-Company-Environment-4-300x194.jpg 300w, https:\/\/www.lishgmachine.com\/wp-content\/uploads\/2024\/07\/lishg-Company-Environment-4-768x496.jpg 768w\" sizes=\"(max-width: 774px) 100vw, 774px\" \/><\/td>\n<\/tr>\n<tr>\n<td style=\"width: 49.5119%;\"><img loading=\"lazy\" decoding=\"async\" class=\"alignnone size-full wp-image-4791\" src=\"http:\/\/www.lishgmachine.cn\/wp-content\/uploads\/2024\/07\/lishg-Company-Environment-5.jpg\" alt=\"\" width=\"774\" height=\"500\" title=\"\" srcset=\"https:\/\/www.lishgmachine.com\/wp-content\/uploads\/2024\/07\/lishg-Company-Environment-5.jpg 774w, https:\/\/www.lishgmachine.com\/wp-content\/uploads\/2024\/07\/lishg-Company-Environment-5-300x194.jpg 300w, https:\/\/www.lishgmachine.com\/wp-content\/uploads\/2024\/07\/lishg-Company-Environment-5-768x496.jpg 768w\" sizes=\"(max-width: 774px) 100vw, 774px\" \/><\/td>\n<td style=\"width: 49.5119%;\"><img loading=\"lazy\" decoding=\"async\" class=\"alignnone size-full wp-image-4792\" src=\"http:\/\/www.lishgmachine.cn\/wp-content\/uploads\/2024\/07\/lishg-Company-Environment-6.jpg\" alt=\"\" width=\"774\" height=\"500\" title=\"\" srcset=\"https:\/\/www.lishgmachine.com\/wp-content\/uploads\/2024\/07\/lishg-Company-Environment-6.jpg 774w, https:\/\/www.lishgmachine.com\/wp-content\/uploads\/2024\/07\/lishg-Company-Environment-6-300x194.jpg 300w, https:\/\/www.lishgmachine.com\/wp-content\/uploads\/2024\/07\/lishg-Company-Environment-6-768x496.jpg 768w\" sizes=\"(max-width: 774px) 100vw, 774px\" \/><\/td>\n<\/tr>\n<\/tbody>\n<\/table>\n<p>&nbsp;<\/p>\n<\/div>","protected":false},"featured_media":5339,"template":"","product_category":[613,13],"class_list":["post-4889","product","type-product","status-publish","has-post-thumbnail","hentry","product_category-ytb-series","product_category-stack-flexo-printing-machine"],"acf":[],"_links":{"self":[{"href":"https:\/\/www.lishgmachine.com\/fr\/wp-json\/wp\/v2\/product\/4889"}],"collection":[{"href":"https:\/\/www.lishgmachine.com\/fr\/wp-json\/wp\/v2\/product"}],"about":[{"href":"https:\/\/www.lishgmachine.com\/fr\/wp-json\/wp\/v2\/types\/product"}],"wp:featuredmedia":[{"embeddable":true,"href":"https:\/\/www.lishgmachine.com\/fr\/wp-json\/wp\/v2\/media\/5339"}],"wp:attachment":[{"href":"https:\/\/www.lishgmachine.com\/fr\/wp-json\/wp\/v2\/media?parent=4889"}],"wp:term":[{"taxonomy":"product_category","embeddable":true,"href":"https:\/\/www.lishgmachine.com\/fr\/wp-json\/wp\/v2\/product_category?post=4889"}],"curies":[{"name":"wp","href":"https:\/\/api.w.org\/{rel}","templated":true}]}}