{"id":5322,"date":"2024-10-16T10:31:06","date_gmt":"2024-10-16T02:31:06","guid":{"rendered":"https:\/\/www.lishgmachine.cn\/?post_type=product&#038;p=5314"},"modified":"2026-03-03T15:58:43","modified_gmt":"2026-03-03T07:58:43","slug":"8-colors-full-servo-gearless-flexographic-printing-machine","status":"publish","type":"product","link":"https:\/\/www.lishgmachine.com\/fr\/product\/8-colors-full-servo-gearless-flexographic-printing-machine","title":{"rendered":"Machine d'impression flexographique sans engrenage enti\u00e8rement servo de 8 couleurs"},"content":{"rendered":"<h5>Application du produit\u00a0:<\/h5>\n<p>Largeur maximale du mat\u00e9riau : 1200 mm<br \/>\nCouleur d'impression: 8 couleurs<br \/>\nLargeur d'impression maximale\u00a0: 1160\u00a0mm<br \/>\nVitesse m\u00e9canique des machines\u00a0: 420 m\/min<br \/>\nMax. Vitesse d'impression du mat\u00e9riau\u00a0: 350-400 m\/min, selon diff\u00e9rents mat\u00e9riaux et conceptions d'impression<br \/>\nMat\u00e9riau\u00a0: papier, PE, PET, BOPP, PVC<br \/>\nMax. Longueur d'impression (r\u00e9p\u00e9tition) : 400 mm-800 mm<br \/>\nPuissance de la machine\u00a0: 380\u00a0V, 3PH, 50\u00a0HZ\/60\u00a0HZ<br \/>\nLa machine d'impression flexo \u00e0 manchons sans engrenage adopte un syst\u00e8me d'asservissement complet avanc\u00e9. Par rapport aux machines d'impression \u00e0 transmission \u00e0 engrenages traditionnelles, elle est plus rapide, r\u00e9alise un enregistrement des couleurs enti\u00e8rement automatique et pr\u00e9sente des co\u00fbts de maintenance inf\u00e9rieurs.<\/p>\n<p>&nbsp;<\/p>\n<h5>Caract\u00e9ristiques des machines\u00a0:<\/h5>\n<p>1. D\u00e9roulage et rembobinage continus<br \/>\n2. Le syst\u00e8me d'impression servo complet \u00e0 manchon sans engrenage<br \/>\n3. Enregistrement des couleurs enti\u00e8rement automatique<br \/>\n4. Syst\u00e8me de s\u00e9chage de contr\u00f4le de conversion de fr\u00e9quence enti\u00e8rement automatique<\/p>\n<p>&nbsp;<\/p>\n<h5>Sp\u00e9cification technique<\/h5>\n<table style=\"width: 100%;\" border=\"0\" width=\"100%\" cellspacing=\"0\" cellpadding=\"0\">\n<tbody>\n<tr>\n<td width=\"254\" height=\"19\">Mod\u00e8le<\/td>\n<td width=\"438\">YTE-61200mm<\/td>\n<\/tr>\n<tr>\n<td width=\"254\" height=\"19\">Largeur maximale du mat\u00e9riau<\/td>\n<td width=\"438\">1200mm<\/td>\n<\/tr>\n<tr>\n<td width=\"254\" height=\"19\">Couleur d'impression<\/td>\n<td width=\"438\">8 couleurs<\/td>\n<\/tr>\n<tr>\n<td width=\"254\" height=\"19\">Largeur maximale d'impression<\/td>\n<td width=\"438\">1160mm<\/td>\n<\/tr>\n<tr>\n<td width=\"254\" height=\"19\">Vitesse m\u00e9canique des machines<\/td>\n<td width=\"438\">420 m\/min<\/td>\n<\/tr>\n<tr>\n<td width=\"254\" height=\"19\">Vitesse maximale d'impression du mat\u00e9riau<\/td>\n<td width=\"438\">350-400 m\/min, selon diff\u00e9rents mat\u00e9riaux et conceptions d'impression<\/td>\n<\/tr>\n<tr>\n<td width=\"254\" height=\"19\">Mat\u00e9riel<\/td>\n<td width=\"438\">Papier, PE, PET, BOPP, PVC<\/td>\n<\/tr>\n<tr>\n<td width=\"254\" height=\"19\">Longueur maximale d'impression (r\u00e9p\u00e9tition)<\/td>\n<td width=\"438\">400mm-800mm<\/td>\n<\/tr>\n<tr>\n<td width=\"254\" height=\"19\">Cylindre d'impression<\/td>\n<td width=\"438\">Type de manche<\/td>\n<\/tr>\n<tr>\n<td width=\"254\" height=\"19\">Rouleau Anilox en c\u00e9ramique<\/td>\n<td width=\"438\">Type de manche<\/td>\n<\/tr>\n<tr>\n<td width=\"254\" height=\"19\">Max.Diam\u00e8tre de d\u00e9roulement\/rembobinage<\/td>\n<td width=\"438\">\u03a6800mm<\/td>\n<\/tr>\n<tr>\n<td width=\"254\" height=\"19\">\u00c9paisseur du ruban adh\u00e9sif<\/td>\n<td width=\"438\">0,38 mm<\/td>\n<\/tr>\n<tr>\n<td width=\"254\" height=\"19\">\u00c9paisseur de la plaque<\/td>\n<td width=\"438\">1,7 mm, 1,14 mm, 2,84 mm, 2,28 mm ou selon votre demande<\/td>\n<\/tr>\n<tr>\n<td width=\"254\" height=\"19\">Pr\u00e9cision de l'enregistrement<\/td>\n<td width=\"438\">\u00b10,08 mm<\/td>\n<\/tr>\n<tr>\n<td width=\"254\" height=\"19\">M\u00e9thode de chauffage<\/td>\n<td width=\"438\">Chauffage \u00e9lectrique<\/td>\n<\/tr>\n<tr>\n<td width=\"254\" height=\"19\">Encre<\/td>\n<td width=\"438\">Encre \u00e0 base d'eau ou encre \u00e0 solvant<\/td>\n<\/tr>\n<tr>\n<td width=\"254\" height=\"19\">Pouvoir<\/td>\n<td width=\"438\">Tension : 380 V, 3PH, 50 Hz\/60 Hz.<\/td>\n<\/tr>\n<\/tbody>\n<\/table>\n<p>&nbsp;<\/p>\n<h5>\u00c9chantillon d'impression<\/h5>\n<p><img loading=\"lazy\" decoding=\"async\" class=\"alignnone size-full wp-image-5316\" src=\"http:\/\/www.lishgmachine.cn\/wp-content\/uploads\/2024\/10\/Printing-sample.png\" alt=\"\" width=\"754\" height=\"470\" title=\"\" srcset=\"https:\/\/www.lishgmachine.com\/wp-content\/uploads\/2024\/10\/Printing-sample.png 754w, https:\/\/www.lishgmachine.com\/wp-content\/uploads\/2024\/10\/Printing-sample-300x187.png 300w\" sizes=\"(max-width: 754px) 100vw, 754px\" \/><\/p>\n<p>&nbsp;<\/p>\n<h5>D\u00e9tail de la machine<\/h5>\n<table style=\"width: 100%;\">\n<tbody>\n<tr>\n<td style=\"width: 50%;\"><img loading=\"lazy\" decoding=\"async\" src=\"http:\/\/www.lishgmachine.cn\/wp-content\/uploads\/2024\/10\/Machine-detail-3.png\" alt=\"\" width=\"754\" height=\"550\" title=\"\"><\/td>\n<td style=\"width: 50%;\"><img loading=\"lazy\" decoding=\"async\" src=\"http:\/\/www.lishgmachine.cn\/wp-content\/uploads\/2024\/10\/Machine-detail-1.png\" alt=\"\" width=\"754\" height=\"550\" title=\"\"><\/td>\n<\/tr>\n<tr>\n<td><img loading=\"lazy\" decoding=\"async\" src=\"http:\/\/www.lishgmachine.cn\/wp-content\/uploads\/2024\/10\/Machine-detail-4.png\" alt=\"\" width=\"754\" height=\"550\" title=\"\"><\/td>\n<td><img loading=\"lazy\" decoding=\"async\" src=\"http:\/\/www.lishgmachine.cn\/wp-content\/uploads\/2024\/10\/Machine-detail-2.png\" alt=\"\" width=\"754\" height=\"550\" title=\"\"><\/td>\n<\/tr>\n<\/tbody>\n<\/table>\n<h5><\/h5>\n<h5><strong>Notre service<\/strong><\/h5>\n<table style=\"width: 100%;\" border=\"0\" cellspacing=\"0\" cellpadding=\"0\">\n<tbody>\n<tr>\n<td style=\"width: 49.8274%;\" width=\"433\" height=\"100\"><img loading=\"lazy\" decoding=\"async\" class=\"alignnone size-full wp-image-4779\" src=\"http:\/\/www.lishgmachine.cn\/wp-content\/uploads\/2024\/07\/Pre-Sales-One-stop-Service.jpg\" alt=\"\" width=\"774\" height=\"450\" title=\"\" srcset=\"https:\/\/www.lishgmachine.com\/wp-content\/uploads\/2024\/07\/Pre-Sales-One-stop-Service.jpg 774w, https:\/\/www.lishgmachine.com\/wp-content\/uploads\/2024\/07\/Pre-Sales-One-stop-Service-300x174.jpg 300w, https:\/\/www.lishgmachine.com\/wp-content\/uploads\/2024\/07\/Pre-Sales-One-stop-Service-768x447.jpg 768w\" sizes=\"(max-width: 774px) 100vw, 774px\" \/><\/td>\n<td style=\"width: 49.8274%;\" width=\"433\"><img loading=\"lazy\" decoding=\"async\" class=\"alignnone size-full wp-image-4780\" src=\"http:\/\/www.lishgmachine.cn\/wp-content\/uploads\/2024\/07\/After-Sales-Service.jpg\" alt=\"\" width=\"774\" height=\"450\" title=\"\" srcset=\"https:\/\/www.lishgmachine.com\/wp-content\/uploads\/2024\/07\/After-Sales-Service.jpg 774w, https:\/\/www.lishgmachine.com\/wp-content\/uploads\/2024\/07\/After-Sales-Service-300x174.jpg 300w, https:\/\/www.lishgmachine.com\/wp-content\/uploads\/2024\/07\/After-Sales-Service-768x447.jpg 768w\" sizes=\"(max-width: 774px) 100vw, 774px\" \/><\/td>\n<\/tr>\n<tr>\n<td style=\"width: 49.8274%;\" width=\"433\" height=\"197\"><strong>Service \u00e0 guichet unique avant-vente<\/strong><br \/>\n* Assistance aux demandes de renseignements et aux conseils<br \/>\n* Derni\u00e8res tendances de l'industrie<br \/>\n* Solution d'impression plus adapt\u00e9e<br \/>\n* Prise en charge d'\u00e9chantillons de tests<br \/>\n* Voir notre usine<br \/>\n* Sugg\u00e9rer un support de mise en page<\/td>\n<td style=\"width: 49.8274%;\" width=\"433\"><strong>Service apr\u00e8s-vente<\/strong><br \/>\n*Garantie d'un an<br \/>\n* Vid\u00e9o de test de la machine avant livraison<br \/>\n* Manuel en anglais, sch\u00e9ma \u00e9lectrique<br \/>\n* Formation \u00e0 l'installation de la machine,<br \/>\n* formation \u00e0 l'utilisation de la machine<br \/>\n* Ing\u00e9nieurs disponibles pour entretenir les machines \u00e0 l'\u00e9tranger<\/td>\n<\/tr>\n<\/tbody>\n<\/table>\n<p>&nbsp;<\/p>\n<h5><strong>Les photos de notre entreprise vous permettent de conna\u00eetre mon entreprise<\/strong><\/h5>\n<div class=\"table-responsive\">\n<table class=\"table\" style=\"width: 100%;\" border=\"0\" align=\"center\">\n<tbody>\n<tr>\n<td style=\"width: 49.5119%;\"><img loading=\"lazy\" decoding=\"async\" class=\"alignnone size-full wp-image-4787\" src=\"http:\/\/www.lishgmachine.cn\/wp-content\/uploads\/2024\/07\/lishg-Company-Environment-1.jpg\" alt=\"\" width=\"774\" height=\"500\" title=\"\" srcset=\"https:\/\/www.lishgmachine.com\/wp-content\/uploads\/2024\/07\/lishg-Company-Environment-1.jpg 774w, https:\/\/www.lishgmachine.com\/wp-content\/uploads\/2024\/07\/lishg-Company-Environment-1-300x194.jpg 300w, https:\/\/www.lishgmachine.com\/wp-content\/uploads\/2024\/07\/lishg-Company-Environment-1-768x496.jpg 768w\" sizes=\"(max-width: 774px) 100vw, 774px\" \/><\/td>\n<td style=\"width: 49.5119%;\"><img loading=\"lazy\" decoding=\"async\" class=\"alignnone size-full wp-image-4788\" src=\"http:\/\/www.lishgmachine.cn\/wp-content\/uploads\/2024\/07\/lishg-Company-Environment-2.jpg\" alt=\"\" width=\"774\" height=\"500\" title=\"\" srcset=\"https:\/\/www.lishgmachine.com\/wp-content\/uploads\/2024\/07\/lishg-Company-Environment-2.jpg 774w, https:\/\/www.lishgmachine.com\/wp-content\/uploads\/2024\/07\/lishg-Company-Environment-2-300x194.jpg 300w, https:\/\/www.lishgmachine.com\/wp-content\/uploads\/2024\/07\/lishg-Company-Environment-2-768x496.jpg 768w\" sizes=\"(max-width: 774px) 100vw, 774px\" \/><\/td>\n<\/tr>\n<tr>\n<td style=\"width: 49.5119%;\"><img loading=\"lazy\" decoding=\"async\" class=\"alignnone size-full wp-image-4789\" src=\"http:\/\/www.lishgmachine.cn\/wp-content\/uploads\/2024\/07\/lishg-Company-Environment-3.jpg\" alt=\"\" width=\"774\" height=\"500\" title=\"\" srcset=\"https:\/\/www.lishgmachine.com\/wp-content\/uploads\/2024\/07\/lishg-Company-Environment-3.jpg 774w, https:\/\/www.lishgmachine.com\/wp-content\/uploads\/2024\/07\/lishg-Company-Environment-3-300x194.jpg 300w, https:\/\/www.lishgmachine.com\/wp-content\/uploads\/2024\/07\/lishg-Company-Environment-3-768x496.jpg 768w\" sizes=\"(max-width: 774px) 100vw, 774px\" \/><\/td>\n<td style=\"width: 49.5119%;\"><img loading=\"lazy\" decoding=\"async\" class=\"alignnone size-full wp-image-4790\" src=\"http:\/\/www.lishgmachine.cn\/wp-content\/uploads\/2024\/07\/lishg-Company-Environment-4.jpg\" alt=\"\" width=\"774\" height=\"500\" title=\"\" srcset=\"https:\/\/www.lishgmachine.com\/wp-content\/uploads\/2024\/07\/lishg-Company-Environment-4.jpg 774w, https:\/\/www.lishgmachine.com\/wp-content\/uploads\/2024\/07\/lishg-Company-Environment-4-300x194.jpg 300w, https:\/\/www.lishgmachine.com\/wp-content\/uploads\/2024\/07\/lishg-Company-Environment-4-768x496.jpg 768w\" sizes=\"(max-width: 774px) 100vw, 774px\" \/><\/td>\n<\/tr>\n<tr>\n<td style=\"width: 49.5119%;\"><img loading=\"lazy\" decoding=\"async\" class=\"alignnone size-full wp-image-4791\" src=\"http:\/\/www.lishgmachine.cn\/wp-content\/uploads\/2024\/07\/lishg-Company-Environment-5.jpg\" alt=\"\" width=\"774\" height=\"500\" title=\"\" srcset=\"https:\/\/www.lishgmachine.com\/wp-content\/uploads\/2024\/07\/lishg-Company-Environment-5.jpg 774w, https:\/\/www.lishgmachine.com\/wp-content\/uploads\/2024\/07\/lishg-Company-Environment-5-300x194.jpg 300w, https:\/\/www.lishgmachine.com\/wp-content\/uploads\/2024\/07\/lishg-Company-Environment-5-768x496.jpg 768w\" sizes=\"(max-width: 774px) 100vw, 774px\" \/><\/td>\n<td style=\"width: 49.5119%;\"><img loading=\"lazy\" decoding=\"async\" class=\"alignnone size-full wp-image-4792\" src=\"http:\/\/www.lishgmachine.cn\/wp-content\/uploads\/2024\/07\/lishg-Company-Environment-6.jpg\" alt=\"\" width=\"774\" height=\"500\" title=\"\" srcset=\"https:\/\/www.lishgmachine.com\/wp-content\/uploads\/2024\/07\/lishg-Company-Environment-6.jpg 774w, https:\/\/www.lishgmachine.com\/wp-content\/uploads\/2024\/07\/lishg-Company-Environment-6-300x194.jpg 300w, https:\/\/www.lishgmachine.com\/wp-content\/uploads\/2024\/07\/lishg-Company-Environment-6-768x496.jpg 768w\" sizes=\"(max-width: 774px) 100vw, 774px\" \/><\/td>\n<\/tr>\n<\/tbody>\n<\/table>\n<p>&nbsp;<\/p>\n<\/div>","protected":false},"featured_media":5323,"template":"","product_category":[597,612],"class_list":["post-5322","product","type-product","status-publish","has-post-thumbnail","hentry","product_category-gearless-flexo-printing-press","product_category-yte-series"],"acf":[],"_links":{"self":[{"href":"https:\/\/www.lishgmachine.com\/fr\/wp-json\/wp\/v2\/product\/5322"}],"collection":[{"href":"https:\/\/www.lishgmachine.com\/fr\/wp-json\/wp\/v2\/product"}],"about":[{"href":"https:\/\/www.lishgmachine.com\/fr\/wp-json\/wp\/v2\/types\/product"}],"wp:featuredmedia":[{"embeddable":true,"href":"https:\/\/www.lishgmachine.com\/fr\/wp-json\/wp\/v2\/media\/5323"}],"wp:attachment":[{"href":"https:\/\/www.lishgmachine.com\/fr\/wp-json\/wp\/v2\/media?parent=5322"}],"wp:term":[{"taxonomy":"product_category","embeddable":true,"href":"https:\/\/www.lishgmachine.com\/fr\/wp-json\/wp\/v2\/product_category?post=5322"}],"curies":[{"name":"wp","href":"https:\/\/api.w.org\/{rel}","templated":true}]}}