{"id":5370,"date":"2024-10-16T15:37:34","date_gmt":"2024-10-16T07:37:34","guid":{"rendered":"https:\/\/www.lishgmachine.cn\/?post_type=product&#038;p=5370"},"modified":"2026-01-16T17:26:57","modified_gmt":"2026-01-16T09:26:57","slug":"8-color-gear-driven-ci-flexographic-printing-machine","status":"publish","type":"product","link":"https:\/\/www.lishgmachine.com\/fr\/product\/8-color-gear-driven-ci-flexographic-printing-machine","title":{"rendered":"Machine d'impression flexographique CI \u00e0 engrenages, type manchon de 8 couleurs"},"content":{"rendered":"<p><strong>Moteur et fonctionnement Web\u00a0:<\/strong><\/p>\n<ol>\n<li>Le moteur utilise de la fonte alli\u00e9e \u00e0 haute r\u00e9sistance avec de faibles vibrations, un moulage en sable de r\u00e9sine et un traitement de vieillissement par vibration.<\/li>\n<li>Structure de rouleau de guidage int\u00e9gr\u00e9e.<\/li>\n<li>Construction de conception en couches.<\/li>\n<li>\u00c9paisseur du moteur : 100 mm.<\/li>\n<li>Diam\u00e8tre du rouleau de guidage\u00a0: \u03c6100\u00a0mm (traitement de surface anodis\u00e9).<\/li>\n<\/ol>\n<p><strong>Param\u00e8tres principaux\u00a0:<\/strong><\/p>\n<table>\n<thead>\n<tr>\n<th style=\"text-align: left;\">Article<\/th>\n<th>Couleur depuis le d\u00e9but de l'ann\u00e9e-8<\/th>\n<\/tr>\n<\/thead>\n<tbody>\n<tr>\n<td>Largeur d'alimentation<\/td>\n<td>600 mm, 800 mm, 1 000 mm, 1 200 mm, 1 400 mm<\/td>\n<\/tr>\n<tr>\n<td>Zone d'impression maximale<\/td>\n<td>560 mm, 760 mm, 960 mm, 1160 mm, 1360 mm<\/td>\n<\/tr>\n<tr>\n<td>Conception<\/td>\n<td>8 couleurs<\/td>\n<\/tr>\n<tr>\n<td>Mat\u00e9riels<\/td>\n<td>PE, PET, BOPP, PVC, membrane, non-tiss\u00e9, film respirant<\/td>\n<\/tr>\n<tr>\n<td>\u00c9paisseur de la plaque<\/td>\n<td>1,14 mm, 1,7 mm, 2,28 mm, 2,84 mm, 3,94 mm (personnalisable)<\/td>\n<\/tr>\n<tr>\n<td>Th\u00e8me d'impression<\/td>\n<td>Standard : 400 mm, personnalisable 380-800 mm<\/td>\n<\/tr>\n<tr>\n<td>Vitesse d'impression maximale<\/td>\n<td>250 m\/min<\/td>\n<\/tr>\n<tr>\n<td>Pr\u00e9cision de l'enregistrement<\/td>\n<td>Longitudinal : \u00b10,15 mm, lat\u00e9ral : \u00b10,15 mm<\/td>\n<\/tr>\n<tr>\n<td>Type de structure<\/td>\n<td>Empreinte centrale (tambour central)<\/td>\n<\/tr>\n<tr>\n<td>Mod\u00e8le d'engrenage<\/td>\n<td>1,5 mm<\/td>\n<\/tr>\n<tr>\n<td>M\u00e9thode de chauffage<\/td>\n<td>Chauffage \u00e9lectrique<\/td>\n<\/tr>\n<tr>\n<td>Temp\u00e9rature maximale du four<\/td>\n<td>Max 80 \u2103 (temp\u00e9rature ambiante 20 \u2103)<\/td>\n<\/tr>\n<tr>\n<td>Noyau du d\u00e9rouleur\/rembobineur<\/td>\n<td>Noyau 3\u2033<\/td>\n<\/tr>\n<tr>\n<td>Diam\u00e8tre maximum du d\u00e9rouleur\/rembobineur<\/td>\n<td>1000mm<\/td>\n<\/tr>\n<tr>\n<td>Encre applicable<\/td>\n<td>Encre \u00e0 base de solvant<\/td>\n<\/tr>\n<\/tbody>\n<\/table>\n<p>&nbsp;<\/p>","protected":false},"featured_media":5890,"template":"","product_category":[11,616],"class_list":["post-5370","product","type-product","status-publish","has-post-thumbnail","hentry","product_category-ci-flexo-printing-machine","product_category-king-series"],"acf":[],"_links":{"self":[{"href":"https:\/\/www.lishgmachine.com\/fr\/wp-json\/wp\/v2\/product\/5370"}],"collection":[{"href":"https:\/\/www.lishgmachine.com\/fr\/wp-json\/wp\/v2\/product"}],"about":[{"href":"https:\/\/www.lishgmachine.com\/fr\/wp-json\/wp\/v2\/types\/product"}],"wp:featuredmedia":[{"embeddable":true,"href":"https:\/\/www.lishgmachine.com\/fr\/wp-json\/wp\/v2\/media\/5890"}],"wp:attachment":[{"href":"https:\/\/www.lishgmachine.com\/fr\/wp-json\/wp\/v2\/media?parent=5370"}],"wp:term":[{"taxonomy":"product_category","embeddable":true,"href":"https:\/\/www.lishgmachine.com\/fr\/wp-json\/wp\/v2\/product_category?post=5370"}],"curies":[{"name":"wp","href":"https:\/\/api.w.org\/{rel}","templated":true}]}}