{"id":5752,"date":"2025-08-25T15:08:00","date_gmt":"2025-08-25T07:08:00","guid":{"rendered":"https:\/\/www.lishgmachine.com\/product\/4-colors-full-servo-gearless-flexographic-printing-machine-copy"},"modified":"2026-03-03T15:33:13","modified_gmt":"2026-03-03T07:33:13","slug":"honor-servo-stack-flexo-printing-machine","status":"publish","type":"product","link":"https:\/\/www.lishgmachine.com\/fr\/product\/honor-servo-stack-flexo-printing-machine","title":{"rendered":"Machine d'impression flexographique \u00e0 pile servo Honor"},"content":{"rendered":"<p><strong>Composants de base de la Machine\u00a0:<\/strong><\/p>\n<p>1. servomoteur d'entra\u00eenement<\/p>\n<p>2. servomoteur de l'unit\u00e9 d'impression<\/p>\n<p>3. servomoteur de d\u00e9roulement actif + rembobinage<\/p>\n<p>4. servomoteur de traction<\/p>\n<p>5. racle de chambre<\/p>\n<p>6. Syst\u00e8me de contr\u00f4le PLC<\/p>\n<p>7. syst\u00e8me de surveillance statique d'inspection vid\u00e9o<\/p>\n<p>8. syst\u00e8me de circulation d'encre<\/p>\n<p>&nbsp;<\/p>\n<table style=\"width: 100%;\">\n<tbody>\n<tr style=\"height: 56px;\">\n<td style=\"width: 33.0275%; height: 56px; text-align: center;\" width=\"237\"><strong>Mati\u00e8re premi\u00e8re<\/strong><\/td>\n<td style=\"width: 65.4434%; height: 56px;\" colspan=\"2\" width=\"474\">\n<p style=\"text-align: center;\"><strong>\u00c9paisseur<\/strong><\/p>\n<\/td>\n<\/tr>\n<tr style=\"height: 56px;\">\n<td style=\"width: 33.0275%; height: 56px; text-align: center;\" width=\"237\">PEBD<\/td>\n<td style=\"width: 32.7217%; height: 56px; text-align: center;\" width=\"237\">50\u00a0\u00b5m<\/td>\n<td style=\"width: 32.7217%; height: 56px; text-align: center;\" width=\"237\">250\u00a0\u00b5m<\/td>\n<\/tr>\n<tr style=\"height: 56px;\">\n<td style=\"width: 33.0275%; height: 56px; text-align: center;\">PEHD<\/td>\n<td style=\"width: 32.7217%; height: 56px; text-align: center;\">50\u00a0\u00b5m<\/td>\n<td style=\"width: 32.7217%; height: 56px; text-align: center;\">150\u00a0\u00b5m<\/td>\n<\/tr>\n<tr style=\"height: 56px;\">\n<td style=\"width: 33.0275%; height: 56px; text-align: center;\">ANIMAL DE COMPAGNIE<\/td>\n<td style=\"width: 32.7217%; height: 56px; text-align: center;\">50\u00a0\u00b5m<\/td>\n<td style=\"width: 32.7217%; height: 56px; text-align: center;\">75\u00a0\u00b5m<\/td>\n<\/tr>\n<tr style=\"height: 56px;\">\n<td style=\"width: 33.0275%; height: 56px; text-align: center;\">PP<\/td>\n<td style=\"width: 32.7217%; height: 56px; text-align: center;\">50 \u00b5m<\/td>\n<td style=\"width: 32.7217%; height: 56px; text-align: center;\">245\u00a0\u00b5m<\/td>\n<\/tr>\n<tr style=\"height: 56px;\">\n<td style=\"width: 33.0275%; height: 56px; text-align: center;\">Papier<\/td>\n<td style=\"width: 32.7217%; height: 56px; text-align: center;\">40\u00a0g\/m2<\/td>\n<td style=\"width: 32.7217%; height: 56px; text-align: center;\">95\u00a0g\/m2<\/td>\n<\/tr>\n<tr style=\"height: 104px;\">\n<td style=\"width: 98.4709%; height: 104px;\" colspan=\"3\" width=\"712\">(En fonction du type de mati\u00e8re premi\u00e8re et de la plage de tension de la bande mentionn\u00e9e ci-dessus)Technologie d'impression\u00a0: L'impression est r\u00e9alis\u00e9e \u00e0 l'aide d'encres \u00e9cologiques \u00e0 base d'eau et solubles dans l'alcool et de plaques de r\u00e9sine photosensibles.<\/td>\n<\/tr>\n<\/tbody>\n<\/table>\n<p><strong>Sp\u00e9cification technique\u00a0:<\/strong><\/p>\n<table style=\"width: 100%;\">\n<tbody>\n<tr>\n<td style=\"text-align: center;\" width=\"42.5400%\"><strong>Mod\u00e8le<\/strong><\/td>\n<td style=\"text-align: center;\" width=\"57.4400%\"><strong>S\u00e9rie d'honneur<\/strong><\/td>\n<\/tr>\n<tr>\n<td style=\"text-align: center;\" width=\"42.5400%\"><strong>Largeur d'alimentation en mat\u00e9riau<\/strong><\/td>\n<td style=\"text-align: center;\" width=\"57.4400%\">1200mm<\/td>\n<\/tr>\n<tr>\n<td style=\"text-align: center;\" width=\"42.5400%\"><strong>Largeur d'impression maximale<\/strong><\/td>\n<td style=\"text-align: center;\" width=\"57.4400%\">1160mm<\/td>\n<\/tr>\n<tr>\n<td style=\"text-align: center;\" width=\"42.5400%\"><strong>Couleurs<\/strong><\/td>\n<td style=\"text-align: center;\" width=\"57.4400%\">6 couleurs<\/td>\n<\/tr>\n<tr>\n<td style=\"text-align: center;\" width=\"42.5400%\"><strong>Mat\u00e9riel<\/strong><\/td>\n<td style=\"text-align: center;\" width=\"57.4400%\"><span class=\"tag\">PE<\/span>\u00a0<span class=\"tag\">ANIMAL DE COMPAGNIE<\/span>\u00a0<span class=\"tag\">BOP<\/span>\u00a0<span class=\"tag\">PVC<\/span><\/td>\n<\/tr>\n<tr>\n<td style=\"text-align: center;\" width=\"42.5400%\"><strong>\u00c9paisseur de\u00a0\u00a0plaque<\/strong><\/td>\n<td style=\"text-align: center;\" width=\"57.4400%\">1,14 mm, 1,7 mm, 2,28 mm, 2,84 mm.\u00a03,94 mm<\/p>\n<p>Personnalis\u00e9 est disponible<\/td>\n<\/tr>\n<tr>\n<td style=\"text-align: center;\" width=\"42.5400%\"><strong>Longueur d'impression<\/strong><\/td>\n<td style=\"text-align: center;\" width=\"57.4400%\">La norme est de 400 mm, la personnalisation est disponible de 300 \u00e0 1 000 mm.<\/td>\n<\/tr>\n<tr>\n<td style=\"text-align: center;\" width=\"42.5400%\"><strong>Vitesse maximale de la machine<\/strong><\/td>\n<td style=\"text-align: center;\" width=\"57.4400%\">220 m\/min<\/td>\n<\/tr>\n<tr>\n<td style=\"text-align: center;\" width=\"42.5400%\"><strong>Vitesse d'impression maximale<\/strong><\/td>\n<td style=\"text-align: center;\" width=\"57.4400%\">200 m\/min (d\u00e9pend de l'\u00e9paisseur du mat\u00e9riau et du motif d'impression)<\/td>\n<\/tr>\n<tr>\n<td style=\"text-align: center;\" width=\"42.5400%\"><strong>Pr\u00e9cision du registre<\/strong><\/td>\n<td style=\"text-align: center;\" width=\"57.4400%\">\u00b10,2 mm<\/td>\n<\/tr>\n<tr>\n<td style=\"text-align: center;\" width=\"42.5400%\"><strong>M\u00e9thode de chauffage<\/strong><\/td>\n<td style=\"text-align: center;\" width=\"57.4400%\">Chauffage \u00e9lectrique<\/td>\n<\/tr>\n<tr>\n<td style=\"text-align: center;\" width=\"42.5400%\"><strong>Max.\u00a0diam\u00e8tre de d\u00e9roulement<\/strong><\/td>\n<td style=\"text-align: center;\" width=\"57.4400%\">800 mm<\/td>\n<\/tr>\n<tr>\n<td style=\"text-align: center;\" width=\"42.5400%\"><strong>Max.\u00a0diam\u00e8tre de rembobinage<\/strong><\/td>\n<td style=\"text-align: center;\" width=\"57.4400%\">800 mm<\/td>\n<\/tr>\n<\/tbody>\n<\/table>\n<p>&nbsp;<\/p>\n<table style=\"width: 100%; border-collapse: collapse;\">\n<tbody>\n<tr>\n<td style=\"text-align: center; width: 99.8998%;\" colspan=\"2\"><strong>Partie\u00a01\u00a0\u00a0Unit\u00e9 de d\u00e9roulement et de rembobinage<\/strong><\/td>\n<\/tr>\n<tr>\n<td style=\"width: 50%; text-align: center;\"><img loading=\"lazy\" decoding=\"async\" class=\"aligncenter size-full wp-image-5756\" title=\"image10\" src=\"https:\/\/www.lishgmachine.com\/wp-content\/uploads\/2025\/08\/image10-1.png\" alt=\"image10\" width=\"400\" height=\"227\" srcset=\"https:\/\/www.lishgmachine.com\/wp-content\/uploads\/2025\/08\/image10-1.png 400w, https:\/\/www.lishgmachine.com\/wp-content\/uploads\/2025\/08\/image10-1-300x170.png 300w\" sizes=\"(max-width: 400px) 100vw, 400px\" \/><\/td>\n<td style=\"width: 50%; text-align: center;\"><img loading=\"lazy\" decoding=\"async\" title=\"image11\" src=\"https:\/\/www.lishgmachine.com\/wp-content\/uploads\/2025\/08\/image11.png\" alt=\"image11\" width=\"400\" height=\"227\" \/><\/td>\n<\/tr>\n<tr>\n<td style=\"width: 99.8998%;\" colspan=\"2\">1.Cette machine adopte un rembobinage et un d\u00e9roulement actifs, contr\u00f4l\u00e9s par des servomoteurs. Le rembobineur est dot\u00e9 d'un rouleau de pression de type guide pour une collecte plus fluide des mat\u00e9riaux. Associ\u00e9 \u00e0 un syst\u00e8me de d\u00e9tection du diam\u00e8tre du rouleau, ce syst\u00e8me offre une plus grande pr\u00e9cision et stabilit\u00e9, tout en minimisant l'\u00e9tirement du mat\u00e9riau pendant le processus d'impression, garantissant ainsi des taux de rendement \u00e9lev\u00e9s.<\/p>\n<p>2. Contr\u00f4le de tension\u00a0: utilise le contr\u00f4le du bras oscillant servo (d\u00e9tection de position du cylindre \u00e0 faible friction et contr\u00f4le pr\u00e9cis de la vanne de r\u00e9gulation de pression). Des alarmes et des arr\u00eats automatiques sont activ\u00e9s lorsque le diam\u00e8tre du rouleau atteint la valeur d\u00e9finie.<\/p>\n<p>3. L'arbre pneumatique a un diam\u00e8tre ext\u00e9rieur de chargement de 3 pouces et est serr\u00e9 par un syst\u00e8me de d\u00e9sengagement de cylindre \u00e0 deux t\u00eates.<\/p>\n<p>4. Un syst\u00e8me de correction automatique du processus \u00e0 double rouleau est install\u00e9 avant l'impression, avec une traduction gauche et droite r\u00e9glable.<\/td>\n<\/tr>\n<\/tbody>\n<\/table>\n<p>&nbsp;<\/p>\n<table style=\"border-collapse: collapse; width: 100%;\">\n<tbody>\n<tr>\n<td style=\"width: 99.8471%; text-align: center;\" colspan=\"2\"><strong><b>Partie 2\u00a0\u00a0Unit\u00e9 d'impression<\/b><\/strong><\/td>\n<\/tr>\n<tr>\n<td style=\"width: 49.8471%; text-align: center;\"><img loading=\"lazy\" decoding=\"async\" class=\"aligncenter size-full wp-image-5758\" title=\"image13\" src=\"https:\/\/www.lishgmachine.com\/wp-content\/uploads\/2025\/08\/image13.png\" alt=\"image13\" width=\"400\" height=\"227\" srcset=\"https:\/\/www.lishgmachine.com\/wp-content\/uploads\/2025\/08\/image13.png 400w, https:\/\/www.lishgmachine.com\/wp-content\/uploads\/2025\/08\/image13-300x170.png 300w\" sizes=\"(max-width: 400px) 100vw, 400px\" \/><\/td>\n<td style=\"width: 50%; text-align: center;\"><img loading=\"lazy\" decoding=\"async\" class=\"aligncenter size-full wp-image-5757\" title=\"image12\" src=\"https:\/\/www.lishgmachine.com\/wp-content\/uploads\/2025\/08\/image12.png\" alt=\"image12\" width=\"400\" height=\"227\" srcset=\"https:\/\/www.lishgmachine.com\/wp-content\/uploads\/2025\/08\/image12.png 400w, https:\/\/www.lishgmachine.com\/wp-content\/uploads\/2025\/08\/image12-300x170.png 300w\" sizes=\"(max-width: 400px) 100vw, 400px\" \/><\/td>\n<\/tr>\n<tr>\n<td style=\"width: 99.8471%;\" colspan=\"2\">1. Capacit\u00e9 d'impression recto verso sur toute la largeur : prend en charge plusieurs modes d'impression, dont 6+0 (simple face), 5+1, 4+2,3+3 (impression recto verso).<\/p>\n<p>2. Le groupe d'impression adopte un syst\u00e8me de contr\u00f4le de servomoteur pour obtenir rapidement un enregistrement des couleurs \u00e0 360 degr\u00e9s.<\/p>\n<p>Cela permet un fonctionnement plus pratique et une impression plus stable, \u00e9liminant ainsi les op\u00e9rations manuelles fastidieuses.<\/p>\n<p>3. Sp\u00e9cifications du cylindre : circonf\u00e9rence d\u2019impression 300-1000 mm.<\/p>\n<p>4. Sp\u00e9cifications du rouleau Anilox en c\u00e9ramique\u00a0:\u00a0Gamme d'\u00e9cran 80-1000 LPI.<\/td>\n<\/tr>\n<\/tbody>\n<\/table>\n<h5><\/h5>\n<table style=\"border-collapse: collapse; width: 100%;\">\n<tbody>\n<tr>\n<td style=\"width: 99.8471%; text-align: center;\" colspan=\"2\"><strong><b>Partie\u00a03\u00a0\u00a0Unit\u00e9 de s\u00e9chage<\/b><\/strong><\/td>\n<\/tr>\n<tr>\n<td style=\"width: 49.8471%; text-align: center;\"><img loading=\"lazy\" decoding=\"async\" class=\"aligncenter size-full wp-image-5760\" title=\"image15\" src=\"https:\/\/www.lishgmachine.com\/wp-content\/uploads\/2025\/08\/image15.png\" alt=\"image15\" width=\"400\" height=\"227\" srcset=\"https:\/\/www.lishgmachine.com\/wp-content\/uploads\/2025\/08\/image15.png 400w, https:\/\/www.lishgmachine.com\/wp-content\/uploads\/2025\/08\/image15-300x170.png 300w\" sizes=\"(max-width: 400px) 100vw, 400px\" \/><\/td>\n<td style=\"width: 50%; text-align: center;\"><img loading=\"lazy\" decoding=\"async\" class=\"aligncenter size-full wp-image-5759\" title=\"image14\" src=\"https:\/\/www.lishgmachine.com\/wp-content\/uploads\/2025\/08\/image14.png\" alt=\"image14\" width=\"400\" height=\"227\" srcset=\"https:\/\/www.lishgmachine.com\/wp-content\/uploads\/2025\/08\/image14.png 400w, https:\/\/www.lishgmachine.com\/wp-content\/uploads\/2025\/08\/image14-300x170.png 300w\" sizes=\"(max-width: 400px) 100vw, 400px\" \/><\/td>\n<\/tr>\n<tr>\n<td style=\"width: 99.8471%;\" colspan=\"2\">1. M\u00e9thode de s\u00e9chage : chauffage \u00e9lectrique. Temp\u00e9rature maximale du four : 80\u00b0C (temp\u00e9rature ambiante : 20\u00b0C).<\/p>\n<p>2. Syst\u00e8me de s\u00e9chage sup\u00e9rieur : \u00e9quip\u00e9 d'un syst\u00e8me de circulation de s\u00e9chage \u00e0 air de retour pour un s\u00e9chage rapide.<\/p>\n<p>3.Syst\u00e8me de s\u00e9chage : Des modules de s\u00e9chage sont install\u00e9s entre chaque salle de couleur de la presse \u00e0 imprimer pour am\u00e9liorer l\u2019efficacit\u00e9 du s\u00e9chage.<\/p>\n<p>4. Applicable \u00e0 : Applicable \u00e0 l'ensemble du four de s\u00e9chage de la machine et aux unit\u00e9s de s\u00e9chage entre chaque pi\u00e8ce de couleur.<\/td>\n<\/tr>\n<\/tbody>\n<\/table>\n<h5><\/h5>\n<table style=\"width: 100%; border-collapse: collapse;\">\n<tbody>\n<tr style=\"height: 56px;\">\n<td style=\"width: 100%; height: 56px; text-align: center;\" colspan=\"2\"><strong><b>Partie\u00a04\u00a0Syst\u00e8me de surveillance statique des images<\/b><\/strong><\/td>\n<\/tr>\n<tr style=\"height: 24px;\">\n<td style=\"width: 50%;\"><img loading=\"lazy\" decoding=\"async\" class=\"aligncenter\" title=\"image16\" src=\"https:\/\/www.lishgmachine.com\/wp-content\/uploads\/2025\/08\/image16.png\" alt=\"image16\" width=\"400\" height=\"227\" \/><\/td>\n<td style=\"width: 50%;\"><img loading=\"lazy\" decoding=\"async\" class=\"aligncenter\" title=\"image17\" src=\"https:\/\/www.lishgmachine.com\/wp-content\/uploads\/2025\/08\/image17.png\" alt=\"image17\" width=\"400\" height=\"227\" \/><\/td>\n<\/tr>\n<tr style=\"height: 248px;\">\n<td style=\"width: 100%;\" colspan=\"2\">1. L'inspecteur vid\u00e9o du syst\u00e8me de surveillance d'image statique a un grossissement de 3 \u00e0 30 (grossissement de zone), affichant en plein \u00e9cran. L'intervalle de capture d'image est automatiquement d\u00e9termin\u00e9 en fonction du signal de position provenant de l'encodeur\/capteur d'engrenage PG. La vitesse de patrouille de la cam\u00e9ra est de 1,0 m\/min. La plage de patrouille peut \u00eatre d\u00e9finie arbitrairement en fonction de la largeur du mat\u00e9riau imprim\u00e9, permettant une surveillance en point fixe ou un mouvement alternatif automatique.<\/p>\n<p>2. L'ensemble du syst\u00e8me est contr\u00f4l\u00e9 de mani\u00e8re centralis\u00e9e par un contr\u00f4leur programmable Inovance PLC. L'interface homme-machine \u00e0 \u00e9cran tactile Inovance permet le r\u00e9glage\/modification des donn\u00e9es, la surveillance\/l'enregistrement des param\u00e8tres de fonctionnement et comprend une aide en ligne, des notifications d'alarme et un enregistrement des donn\u00e9es historiques. Le syst\u00e8me de contr\u00f4le de tension utilise un contr\u00f4le en boucle ferm\u00e9e avec un rouleau flottant ultra-l\u00e9ger. L'automate contr\u00f4le l'\u00e9cran tactile de l'interface homme-machine pour un affichage et des param\u00e8tres centralis\u00e9s. Il maintienttension du substrat pendant l'arr\u00eat et s'arr\u00eate automatiquement si le mat\u00e9riau est coup\u00e9.<\/td>\n<\/tr>\n<\/tbody>\n<\/table>\n<p>&nbsp;<\/p>\n<p><strong>\u00c9quipement auxiliaire\u00a0:<\/strong><\/p>\n<table style=\"width: 100%;\">\n<tbody>\n<tr>\n<td width=\"712\">\u00a0<strong>Machine de montage de plaques <\/strong><\/p>\n<p>\u25cf La construction du rack avec la structure en panneaux muraux apr\u00e8s un traitement holistique \u00e0 haute r\u00e9sistance pr\u00e9sente une grande stabilit\u00e9 de travail et est durable \u00e0 l'usage.<\/p>\n<p>\u25cf La cam\u00e9ra couleur haute d\u00e9finition de 650 lignes peut atteindre un taux d'amplification de 70 fois, pr\u00e9senter des images claires, poss\u00e9der un rapport de haute r\u00e9solution et am\u00e9liorer consid\u00e9rablement la pr\u00e9cision de la plaque.<\/p>\n<p>\u25cf L'\u00e9cran \u00e0 cristaux liquides haute r\u00e9solution de 19 pouces fournit des images claires et lumineuses et att\u00e9nue efficacement la fatigue visuelle des op\u00e9rateurs.<\/p>\n<p>\u25cf La largeur maximale de l'\u00e9quipement est inf\u00e9rieure \u00e0 2 m, la longueur longitudinale est contr\u00f4l\u00e9e \u00e0 environ 0,7 m, la hauteur de l'\u00e9quipement est inf\u00e9rieure \u00e0 1,7 m et l'entra\u00eenement se trouve des deux c\u00f4t\u00e9s des panneaux muraux de l'\u00e9quipement. Le fonctionnement, l'utilisation, la r\u00e9paration et l'entretien sont tr\u00e8s pratiques.<\/p>\n<p><span style=\"color: #ff0000;\">Not\u00e9\u00a0:\u00a0facultatif, selon les besoins du client<\/span><\/p>\n<p>&nbsp;<\/p>\n<p><strong>Machine de nettoyage \u00e0 ultrasons <\/strong><\/p>\n<p>\u25cf Quantit\u00e9 de vibrateurs : 36<\/p>\n<p>\u25cf Fr\u00e9quence de travail du nettoyant\u00a0: 40\u00a0KHz<\/p>\n<p>\u25cf Puissance totale du radiateur \u00e9lectrique\u00a0: 3\u00a0KW<\/p>\n<p>\u25cf Plage de contr\u00f4le de la temp\u00e9rature\u00a0: 30\u2103-100\u2103<\/p>\n<p>\u25cf Source d'alimentation ultrasonique\u00a0: 25A\uff0f220V<\/p>\n<p>\u25cf Source d'alimentation en chauffage de la cuve de rin\u00e7age : 220V 25A<\/p>\n<p><span style=\"color: #ff0000;\">Not\u00e9\u00a0:\u00a0facultatif, selon les besoins du client<\/span><\/p>\n<p>&nbsp;<\/p>\n<p><strong>Viscosit\u00e9 de l'encre <\/strong><\/p>\n<p>Syst\u00e8me de contr\u00f4le de viscosit\u00e9 pour un contr\u00f4le automatique de la viscosit\u00e9 de l'encre avec un type de solvant, avec un syst\u00e8me sensoriel de vibration. Remarque\u00a0: Le syst\u00e8me est con\u00e7u avec une interface pour se connecter au solvant\/eau frais fourni par l'acheteur\u00a0!<\/p>\n<p><span style=\"color: #ff0000;\">Not\u00e9\u00a0:\u00a0facultatif, selon les besoins du client<\/span><\/p>\n<p>&nbsp;<\/p>\n<p><strong>Syst\u00e8me de d\u00e9tection en ligne AI <\/strong><\/p>\n<p>\u25cf D\u00e9tection et alarme de d\u00e9fauts en temps r\u00e9el \uff0c Identifier divers d\u00e9fauts, d\u00e9fauts d'encre, erreurs de surimpression, taches de salet\u00e9 et corps \u00e9trangers, lignes de texte, d\u00e9fauts de codes \u00e0 barres et de codes QR<\/p>\n<p>La d\u00e9tection pr\u00e9coce des d\u00e9fauts r\u00e9duit le gaspillage et garantit une qualit\u00e9 d'impression constante <span style=\"color: #ff0000;\">Not\u00e9\u00a0:\u00a0facultatif, selon les besoins du client<\/span><\/p>\n<p>&nbsp;<\/p>\n<p><strong>Traitement Corona<\/strong><\/p>\n<p>Traitement corona suppl\u00e9mentaire sur la surface du mat\u00e9riau pour am\u00e9liorer l'adh\u00e9rence de l'encre<\/p>\n<p><span style=\"color: #ff0000;\">Not\u00e9\u00a0: facultatif - selon les besoins du client<\/span><\/td>\n<\/tr>\n<\/tbody>\n<\/table>\n<p><strong>Apr\u00e8s-vente\u00a0:<\/strong><\/p>\n<table style=\"width: 100%;\">\n<tbody>\n<tr>\n<td width=\"710\"><strong>Environnement d'usine<\/strong><\/p>\n<p>\u25cf Meilleure temp\u00e9rature d'usine 20-26C<\/p>\n<p>\u25cf Meilleure humidit\u00e9 d'usine\u00a0: 55\u00a0% \u00e0 70\u00a0%<\/p>\n<p>\u25cf Environnement\u00a0: bien ventil\u00e9, Pas de poussi\u00e8re<\/p>\n<p>\u25cf Lumi\u00e8re standard<\/p>\n<p>&nbsp;<\/p>\n<p><strong>\u00a0Installation:<\/strong><\/p>\n<p>Le vendeur enverra 1 ing\u00e9nieur pour installer, tester la ligne de production et former les travailleurs des clients dans l\u2019usine des acheteurs. L'installation et la formation compl\u00e8tes prendront 10\u00a0jours.<\/p>\n<p>L'acheteur doit couvrir le salaire des ing\u00e9nieurs, les frais de visa, les billets d'avion aller-retour, l'h\u00e9bergement, le transport dans le pays de l'acheteur, la nourriture, les soins m\u00e9dicaux, les frais de s\u00e9curit\u00e9 et les frais connexes se produisant dans le pays de l'acheteur. De plus, l'acheteur doit pr\u00e9parer suffisamment de main d'\u0153uvre, de fil \u00e9lectrique \u00e0 l'ext\u00e9rieur du panneau de commande, de compresseur d'air et d'outils pour les installations.<\/p>\n<p>Salaire de l\u2019ing\u00e9nieur\u00a0:<\/p>\n<p>\u00a0120\u00a0USD\/jour, selon la mani\u00e8re dont l'ing\u00e9nieur vous satisfait. Les dates d'arriv\u00e9e et de d\u00e9part sont compt\u00e9es comme jour pay\u00e9.<\/p>\n<p>&nbsp;<\/p>\n<p><strong>Garantie:<\/strong><\/p>\n<p>La p\u00e9riode de garantie pour l'\u00e9quipement livr\u00e9 sera de 12\u00a0mois\u00a0apr\u00e8s l'ach\u00e8vement du montage, mais au plus tard 18\u00a0mois apr\u00e8s l'exp\u00e9dition.<\/p>\n<p>L'article ci-dessus n'inclut pas les pi\u00e8ces qui ont des pi\u00e8ces de rechange r\u00e9guli\u00e8res ou les pi\u00e8ces endommag\u00e9es par une usure normale, un fonctionnement anormal, un entretien inappropri\u00e9 et des travaux de g\u00e9nie civil inad\u00e9quats. Le vendeur n'est en aucun cas responsable de toute perte de production.<\/td>\n<\/tr>\n<\/tbody>\n<\/table>\n<p><strong>Notre entreprise<\/strong><\/p>\n<table style=\"width: 100%;\">\n<tbody>\n<tr>\n<td style=\"width: 99.4207%;\" colspan=\"2\" width=\"351\"><img loading=\"lazy\" decoding=\"async\" class=\"aligncenter\" title=\"image5\" src=\"https:\/\/www.lishgmachine.com\/wp-content\/uploads\/2025\/08\/image5.png\" alt=\"image5\" width=\"1300\" height=\"600\" \/><\/td>\n<\/tr>\n<tr>\n<td style=\"text-align: center; width: 50.3259%;\" width=\"351\"><img loading=\"lazy\" decoding=\"async\" title=\"image6\" src=\"https:\/\/www.lishgmachine.com\/wp-content\/uploads\/2025\/08\/image6.png\" alt=\"image6\" width=\"500\" height=\"400\" \/><\/td>\n<td style=\"text-align: center; width: 49.0949%;\" width=\"342\"><img loading=\"lazy\" decoding=\"async\" title=\"image7\" src=\"https:\/\/www.lishgmachine.com\/wp-content\/uploads\/2025\/08\/image7.png\" alt=\"image7\" width=\"500\" height=\"400\" \/><\/td>\n<\/tr>\n<tr>\n<td style=\"width: 99.4207%;\" colspan=\"2\" width=\"351\"><img loading=\"lazy\" decoding=\"async\" class=\"aligncenter\" title=\"image8\" src=\"https:\/\/www.lishgmachine.com\/wp-content\/uploads\/2025\/08\/image8.png\" alt=\"image8\" width=\"1300\" height=\"420\" \/><\/td>\n<\/tr>\n<tr>\n<td style=\"width: 99.4207%;\" colspan=\"2\" width=\"694\">Wen Zhou Li Sheng Printing and Packaging Machinery Co., Ltd. poss\u00e8de deux d\u00e9cennies d'expertise dans la fourniture de solutions de presses d'impression flexographique. En tant que fabricant r\u00e9put\u00e9, notre portefeuille de produits comprend des options de type Stack, de type Cl et de manchon servo complet, adapt\u00e9es pour r\u00e9pondre aux diverses exigences d'impression des mat\u00e9riaux d'emballage tels que le papier, le film, le tissu non tiss\u00e9 et les sacs tiss\u00e9s \u00e0 valve. Nos op\u00e9rations commerciales s'\u00e9tendent \u00e0 travers le monde, avec un engagement ferme envers l'orientation march\u00e9,l'innovation technologique et la fourniture de produits de qualit\u00e9 sup\u00e9rieure.<\/p>\n<p>\u00c0 cet effet, nous poss\u00e9dons une usine de pointe, o\u00f9 nous avons investi de mani\u00e8re significative dans la mise en place minutieuse de centres d'usinage Mazak et \u00e0 portique. Cela garantit que chaque composant est m\u00e9ticuleusement fabriqu\u00e9 pour atteindre une pr\u00e9cision in\u00e9gal\u00e9e et garantir la qualit\u00e9 exceptionnelle de nos presses \u00e0 imprimer.<\/td>\n<\/tr>\n<\/tbody>\n<\/table>\n<p>&nbsp;<\/p>","protected":false},"featured_media":5753,"template":"","product_category":[613,13],"class_list":["post-5752","product","type-product","status-publish","has-post-thumbnail","hentry","product_category-ytb-series","product_category-stack-flexo-printing-machine"],"acf":[],"_links":{"self":[{"href":"https:\/\/www.lishgmachine.com\/fr\/wp-json\/wp\/v2\/product\/5752"}],"collection":[{"href":"https:\/\/www.lishgmachine.com\/fr\/wp-json\/wp\/v2\/product"}],"about":[{"href":"https:\/\/www.lishgmachine.com\/fr\/wp-json\/wp\/v2\/types\/product"}],"wp:featuredmedia":[{"embeddable":true,"href":"https:\/\/www.lishgmachine.com\/fr\/wp-json\/wp\/v2\/media\/5753"}],"wp:attachment":[{"href":"https:\/\/www.lishgmachine.com\/fr\/wp-json\/wp\/v2\/media?parent=5752"}],"wp:term":[{"taxonomy":"product_category","embeddable":true,"href":"https:\/\/www.lishgmachine.com\/fr\/wp-json\/wp\/v2\/product_category?post=5752"}],"curies":[{"name":"wp","href":"https:\/\/api.w.org\/{rel}","templated":true}]}}