{"id":75,"date":"2023-09-19T10:58:13","date_gmt":"2023-09-19T02:58:13","guid":{"rendered":"http:\/\/lishg.junj.cn\/\/?page_id=75"},"modified":"2025-02-11T10:55:05","modified_gmt":"2025-02-11T02:55:05","slug":"blog","status":"publish","type":"page","link":"https:\/\/www.lishgmachine.com\/pt\/blog","title":{"rendered":"Blogue"},"content":{"rendered":"<p><img loading=\"lazy\" decoding=\"async\" src=\"http:\/\/lishg.junj.cn\/\/wp-content\/uploads\/2023\/10\/banner-blog.jpg\" alt=\"\" width=\"1920\" height=\"304\" title=\"\"><\/p>\n<h1>Blogue<\/h1>\n<ol>\n<li><a href=\"\/pt\/\">Lar<\/a><\/li>\n<li><a>Blogue<\/a><\/li>\n<\/ol>\n<p><img loading=\"lazy\" decoding=\"async\" style=\"aspect-ratio: 1.72;\" src=\"http:\/\/lishg.junj.cn\/\/wp-content\/uploads\/2023\/09\/lixin-valve-group-once-won-the-2022-deep-cooperation-award-for-epec-valve-zone-again-2.jpg\" alt=\"Prepara\u00e7\u00e3o antes da instala\u00e7\u00e3o\" width=\"440\" height=\"300\" title=\"\"><br \/>\n<a href=\"http:\/\/lishg.junj.cn\/2023\/09\/19\/lixin-valve-group-won-again-the-2022-deep-cooperation-award-for-epec-valve-zone-again\/\" target=\"_blank\" rel=\"noopener\">Lixin Valve Group ganhou novamente o pr\u00eamio de coopera\u00e7\u00e3o profunda de 2022 para EPEC Valve Zone novamente<\/a><\/p>\n<p>Reuni\u00e3o resumida para o 5\u00ba anivers\u00e1rio do estabelecimento da zona de v\u00e1lvulas EPEC. De 2 a 3 de mar\u00e7o de 2023, a reuni\u00e3o sum\u00e1ria do 5\u00ba<\/p>\n<p><a href=\"http:\/\/lishg.junj.cn\/2023\/09\/19\/the-introduction-of-dbb-plug-valves\/\" target=\"_blank\" rel=\"noopener\">A introdu\u00e7\u00e3o das v\u00e1lvulas macho DBB<\/a><\/p>\n<p>A v\u00e1lvula macho LIXIN DBB \u00e9 projetada, fabricada e testada de acordo com API 6D, possui fun\u00e7\u00e3o DBB de API 6D. Fixa\u00e7\u00e3o mec\u00e2nica<\/p>\n<p><time>19 de setembro de 2023<\/time><br \/>\n<a href=\"http:\/\/lishg.junj.cn\/2023\/09\/19\/about-leakage-of-metal-seat-for-knife-gate-valve\/\" target=\"_blank\" rel=\"noopener\">Sobre vazamento de sede de metal para v\u00e1lvula guilhotina<\/a><\/p>\n<p>Nossa v\u00e1lvula guilhotina com sede met\u00e1lica \u00e9 feita de acordo com a especifica\u00e7\u00e3o do MSS SP-81. Como podemos ver, o artigo 10.2 desta norma especificou a taxa de vazamento de<\/p>\n<p><time>19 de setembro de 2023<\/time><br \/>\n<a href=\"http:\/\/lishg.junj.cn\/2023\/09\/19\/lixin-valve-group-won-again-the-2022-deep-cooperation-award-for-epec-valve-zone-again\/\" target=\"_blank\" rel=\"noopener\"><img loading=\"lazy\" decoding=\"async\" src=\"http:\/\/lishg.junj.cn\/\/wp-content\/uploads\/2023\/09\/lixin-valve-group-once-won-the-2022-deep-cooperation-award-for-epec-valve-zone-again-2.jpg\" alt=\"Instala\u00e7\u00e3o de v\u00e1lvula\" width=\"440\" height=\"300\" title=\"\"><\/a><br \/>\n<a href=\"http:\/\/lishg.junj.cn\/2023\/09\/19\/lixin-valve-group-won-again-the-2022-deep-cooperation-award-for-epec-valve-zone-again\/\" target=\"_blank\" rel=\"noopener\">Lixin Valve Group ganhou novamente o pr\u00eamio de coopera\u00e7\u00e3o profunda de 2022 para EPEC Valve Zone novamente<\/a><\/p>\n<p>Reuni\u00e3o resumida para o 5\u00ba anivers\u00e1rio do estabelecimento da zona de v\u00e1lvulas EPEC. De 2 a 3 de mar\u00e7o de 2023, a reuni\u00e3o sum\u00e1ria do 5\u00ba<\/p>\n<p><img loading=\"lazy\" decoding=\"async\" src=\"http:\/\/demo137.m-union.cn\/theme\/lixin-EN\/images\/blog-tb1.jpg\" alt=\"\" width=\"19\" height=\"19\" title=\"\">Lixina<br \/>\n<a href=\"http:\/\/lishg.junj.cn\/2023\/09\/19\/lixin-valve-group-won-again-the-2022-deep-cooperation-award-for-epec-valve-zone-again\/\" target=\"_blank\" rel=\"noopener\"><img loading=\"lazy\" decoding=\"async\" src=\"http:\/\/demo137.m-union.cn\/theme\/lixin-EN\/images\/blog-tb2.jpg\" alt=\"\" width=\"19\" height=\"19\" title=\"\"> Leia mais<\/a><br \/>\n<a href=\"http:\/\/lishg.junj.cn\/2023\/09\/19\/the-introduction-of-dbb-plug-valves\/\" target=\"_blank\" rel=\"noopener\"><img loading=\"lazy\" decoding=\"async\" src=\"http:\/\/lishg.junj.cn\/\/wp-content\/uploads\/2023\/09\/the-general-of-orbit-type-plug-valves.jpg\" alt=\"Instala\u00e7\u00e3o de v\u00e1lvula\" width=\"440\" height=\"300\" title=\"\"><\/a><br \/>\n<a href=\"http:\/\/lishg.junj.cn\/2023\/09\/19\/the-introduction-of-dbb-plug-valves\/\" target=\"_blank\" rel=\"noopener\">A introdu\u00e7\u00e3o das v\u00e1lvulas macho DBB<\/a><\/p>\n<p>A v\u00e1lvula macho LIXIN DBB \u00e9 projetada, fabricada e testada de acordo com API 6D, possui fun\u00e7\u00e3o DBB de API 6D. Fixa\u00e7\u00e3o mec\u00e2nica<\/p>\n<p><img loading=\"lazy\" decoding=\"async\" src=\"http:\/\/demo137.m-union.cn\/theme\/lixin-EN\/images\/blog-tb1.jpg\" alt=\"\" width=\"19\" height=\"19\" title=\"\">Lixina<br \/>\n<a href=\"http:\/\/lishg.junj.cn\/2023\/09\/19\/the-introduction-of-dbb-plug-valves\/\" target=\"_blank\" rel=\"noopener\"><img loading=\"lazy\" decoding=\"async\" src=\"http:\/\/demo137.m-union.cn\/theme\/lixin-EN\/images\/blog-tb2.jpg\" alt=\"\" width=\"19\" height=\"19\" title=\"\"> Leia mais<\/a><br \/>\n<a href=\"http:\/\/lishg.junj.cn\/2023\/09\/19\/about-leakage-of-metal-seat-for-knife-gate-valve\/\" target=\"_blank\" rel=\"noopener\"><img loading=\"lazy\" decoding=\"async\" src=\"http:\/\/lishg.junj.cn\/\/wp-content\/uploads\/2023\/09\/about-leakage-of-metal-seat-for-knife-gate-valve.jpg\" alt=\"Instala\u00e7\u00e3o de v\u00e1lvula\" width=\"440\" height=\"300\" title=\"\"><\/a><br \/>\n<a href=\"http:\/\/lishg.junj.cn\/2023\/09\/19\/about-leakage-of-metal-seat-for-knife-gate-valve\/\" target=\"_blank\" rel=\"noopener\">Sobre vazamento de sede de metal para v\u00e1lvula guilhotina<\/a><\/p>\n<p>Nossa v\u00e1lvula guilhotina com sede met\u00e1lica \u00e9 feita de acordo com a especifica\u00e7\u00e3o do MSS SP-81. Como podemos ver, o artigo 10.2 desta norma especificou a taxa de vazamento de<\/p>\n<p><img loading=\"lazy\" decoding=\"async\" src=\"http:\/\/demo137.m-union.cn\/theme\/lixin-EN\/images\/blog-tb1.jpg\" alt=\"\" width=\"19\" height=\"19\" title=\"\">Lixina<br \/>\n<a href=\"http:\/\/lishg.junj.cn\/2023\/09\/19\/about-leakage-of-metal-seat-for-knife-gate-valve\/\" target=\"_blank\" rel=\"noopener\"><img loading=\"lazy\" decoding=\"async\" src=\"http:\/\/demo137.m-union.cn\/theme\/lixin-EN\/images\/blog-tb2.jpg\" alt=\"\" width=\"19\" height=\"19\" title=\"\"> Leia mais<\/a><br \/>\n<a href=\"http:\/\/lishg.junj.cn\/2023\/09\/19\/ptfe-packing-leakage-reason\/\" target=\"_blank\" rel=\"noopener\"><img loading=\"lazy\" decoding=\"async\" src=\"http:\/\/lishg.junj.cn\/\/wp-content\/uploads\/2023\/09\/ptfe-packing-leakage-reason.jpg\" alt=\"Instala\u00e7\u00e3o de v\u00e1lvula\" width=\"440\" height=\"300\" title=\"\"><\/a><br \/>\n<a href=\"http:\/\/lishg.junj.cn\/2023\/09\/19\/ptfe-packing-leakage-reason\/\" target=\"_blank\" rel=\"noopener\">Raz\u00e3o de vazamento da embalagem de PTFE<\/a><\/p>\n<p>Antes da entrega a LIIXN fez teste em todas as v\u00e1lvulas, e por que tamb\u00e9m apresenta vazamento? Duvidamos que: 1. Quando a v\u00e1lvula for feita o teste de press\u00e3o, haver\u00e1 for\u00e7a para fazer com que a gaxeta se expanda, e ap\u00f3s o teste\u2026<\/p>\n<p><img loading=\"lazy\" decoding=\"async\" src=\"http:\/\/demo137.m-union.cn\/theme\/lixin-EN\/images\/blog-tb1.jpg\" alt=\"\" width=\"19\" height=\"19\" title=\"\">Lixina<br \/>\n<a href=\"http:\/\/lishg.junj.cn\/2023\/09\/19\/ptfe-packing-leakage-reason\/\" target=\"_blank\" rel=\"noopener\"><img loading=\"lazy\" decoding=\"async\" src=\"http:\/\/demo137.m-union.cn\/theme\/lixin-EN\/images\/blog-tb2.jpg\" alt=\"\" width=\"19\" height=\"19\" title=\"\"> Leia mais<\/a><br \/>\n<a href=\"http:\/\/lishg.junj.cn\/2023\/09\/19\/lift-type-plug-valve-working-process\/\" target=\"_blank\" rel=\"noopener\"><img loading=\"lazy\" decoding=\"async\" src=\"http:\/\/lishg.junj.cn\/\/wp-content\/uploads\/2023\/09\/lift-type-plug-valve-working-process.jpg\" alt=\"Instala\u00e7\u00e3o de v\u00e1lvula\" width=\"440\" height=\"300\" title=\"\"><\/a><br \/>\n<a href=\"http:\/\/lishg.junj.cn\/2023\/09\/19\/lift-type-plug-valve-working-process\/\" target=\"_blank\" rel=\"noopener\">Processo de trabalho da v\u00e1lvula macho tipo elevador<\/a><\/p>\n<p>Processo de abertura e fechamento da v\u00e1lvula. Ao abrir a v\u00e1lvula, primeiro gire o volante para levantar o tamp\u00e3o e separ\u00e1-lo do selado<\/p>\n<p><img loading=\"lazy\" decoding=\"async\" src=\"http:\/\/demo137.m-union.cn\/theme\/lixin-EN\/images\/blog-tb1.jpg\" alt=\"\" width=\"19\" height=\"19\" title=\"\">Lixina<br \/>\n<a href=\"http:\/\/lishg.junj.cn\/2023\/09\/19\/lift-type-plug-valve-working-process\/\" target=\"_blank\" rel=\"noopener\"><img loading=\"lazy\" decoding=\"async\" src=\"http:\/\/demo137.m-union.cn\/theme\/lixin-EN\/images\/blog-tb2.jpg\" alt=\"\" width=\"19\" height=\"19\" title=\"\"> Leia mais<\/a><br \/>\n<a href=\"http:\/\/lishg.junj.cn\/2023\/09\/19\/oil-resistant-sealing-grease-7903\/\" target=\"_blank\" rel=\"noopener\"><img loading=\"lazy\" decoding=\"async\" src=\"http:\/\/lishg.junj.cn\/\/wp-content\/uploads\/2023\/09\/oil-resistant-sealing-grease-7903.jpg\" alt=\"Instala\u00e7\u00e3o de v\u00e1lvula\" width=\"440\" height=\"300\" title=\"\"><\/a><br \/>\n<a href=\"http:\/\/lishg.junj.cn\/2023\/09\/19\/oil-resistant-sealing-grease-7903\/\" target=\"_blank\" rel=\"noopener\">Graxa de veda\u00e7\u00e3o resistente a \u00f3leo 7903<\/a><\/p>\n<p>DASTON 7903 \u00e9 formulado a partir de fluidos sint\u00e9ticos, espessados \u200b\u200bpor espessante de argila org\u00e2nica.<\/p>\n<p><img loading=\"lazy\" decoding=\"async\" src=\"http:\/\/demo137.m-union.cn\/theme\/lixin-EN\/images\/blog-tb1.jpg\" alt=\"\" width=\"19\" height=\"19\" title=\"\">Lixina<br \/>\n<a href=\"http:\/\/lishg.junj.cn\/2023\/09\/19\/oil-resistant-sealing-grease-7903\/\" target=\"_blank\" rel=\"noopener\"><img loading=\"lazy\" decoding=\"async\" src=\"http:\/\/demo137.m-union.cn\/theme\/lixin-EN\/images\/blog-tb2.jpg\" alt=\"\" width=\"19\" height=\"19\" title=\"\"> Leia mais<\/a><br \/>\n<!-- \u6682\u65f6\u6ca1\u6709\u627e\u5230\u76f8\u5e94\u7684\u6837\u5f0f\u4fee\u6539 --><br \/>\n<!--\n\n\n<ul>\n \t\n\n<li>1<\/li>\n\n\n \t\n\n<li clas=\"page-item\"><a href=\"\/blog?i=2\">2<\/a><\/li>\n\n\n \t\n\n<li clas=\"page-item\"><a href=\"\/blog?i=2\">\u00bb<\/a><\/li>\n\n\n<\/ul>\n\n\n--><br \/>\n1<a title=\"P\u00e1gina 2\" href=\"http:\/\/lishg.junj.cn\/wp-admin\/admin-ajax.php?paged=2\" target=\"_blank\" rel=\"noopener\">2<\/a><a title=\"P\u00e1gina 3\" href=\"http:\/\/lishg.junj.cn\/wp-admin\/admin-ajax.php?paged=3\" target=\"_blank\" rel=\"noopener\">3<\/a><a href=\"http:\/\/lishg.junj.cn\/wp-admin\/admin-ajax.php?paged=2\" rel=\"next noopener\" aria-label=\"Pr\u00f3xima p\u00e1gina\" target=\"_blank\">\u00bb<\/a><br \/>\nUm pequeno rio chamado Duden passa por seu lugar e abastece-o com a regelialia necess\u00e1ria.<br \/>\nPergunta<\/p>","protected":false},"excerpt":{"rendered":"<p>Blog Home Blog Lixin Valve Group ganhou novamente o pr\u00eamio de coopera\u00e7\u00e3o profunda de 2022 para EPEC Valve Zone novamente Reuni\u00e3o resumida para o 5\u00ba anivers\u00e1rio do estabelecimento da EPEC Valve Zone. De 2 a 3 de mar\u00e7o de 2023, a reuni\u00e3o de resumo para o 5\u00ba A introdu\u00e7\u00e3o das v\u00e1lvulas macho DBB A v\u00e1lvula macho LIXIN DBB \u00e9 projetada, fabricada, testada [...]<\/p>","protected":false},"author":2,"featured_media":0,"parent":0,"menu_order":2,"comment_status":"closed","ping_status":"closed","template":"page-blog.php","meta":{"footnotes":""},"class_list":["post-75","page","type-page","status-publish","hentry"],"acf":[],"_links":{"self":[{"href":"https:\/\/www.lishgmachine.com\/pt\/wp-json\/wp\/v2\/pages\/75"}],"collection":[{"href":"https:\/\/www.lishgmachine.com\/pt\/wp-json\/wp\/v2\/pages"}],"about":[{"href":"https:\/\/www.lishgmachine.com\/pt\/wp-json\/wp\/v2\/types\/page"}],"author":[{"embeddable":true,"href":"https:\/\/www.lishgmachine.com\/pt\/wp-json\/wp\/v2\/users\/2"}],"replies":[{"embeddable":true,"href":"https:\/\/www.lishgmachine.com\/pt\/wp-json\/wp\/v2\/comments?post=75"}],"version-history":[{"count":1,"href":"https:\/\/www.lishgmachine.com\/pt\/wp-json\/wp\/v2\/pages\/75\/revisions"}],"predecessor-version":[{"id":5384,"href":"https:\/\/www.lishgmachine.com\/pt\/wp-json\/wp\/v2\/pages\/75\/revisions\/5384"}],"wp:attachment":[{"href":"https:\/\/www.lishgmachine.com\/pt\/wp-json\/wp\/v2\/media?parent=75"}],"curies":[{"name":"wp","href":"https:\/\/api.w.org\/{rel}","templated":true}]}}