{"id":4847,"date":"2024-07-17T14:15:46","date_gmt":"2024-07-17T06:15:46","guid":{"rendered":"http:\/\/www.lishgmachine.cn\/product\/central-drum-flexo-printing-machine-for-thermal-paper-pritning-copy\/"},"modified":"2026-03-04T16:17:27","modified_gmt":"2026-03-04T08:17:27","slug":"6-color-ci-printing-machine-for-paper-bag-copy-paper","status":"publish","type":"product","link":"https:\/\/www.lishgmachine.com\/pt\/product\/6-color-ci-printing-machine-for-paper-bag-copy-paper","title":{"rendered":"M\u00e1quina de impress\u00e3o CI de 6 cores para papel de c\u00f3pia de saco de papel"},"content":{"rendered":"<p><strong>Par\u00e2metro principal:<\/strong><\/p>\n<div>\n<table border=\"1\">\n<tbody>\n<tr>\n<td colspan=\"2\">Especifica\u00e7\u00e3o T\u00e9cnica<\/td>\n<\/tr>\n<tr>\n<td>Modelo<\/td>\n<td>YTC<\/td>\n<\/tr>\n<tr>\n<td>Largura de alimenta\u00e7\u00e3o de material<\/td>\n<td>600mm 800mm 1000mm 1200mm<\/td>\n<\/tr>\n<tr>\n<td>Largura m\u00e1xima de impress\u00e3o<\/td>\n<td>560 mm 760 mm 960 mm 1160 mm<\/td>\n<\/tr>\n<tr>\n<td>Cores<\/td>\n<td>4 6 8 cores<\/td>\n<\/tr>\n<tr>\n<td>Material<\/td>\n<td>Filme<\/td>\n<\/tr>\n<tr>\n<td>Espessura da placa<\/td>\n<td>1,14mm.1,7mm 2,28mm.2,84mm.\u00a03,94 mm<\/p>\n<p>Personalizado est\u00e1 dispon\u00edvel<\/td>\n<\/tr>\n<tr>\n<td>Comprimento de impress\u00e3o<\/td>\n<td>O padr\u00e3o \u00e9 400 mm,<\/p>\n<p>Personalizado est\u00e1 dispon\u00edvel de 300-1000 mm<\/td>\n<\/tr>\n<tr>\n<td>Velocidade m\u00e1xima da m\u00e1quina<\/td>\n<td>150m\/min<\/td>\n<\/tr>\n<tr>\n<td>Velocidade de impress\u00e3o<\/td>\n<td>120m\/min<\/td>\n<\/tr>\n<tr>\n<td>Precis\u00e3o de registro<\/td>\n<td>registro longitudinal\u00b10,2 mm<\/p>\n<p>Registro transversal \u00b1 0,2 mm<\/td>\n<\/tr>\n<tr>\n<td>Tipo de estrutura<\/td>\n<td>Impress\u00e3o central\uff08tambor central\uff09<\/td>\n<\/tr>\n<tr>\n<td>M\u00f3dulo de engrenagem<\/td>\n<td>1,5mm<\/td>\n<\/tr>\n<tr>\n<td>M\u00e9todo de aquecimento<\/td>\n<td>Aquecimento el\u00e9trico<\/td>\n<\/tr>\n<tr>\n<td>M\u00e1x. temperatura do forno.<\/td>\n<td>M\u00e1x. 80 \u2103 (temperatura ambiente 20 \u2103\uff09<\/td>\n<\/tr>\n<tr>\n<td>Desbobinador\/rebobinador de papel<\/td>\n<td>n\u00facleo 3\uff02<\/td>\n<\/tr>\n<tr>\n<td>Di\u00e2metro m\u00e1ximo do desenrolador\/rebobinador.<\/td>\n<td>1200 mm<\/td>\n<\/tr>\n<tr>\n<td>Tinta adequada<\/td>\n<td>Tinta \u00e0 base de \u00e1gua\/tinta solvente<\/td>\n<\/tr>\n<\/tbody>\n<\/table>\n<\/div>\n<p><strong>Caracter\u00edsticas:<\/strong><\/p>\n<p>1. M\u00e1quina de impress\u00e3o do tipo impress\u00e3o central com melhor registro de cores. Devido ao tambor grande, o material impresso \u00e9 suportado pelo tambor grande, melhorando muito o registro de cores, especialmente com materiais extens\u00edveis.<\/p>\n<p>2. Esta\u00e7\u00e3o de impress\u00e3o de todas as cores acionada pelo tambor central, menos erros de transmiss\u00e3o devido \u00e0 menor transmiss\u00e3o de engrenagem, aumenta a precis\u00e3o do registro.<\/p>\n<p>3. Adotando motor de alta qualidade, inversor de alta qualidade, economize eletricidade, reduza a flutua\u00e7\u00e3o de funcionamento.<\/p>\n<p>4.A m\u00e1quina est\u00e1 equipada com ventilador e aquecedor; e o aquecedor empregava sistema de controle de temperatura central, controlador autom\u00e1tico de temperatura e fonte de calor separada.<\/p>\n<p>5. O uso de forno de secagem individual e sistema de vento frio pode prevenir eficazmente a ades\u00e3o da tinta ap\u00f3s a impress\u00e3o.<\/p>\n<p>6.Roller adota processamento de a\u00e7o especial e, atrav\u00e9s de tratamento especial, reduz significativamente a faixa de batimento.<\/p>\n<p>7. O rolo de impress\u00e3o usa equil\u00edbrio est\u00e1tico e processamento de equil\u00edbrio din\u00e2mico, tratamento de oxida\u00e7\u00e3o de \u00e2nodo duro, pequena resist\u00eancia, batendo pequeno, alcan\u00e7ando finalmente o efeito de impress\u00e3o perfeito.<\/p>\n<p>8. Efeito de impress\u00e3o preciso obtido por dispositivo de transmiss\u00e3o de engrenagem especial.<\/p>\n<p>9. Todas as m\u00e1quinas de impress\u00e3o podem escolher configura\u00e7\u00f5es avan\u00e7adas para obter alta qualidade e efeito de alta defini\u00e7\u00e3o.<\/p>\n<p><strong>Papel:<\/strong><\/p>\n<p><img decoding=\"async\" src=\"https:\/\/lishg.com\/Tools\/kindeditor\/attached\/image\/20230504\/20230504135554_9565.jpg\" alt=\"\" title=\"\">\u00a0<img decoding=\"async\" src=\"https:\/\/lishg.com\/Tools\/kindeditor\/attached\/image\/20230504\/20230504135602_8316.jpg\" alt=\"\" title=\"\"><\/p>\n<p><strong>Filme:<\/strong><\/p>\n<p><img decoding=\"async\" src=\"https:\/\/lishg.com\/Tools\/kindeditor\/attached\/image\/20230504\/20230504135742_0972.jpg\" alt=\"\" title=\"\">\u00a0<img decoding=\"async\" src=\"https:\/\/lishg.com\/Tools\/kindeditor\/attached\/image\/20230504\/20230504135619_5659.jpg\" alt=\"\" title=\"\"><\/p>","protected":false},"featured_media":5332,"template":"","product_category":[614,11],"class_list":["post-4847","product","type-product","status-publish","has-post-thumbnail","hentry","product_category-ytd-series","product_category-ci-flexo-printing-machine"],"acf":[],"_links":{"self":[{"href":"https:\/\/www.lishgmachine.com\/pt\/wp-json\/wp\/v2\/product\/4847"}],"collection":[{"href":"https:\/\/www.lishgmachine.com\/pt\/wp-json\/wp\/v2\/product"}],"about":[{"href":"https:\/\/www.lishgmachine.com\/pt\/wp-json\/wp\/v2\/types\/product"}],"wp:featuredmedia":[{"embeddable":true,"href":"https:\/\/www.lishgmachine.com\/pt\/wp-json\/wp\/v2\/media\/5332"}],"wp:attachment":[{"href":"https:\/\/www.lishgmachine.com\/pt\/wp-json\/wp\/v2\/media?parent=4847"}],"wp:term":[{"taxonomy":"product_category","embeddable":true,"href":"https:\/\/www.lishgmachine.com\/pt\/wp-json\/wp\/v2\/product_category?post=4847"}],"curies":[{"name":"wp","href":"https:\/\/api.w.org\/{rel}","templated":true}]}}