{"id":4900,"date":"2024-07-17T16:34:50","date_gmt":"2024-07-17T08:34:50","guid":{"rendered":"http:\/\/www.lishgmachine.cn\/product\/automatic-4-6-color-stack-roll-to-roll-flexo-printing-machine-copy\/"},"modified":"2026-03-04T16:22:32","modified_gmt":"2026-03-04T08:22:32","slug":"stack-flexo-machine-coated-paper-printing-6-color","status":"publish","type":"product","link":"https:\/\/www.lishgmachine.com\/pt\/product\/stack-flexo-machine-coated-paper-printing-6-color","title":{"rendered":"Papel revestido da m\u00e1quina de Flexo da pilha que imprime 6 cores"},"content":{"rendered":"<h5><strong>Par\u00e2metro principal:<\/strong><\/h5>\n<table style=\"width: 100%;\" border=\"0\" width=\"100%\" cellspacing=\"0\" cellpadding=\"0\">\n<tbody>\n<tr>\n<td width=\"332\" height=\"18\"><strong>Modelo<\/strong><\/td>\n<td width=\"492\"><strong>YOUTUBE<\/strong><\/td>\n<\/tr>\n<tr>\n<td height=\"18\">Tipo<\/td>\n<td>Pilha<\/td>\n<\/tr>\n<tr>\n<td height=\"18\">Largura padr\u00e3o da m\u00e1quina<\/td>\n<td>600mm 800mm 1000mm 1200mm<\/td>\n<\/tr>\n<tr>\n<td height=\"18\">Largura de alimenta\u00e7\u00e3o de material<\/td>\n<td>200-1600mm, tamb\u00e9m pode ser personalizado para material com mais largura<\/td>\n<\/tr>\n<tr>\n<td height=\"18\">Largura de impress\u00e3o<\/td>\n<td>160-1560mm, tamb\u00e9m pode ser personalizado para material com mais largura<\/td>\n<\/tr>\n<tr>\n<td height=\"18\">Comprimento de impress\u00e3o<\/td>\n<td>O padr\u00e3o \u00e9 400 mm, pode ser personalizado de 300-1000 mm<\/td>\n<\/tr>\n<tr>\n<td height=\"18\">Velocidade m\u00e1xima da m\u00e1quina<\/td>\n<td>100m\/min<\/td>\n<\/tr>\n<tr>\n<td height=\"36\">Velocidade de impress\u00e3o<\/td>\n<td width=\"492\">10-80m\/min<br \/>\nEquipar a l\u00e2mina doutora da c\u00e2mara pode atingir 100m\/min<\/td>\n<\/tr>\n<tr>\n<td height=\"18\">Precis\u00e3o de registro<\/td>\n<td>\u22640,3 mm<\/td>\n<\/tr>\n<tr>\n<td height=\"18\">Espessura da placa<\/td>\n<td>1,14 mm 1,7 mm 2,28 mm 2,84 mm 3,94 mm podem ser personalizados<\/td>\n<\/tr>\n<tr>\n<td height=\"18\">Engrenagem<\/td>\n<td>1,5mm<\/td>\n<\/tr>\n<tr>\n<td height=\"18\">Transmiss\u00e3o<\/td>\n<td>Correia S\u00edncrona<\/td>\n<\/tr>\n<tr>\n<td height=\"18\">Aquecimento<\/td>\n<td>Aquecimento El\u00e9trico<\/td>\n<\/tr>\n<tr>\n<td height=\"18\">Espessura dupla da fita para placa adesiva<\/td>\n<td>0,38 mm 0,5 mm pode ser personalizado<\/td>\n<\/tr>\n<\/tbody>\n<\/table>\n<p>&nbsp;<\/p>\n<h5>Se\u00e7\u00f5es de impress\u00e3o:<\/h5>\n<p>1.\u00a0circunfer\u00eancia do rolo da placa: 300-1000 mm, padr\u00e3o inferior a 400 mm<\/p>\n<p>2. material de impress\u00e3o: placa de resina ou placa de borracha<\/p>\n<p>3.\u00a0Transmiss\u00e3o entre o rolo de impress\u00e3o e o rolo anilox: Engrenagens helicoidais<\/p>\n<p>4.\u00a0cromatografia de impress\u00e3o: rota\u00e7\u00e3o de 360 \u200b\u200bgraus<\/p>\n<p>5.\u00a0m\u00e9todo de ajuste: Manual (impress\u00e3o autom\u00e1tica ap\u00f3s ajuste manual, ao ligar a m\u00e1quina, n\u00e3o h\u00e1 necessidade de registrar a cor novamente, a press\u00e3o de impress\u00e3o e o registro permanecem iguais).<\/p>\n<p>6.\u00a0Sistema de eleva\u00e7\u00e3o do rolo de impress\u00e3o: pneum\u00e1tico<\/p>\n<p>&nbsp;<\/p>\n<h5>Amostra de impress\u00e3o:<\/h5>\n<p><strong>Papel<\/strong><\/p>\n<p><img loading=\"lazy\" decoding=\"async\" class=\"alignnone size-full wp-image-4893\" src=\"http:\/\/www.lishgmachine.cn\/wp-content\/uploads\/2024\/07\/Paper-2-1.jpg\" alt=\"\" width=\"400\" height=\"300\" title=\"\" srcset=\"https:\/\/www.lishgmachine.com\/wp-content\/uploads\/2024\/07\/Paper-2-1.jpg 400w, https:\/\/www.lishgmachine.com\/wp-content\/uploads\/2024\/07\/Paper-2-1-300x225.jpg 300w\" sizes=\"(max-width: 400px) 100vw, 400px\" \/><\/p>\n<p><strong>Filme<\/strong><\/p>\n<p><img loading=\"lazy\" decoding=\"async\" class=\"alignnone size-full wp-image-4867\" src=\"http:\/\/www.lishgmachine.cn\/wp-content\/uploads\/2024\/07\/Printing-sample-11.jpg\" alt=\"\" width=\"400\" height=\"400\" title=\"\" srcset=\"https:\/\/www.lishgmachine.com\/wp-content\/uploads\/2024\/07\/Printing-sample-11.jpg 400w, https:\/\/www.lishgmachine.com\/wp-content\/uploads\/2024\/07\/Printing-sample-11-300x300.jpg 300w, https:\/\/www.lishgmachine.com\/wp-content\/uploads\/2024\/07\/Printing-sample-11-150x150.jpg 150w\" sizes=\"(max-width: 400px) 100vw, 400px\" \/><\/p>\n<p>&nbsp;<\/p>\n<h5><strong>Nosso servi\u00e7o<\/strong><\/h5>\n<table style=\"width: 100%;\" border=\"0\" cellspacing=\"0\" cellpadding=\"0\">\n<tbody>\n<tr>\n<td style=\"width: 49.8274%;\" width=\"433\" height=\"100\"><img loading=\"lazy\" decoding=\"async\" class=\"alignnone size-full wp-image-4779\" src=\"http:\/\/www.lishgmachine.cn\/wp-content\/uploads\/2024\/07\/Pre-Sales-One-stop-Service.jpg\" alt=\"\" width=\"774\" height=\"450\" title=\"\" srcset=\"https:\/\/www.lishgmachine.com\/wp-content\/uploads\/2024\/07\/Pre-Sales-One-stop-Service.jpg 774w, https:\/\/www.lishgmachine.com\/wp-content\/uploads\/2024\/07\/Pre-Sales-One-stop-Service-300x174.jpg 300w, https:\/\/www.lishgmachine.com\/wp-content\/uploads\/2024\/07\/Pre-Sales-One-stop-Service-768x447.jpg 768w\" sizes=\"(max-width: 774px) 100vw, 774px\" \/><\/td>\n<td style=\"width: 49.8274%;\" width=\"433\"><img loading=\"lazy\" decoding=\"async\" class=\"alignnone size-full wp-image-4780\" src=\"http:\/\/www.lishgmachine.cn\/wp-content\/uploads\/2024\/07\/After-Sales-Service.jpg\" alt=\"\" width=\"774\" height=\"450\" title=\"\" srcset=\"https:\/\/www.lishgmachine.com\/wp-content\/uploads\/2024\/07\/After-Sales-Service.jpg 774w, https:\/\/www.lishgmachine.com\/wp-content\/uploads\/2024\/07\/After-Sales-Service-300x174.jpg 300w, https:\/\/www.lishgmachine.com\/wp-content\/uploads\/2024\/07\/After-Sales-Service-768x447.jpg 768w\" sizes=\"(max-width: 774px) 100vw, 774px\" \/><\/td>\n<\/tr>\n<tr>\n<td style=\"width: 49.8274%;\" width=\"433\" height=\"197\"><strong>Servi\u00e7o completo de pr\u00e9-venda<\/strong><br \/>\n* Consulta e suporte de consultoria<br \/>\n* \u00daltimas tend\u00eancias do setor<br \/>\n* Solu\u00e7\u00e3o de impress\u00e3o mais adequada<br \/>\n* Suporte para testes de amostra<br \/>\n* Veja nossa f\u00e1brica<br \/>\n* Sugerir suporte de layout<\/td>\n<td style=\"width: 49.8274%;\" width=\"433\"><strong>Servi\u00e7o p\u00f3s-venda<\/strong><br \/>\n*Um ano de garantia<br \/>\n* V\u00eddeo de teste da m\u00e1quina antes da entrega<br \/>\n* Manual em ingl\u00eas, diagrama el\u00e9trico<br \/>\n* Treinamento como instalar a m\u00e1quina,<br \/>\n*treinamento como usar a m\u00e1quina<br \/>\n* Engenheiros dispon\u00edveis para fazer manuten\u00e7\u00e3o em m\u00e1quinas no exterior<\/td>\n<\/tr>\n<\/tbody>\n<\/table>\n<p>&nbsp;<\/p>\n<h5><strong>As fotos da nossa empresa permitem que voc\u00ea saiba sobre minha empresa<\/strong><\/h5>\n<div class=\"table-responsive\">\n<table class=\"table\" style=\"width: 100%;\" border=\"0\" align=\"center\">\n<tbody>\n<tr>\n<td style=\"width: 49.5119%;\"><img loading=\"lazy\" decoding=\"async\" class=\"alignnone size-full wp-image-4787\" src=\"http:\/\/www.lishgmachine.cn\/wp-content\/uploads\/2024\/07\/lishg-Company-Environment-1.jpg\" alt=\"\" width=\"774\" height=\"500\" title=\"\" srcset=\"https:\/\/www.lishgmachine.com\/wp-content\/uploads\/2024\/07\/lishg-Company-Environment-1.jpg 774w, https:\/\/www.lishgmachine.com\/wp-content\/uploads\/2024\/07\/lishg-Company-Environment-1-300x194.jpg 300w, https:\/\/www.lishgmachine.com\/wp-content\/uploads\/2024\/07\/lishg-Company-Environment-1-768x496.jpg 768w\" sizes=\"(max-width: 774px) 100vw, 774px\" \/><\/td>\n<td style=\"width: 49.5119%;\"><img loading=\"lazy\" decoding=\"async\" class=\"alignnone size-full wp-image-4788\" src=\"http:\/\/www.lishgmachine.cn\/wp-content\/uploads\/2024\/07\/lishg-Company-Environment-2.jpg\" alt=\"\" width=\"774\" height=\"500\" title=\"\" srcset=\"https:\/\/www.lishgmachine.com\/wp-content\/uploads\/2024\/07\/lishg-Company-Environment-2.jpg 774w, https:\/\/www.lishgmachine.com\/wp-content\/uploads\/2024\/07\/lishg-Company-Environment-2-300x194.jpg 300w, https:\/\/www.lishgmachine.com\/wp-content\/uploads\/2024\/07\/lishg-Company-Environment-2-768x496.jpg 768w\" sizes=\"(max-width: 774px) 100vw, 774px\" \/><\/td>\n<\/tr>\n<tr>\n<td style=\"width: 49.5119%;\"><img loading=\"lazy\" decoding=\"async\" class=\"alignnone size-full wp-image-4789\" src=\"http:\/\/www.lishgmachine.cn\/wp-content\/uploads\/2024\/07\/lishg-Company-Environment-3.jpg\" alt=\"\" width=\"774\" height=\"500\" title=\"\" srcset=\"https:\/\/www.lishgmachine.com\/wp-content\/uploads\/2024\/07\/lishg-Company-Environment-3.jpg 774w, https:\/\/www.lishgmachine.com\/wp-content\/uploads\/2024\/07\/lishg-Company-Environment-3-300x194.jpg 300w, https:\/\/www.lishgmachine.com\/wp-content\/uploads\/2024\/07\/lishg-Company-Environment-3-768x496.jpg 768w\" sizes=\"(max-width: 774px) 100vw, 774px\" \/><\/td>\n<td style=\"width: 49.5119%;\"><img loading=\"lazy\" decoding=\"async\" class=\"alignnone size-full wp-image-4790\" src=\"http:\/\/www.lishgmachine.cn\/wp-content\/uploads\/2024\/07\/lishg-Company-Environment-4.jpg\" alt=\"\" width=\"774\" height=\"500\" title=\"\" srcset=\"https:\/\/www.lishgmachine.com\/wp-content\/uploads\/2024\/07\/lishg-Company-Environment-4.jpg 774w, https:\/\/www.lishgmachine.com\/wp-content\/uploads\/2024\/07\/lishg-Company-Environment-4-300x194.jpg 300w, https:\/\/www.lishgmachine.com\/wp-content\/uploads\/2024\/07\/lishg-Company-Environment-4-768x496.jpg 768w\" sizes=\"(max-width: 774px) 100vw, 774px\" \/><\/td>\n<\/tr>\n<tr>\n<td style=\"width: 49.5119%;\"><img loading=\"lazy\" decoding=\"async\" class=\"alignnone size-full wp-image-4791\" src=\"http:\/\/www.lishgmachine.cn\/wp-content\/uploads\/2024\/07\/lishg-Company-Environment-5.jpg\" alt=\"\" width=\"774\" height=\"500\" title=\"\" srcset=\"https:\/\/www.lishgmachine.com\/wp-content\/uploads\/2024\/07\/lishg-Company-Environment-5.jpg 774w, https:\/\/www.lishgmachine.com\/wp-content\/uploads\/2024\/07\/lishg-Company-Environment-5-300x194.jpg 300w, https:\/\/www.lishgmachine.com\/wp-content\/uploads\/2024\/07\/lishg-Company-Environment-5-768x496.jpg 768w\" sizes=\"(max-width: 774px) 100vw, 774px\" \/><\/td>\n<td style=\"width: 49.5119%;\"><img loading=\"lazy\" decoding=\"async\" class=\"alignnone size-full wp-image-4792\" src=\"http:\/\/www.lishgmachine.cn\/wp-content\/uploads\/2024\/07\/lishg-Company-Environment-6.jpg\" alt=\"\" width=\"774\" height=\"500\" title=\"\" srcset=\"https:\/\/www.lishgmachine.com\/wp-content\/uploads\/2024\/07\/lishg-Company-Environment-6.jpg 774w, https:\/\/www.lishgmachine.com\/wp-content\/uploads\/2024\/07\/lishg-Company-Environment-6-300x194.jpg 300w, https:\/\/www.lishgmachine.com\/wp-content\/uploads\/2024\/07\/lishg-Company-Environment-6-768x496.jpg 768w\" sizes=\"(max-width: 774px) 100vw, 774px\" \/><\/td>\n<\/tr>\n<\/tbody>\n<\/table>\n<p>&nbsp;<\/p>\n<\/div>","protected":false},"featured_media":4892,"template":"","product_category":[613,13],"class_list":["post-4900","product","type-product","status-publish","has-post-thumbnail","hentry","product_category-ytb-series","product_category-stack-flexo-printing-machine"],"acf":[],"_links":{"self":[{"href":"https:\/\/www.lishgmachine.com\/pt\/wp-json\/wp\/v2\/product\/4900"}],"collection":[{"href":"https:\/\/www.lishgmachine.com\/pt\/wp-json\/wp\/v2\/product"}],"about":[{"href":"https:\/\/www.lishgmachine.com\/pt\/wp-json\/wp\/v2\/types\/product"}],"wp:featuredmedia":[{"embeddable":true,"href":"https:\/\/www.lishgmachine.com\/pt\/wp-json\/wp\/v2\/media\/4892"}],"wp:attachment":[{"href":"https:\/\/www.lishgmachine.com\/pt\/wp-json\/wp\/v2\/media?parent=4900"}],"wp:term":[{"taxonomy":"product_category","embeddable":true,"href":"https:\/\/www.lishgmachine.com\/pt\/wp-json\/wp\/v2\/product_category?post=4900"}],"curies":[{"name":"wp","href":"https:\/\/api.w.org\/{rel}","templated":true}]}}