{"id":5322,"date":"2024-10-16T10:31:06","date_gmt":"2024-10-16T02:31:06","guid":{"rendered":"https:\/\/www.lishgmachine.cn\/?post_type=product&#038;p=5314"},"modified":"2026-03-03T15:58:43","modified_gmt":"2026-03-03T07:58:43","slug":"8-colors-full-servo-gearless-flexographic-printing-machine","status":"publish","type":"product","link":"https:\/\/www.lishgmachine.com\/pt\/product\/8-colors-full-servo-gearless-flexographic-printing-machine","title":{"rendered":"M\u00e1quina de impress\u00e3o flexogr\u00e1fica servo completa de 8 cores"},"content":{"rendered":"<h5>Aplica\u00e7\u00e3o do produto:<\/h5>\n<p>Largura m\u00e1xima do material: 1200 mm<br \/>\nCor de impress\u00e3o: 8 cores<br \/>\nLargura m\u00e1xima de impress\u00e3o: 1160 mm<br \/>\nVelocidade mec\u00e2nica da maquinaria: 420m\/min<br \/>\nM\u00e1x. Velocidade de impress\u00e3o do material: 350-400m\/min, de acordo com diferentes materiais e design de impress\u00e3o<br \/>\nMaterial: Papel, PE, PET, BOPP, PVC<br \/>\nM\u00e1x. Comprimento de impress\u00e3o (repeti\u00e7\u00e3o): 400 mm-800 mm<br \/>\nPot\u00eancia da m\u00e1quina: 380V, 3PH, 50HZ\/60HZ<br \/>\nA m\u00e1quina de impress\u00e3o flexogr\u00e1fica de manga gearless adota um avan\u00e7ado sistema servo completo. Em compara\u00e7\u00e3o com as m\u00e1quinas de impress\u00e3o tradicionais por transmiss\u00e3o de engrenagens, \u00e9 mais r\u00e1pida, realiza registro de cores totalmente autom\u00e1tico e tem custos de manuten\u00e7\u00e3o mais baixos.<\/p>\n<p>&nbsp;<\/p>\n<h5>Recursos da m\u00e1quina:<\/h5>\n<p>1. Descontrair e retroceder sem parar<br \/>\n2. O sistema de impress\u00e3o servo completo com manga sem engrenagens<br \/>\n3. Registro de cores totalmente autom\u00e1tico<br \/>\n4. Sistema de secagem de controle de convers\u00e3o de frequ\u00eancia totalmente autom\u00e1tico<\/p>\n<p>&nbsp;<\/p>\n<h5>Especifica\u00e7\u00e3o T\u00e9cnica<\/h5>\n<table style=\"width: 100%;\" border=\"0\" width=\"100%\" cellspacing=\"0\" cellpadding=\"0\">\n<tbody>\n<tr>\n<td width=\"254\" height=\"19\">Modelo<\/td>\n<td width=\"438\">YTE-61200mm<\/td>\n<\/tr>\n<tr>\n<td width=\"254\" height=\"19\">Largura m\u00e1xima do material<\/td>\n<td width=\"438\">1200 mm<\/td>\n<\/tr>\n<tr>\n<td width=\"254\" height=\"19\">Impress\u00e3o em cores<\/td>\n<td width=\"438\">8 cores<\/td>\n<\/tr>\n<tr>\n<td width=\"254\" height=\"19\">Largura m\u00e1xima de impress\u00e3o<\/td>\n<td width=\"438\">1160 mm<\/td>\n<\/tr>\n<tr>\n<td width=\"254\" height=\"19\">Velocidade mec\u00e2nica da maquinaria<\/td>\n<td width=\"438\">420m\/min<\/td>\n<\/tr>\n<tr>\n<td width=\"254\" height=\"19\">Velocidade m\u00e1xima de impress\u00e3o de material<\/td>\n<td width=\"438\">350-400 m\/min, de acordo com diferentes materiais e design de impress\u00e3o<\/td>\n<\/tr>\n<tr>\n<td width=\"254\" height=\"19\">Material<\/td>\n<td width=\"438\">Papel, PE, PET, BOPP, PVC<\/td>\n<\/tr>\n<tr>\n<td width=\"254\" height=\"19\">Comprimento m\u00e1ximo de impress\u00e3o (repetir)<\/td>\n<td width=\"438\">400mm-800mm<\/td>\n<\/tr>\n<tr>\n<td width=\"254\" height=\"19\">Cilindro de impress\u00e3o<\/td>\n<td width=\"438\">Tipo de manga<\/td>\n<\/tr>\n<tr>\n<td width=\"254\" height=\"19\">Rolo Anilox Cer\u00e2mico<\/td>\n<td width=\"438\">Tipo de manga<\/td>\n<\/tr>\n<tr>\n<td width=\"254\" height=\"19\">Di\u00e2metro m\u00e1ximo de desenrolamento\/rebobinamento<\/td>\n<td width=\"438\">\u03a6800mm<\/td>\n<\/tr>\n<tr>\n<td width=\"254\" height=\"19\">Espessura da fita adesiva<\/td>\n<td width=\"438\">0,38 mm<\/td>\n<\/tr>\n<tr>\n<td width=\"254\" height=\"19\">Espessura da Placa<\/td>\n<td width=\"438\">1,7 mm, 1,14 mm, 2,84 mm, 2,28 mm ou conforme seu pedido<\/td>\n<\/tr>\n<tr>\n<td width=\"254\" height=\"19\">Precis\u00e3o de registro<\/td>\n<td width=\"438\">\u00b10,08mm<\/td>\n<\/tr>\n<tr>\n<td width=\"254\" height=\"19\">M\u00e9todo de aquecimento<\/td>\n<td width=\"438\">Aquecimento el\u00e9trico<\/td>\n<\/tr>\n<tr>\n<td width=\"254\" height=\"19\">Tinta<\/td>\n<td width=\"438\">Tinta \u00e0 base de \u00e1gua ou tinta solvente<\/td>\n<\/tr>\n<tr>\n<td width=\"254\" height=\"19\">Poder<\/td>\n<td width=\"438\">Tens\u00e3o: 380 V, 3PH, 50 Hz\/60 Hz<\/td>\n<\/tr>\n<\/tbody>\n<\/table>\n<p>&nbsp;<\/p>\n<h5>Amostra de impress\u00e3o<\/h5>\n<p><img loading=\"lazy\" decoding=\"async\" class=\"alignnone size-full wp-image-5316\" src=\"http:\/\/www.lishgmachine.cn\/wp-content\/uploads\/2024\/10\/Printing-sample.png\" alt=\"\" width=\"754\" height=\"470\" title=\"\" srcset=\"https:\/\/www.lishgmachine.com\/wp-content\/uploads\/2024\/10\/Printing-sample.png 754w, https:\/\/www.lishgmachine.com\/wp-content\/uploads\/2024\/10\/Printing-sample-300x187.png 300w\" sizes=\"(max-width: 754px) 100vw, 754px\" \/><\/p>\n<p>&nbsp;<\/p>\n<h5>Detalhe da m\u00e1quina<\/h5>\n<table style=\"width: 100%;\">\n<tbody>\n<tr>\n<td style=\"width: 50%;\"><img loading=\"lazy\" decoding=\"async\" src=\"http:\/\/www.lishgmachine.cn\/wp-content\/uploads\/2024\/10\/Machine-detail-3.png\" alt=\"\" width=\"754\" height=\"550\" title=\"\"><\/td>\n<td style=\"width: 50%;\"><img loading=\"lazy\" decoding=\"async\" src=\"http:\/\/www.lishgmachine.cn\/wp-content\/uploads\/2024\/10\/Machine-detail-1.png\" alt=\"\" width=\"754\" height=\"550\" title=\"\"><\/td>\n<\/tr>\n<tr>\n<td><img loading=\"lazy\" decoding=\"async\" src=\"http:\/\/www.lishgmachine.cn\/wp-content\/uploads\/2024\/10\/Machine-detail-4.png\" alt=\"\" width=\"754\" height=\"550\" title=\"\"><\/td>\n<td><img loading=\"lazy\" decoding=\"async\" src=\"http:\/\/www.lishgmachine.cn\/wp-content\/uploads\/2024\/10\/Machine-detail-2.png\" alt=\"\" width=\"754\" height=\"550\" title=\"\"><\/td>\n<\/tr>\n<\/tbody>\n<\/table>\n<h5><\/h5>\n<h5><strong>Nosso servi\u00e7o<\/strong><\/h5>\n<table style=\"width: 100%;\" border=\"0\" cellspacing=\"0\" cellpadding=\"0\">\n<tbody>\n<tr>\n<td style=\"width: 49.8274%;\" width=\"433\" height=\"100\"><img loading=\"lazy\" decoding=\"async\" class=\"alignnone size-full wp-image-4779\" src=\"http:\/\/www.lishgmachine.cn\/wp-content\/uploads\/2024\/07\/Pre-Sales-One-stop-Service.jpg\" alt=\"\" width=\"774\" height=\"450\" title=\"\" srcset=\"https:\/\/www.lishgmachine.com\/wp-content\/uploads\/2024\/07\/Pre-Sales-One-stop-Service.jpg 774w, https:\/\/www.lishgmachine.com\/wp-content\/uploads\/2024\/07\/Pre-Sales-One-stop-Service-300x174.jpg 300w, https:\/\/www.lishgmachine.com\/wp-content\/uploads\/2024\/07\/Pre-Sales-One-stop-Service-768x447.jpg 768w\" sizes=\"(max-width: 774px) 100vw, 774px\" \/><\/td>\n<td style=\"width: 49.8274%;\" width=\"433\"><img loading=\"lazy\" decoding=\"async\" class=\"alignnone size-full wp-image-4780\" src=\"http:\/\/www.lishgmachine.cn\/wp-content\/uploads\/2024\/07\/After-Sales-Service.jpg\" alt=\"\" width=\"774\" height=\"450\" title=\"\" srcset=\"https:\/\/www.lishgmachine.com\/wp-content\/uploads\/2024\/07\/After-Sales-Service.jpg 774w, https:\/\/www.lishgmachine.com\/wp-content\/uploads\/2024\/07\/After-Sales-Service-300x174.jpg 300w, https:\/\/www.lishgmachine.com\/wp-content\/uploads\/2024\/07\/After-Sales-Service-768x447.jpg 768w\" sizes=\"(max-width: 774px) 100vw, 774px\" \/><\/td>\n<\/tr>\n<tr>\n<td style=\"width: 49.8274%;\" width=\"433\" height=\"197\"><strong>Servi\u00e7o completo de pr\u00e9-venda<\/strong><br \/>\n* Consulta e suporte de consultoria<br \/>\n* \u00daltimas tend\u00eancias do setor<br \/>\n* Solu\u00e7\u00e3o de impress\u00e3o mais adequada<br \/>\n* Suporte para testes de amostra<br \/>\n* Veja nossa f\u00e1brica<br \/>\n* Sugerir suporte de layout<\/td>\n<td style=\"width: 49.8274%;\" width=\"433\"><strong>Servi\u00e7o p\u00f3s-venda<\/strong><br \/>\n*Um ano de garantia<br \/>\n* V\u00eddeo de teste da m\u00e1quina antes da entrega<br \/>\n* Manual em ingl\u00eas, diagrama el\u00e9trico<br \/>\n* Treinamento como instalar a m\u00e1quina,<br \/>\n*treinamento como usar a m\u00e1quina<br \/>\n* Engenheiros dispon\u00edveis para fazer manuten\u00e7\u00e3o em m\u00e1quinas no exterior<\/td>\n<\/tr>\n<\/tbody>\n<\/table>\n<p>&nbsp;<\/p>\n<h5><strong>As fotos da nossa empresa permitem que voc\u00ea saiba sobre minha empresa<\/strong><\/h5>\n<div class=\"table-responsive\">\n<table class=\"table\" style=\"width: 100%;\" border=\"0\" align=\"center\">\n<tbody>\n<tr>\n<td style=\"width: 49.5119%;\"><img loading=\"lazy\" decoding=\"async\" class=\"alignnone size-full wp-image-4787\" src=\"http:\/\/www.lishgmachine.cn\/wp-content\/uploads\/2024\/07\/lishg-Company-Environment-1.jpg\" alt=\"\" width=\"774\" height=\"500\" title=\"\" srcset=\"https:\/\/www.lishgmachine.com\/wp-content\/uploads\/2024\/07\/lishg-Company-Environment-1.jpg 774w, https:\/\/www.lishgmachine.com\/wp-content\/uploads\/2024\/07\/lishg-Company-Environment-1-300x194.jpg 300w, https:\/\/www.lishgmachine.com\/wp-content\/uploads\/2024\/07\/lishg-Company-Environment-1-768x496.jpg 768w\" sizes=\"(max-width: 774px) 100vw, 774px\" \/><\/td>\n<td style=\"width: 49.5119%;\"><img loading=\"lazy\" decoding=\"async\" class=\"alignnone size-full wp-image-4788\" src=\"http:\/\/www.lishgmachine.cn\/wp-content\/uploads\/2024\/07\/lishg-Company-Environment-2.jpg\" alt=\"\" width=\"774\" height=\"500\" title=\"\" srcset=\"https:\/\/www.lishgmachine.com\/wp-content\/uploads\/2024\/07\/lishg-Company-Environment-2.jpg 774w, https:\/\/www.lishgmachine.com\/wp-content\/uploads\/2024\/07\/lishg-Company-Environment-2-300x194.jpg 300w, https:\/\/www.lishgmachine.com\/wp-content\/uploads\/2024\/07\/lishg-Company-Environment-2-768x496.jpg 768w\" sizes=\"(max-width: 774px) 100vw, 774px\" \/><\/td>\n<\/tr>\n<tr>\n<td style=\"width: 49.5119%;\"><img loading=\"lazy\" decoding=\"async\" class=\"alignnone size-full wp-image-4789\" src=\"http:\/\/www.lishgmachine.cn\/wp-content\/uploads\/2024\/07\/lishg-Company-Environment-3.jpg\" alt=\"\" width=\"774\" height=\"500\" title=\"\" srcset=\"https:\/\/www.lishgmachine.com\/wp-content\/uploads\/2024\/07\/lishg-Company-Environment-3.jpg 774w, https:\/\/www.lishgmachine.com\/wp-content\/uploads\/2024\/07\/lishg-Company-Environment-3-300x194.jpg 300w, https:\/\/www.lishgmachine.com\/wp-content\/uploads\/2024\/07\/lishg-Company-Environment-3-768x496.jpg 768w\" sizes=\"(max-width: 774px) 100vw, 774px\" \/><\/td>\n<td style=\"width: 49.5119%;\"><img loading=\"lazy\" decoding=\"async\" class=\"alignnone size-full wp-image-4790\" src=\"http:\/\/www.lishgmachine.cn\/wp-content\/uploads\/2024\/07\/lishg-Company-Environment-4.jpg\" alt=\"\" width=\"774\" height=\"500\" title=\"\" srcset=\"https:\/\/www.lishgmachine.com\/wp-content\/uploads\/2024\/07\/lishg-Company-Environment-4.jpg 774w, https:\/\/www.lishgmachine.com\/wp-content\/uploads\/2024\/07\/lishg-Company-Environment-4-300x194.jpg 300w, https:\/\/www.lishgmachine.com\/wp-content\/uploads\/2024\/07\/lishg-Company-Environment-4-768x496.jpg 768w\" sizes=\"(max-width: 774px) 100vw, 774px\" \/><\/td>\n<\/tr>\n<tr>\n<td style=\"width: 49.5119%;\"><img loading=\"lazy\" decoding=\"async\" class=\"alignnone size-full wp-image-4791\" src=\"http:\/\/www.lishgmachine.cn\/wp-content\/uploads\/2024\/07\/lishg-Company-Environment-5.jpg\" alt=\"\" width=\"774\" height=\"500\" title=\"\" srcset=\"https:\/\/www.lishgmachine.com\/wp-content\/uploads\/2024\/07\/lishg-Company-Environment-5.jpg 774w, https:\/\/www.lishgmachine.com\/wp-content\/uploads\/2024\/07\/lishg-Company-Environment-5-300x194.jpg 300w, https:\/\/www.lishgmachine.com\/wp-content\/uploads\/2024\/07\/lishg-Company-Environment-5-768x496.jpg 768w\" sizes=\"(max-width: 774px) 100vw, 774px\" \/><\/td>\n<td style=\"width: 49.5119%;\"><img loading=\"lazy\" decoding=\"async\" class=\"alignnone size-full wp-image-4792\" src=\"http:\/\/www.lishgmachine.cn\/wp-content\/uploads\/2024\/07\/lishg-Company-Environment-6.jpg\" alt=\"\" width=\"774\" height=\"500\" title=\"\" srcset=\"https:\/\/www.lishgmachine.com\/wp-content\/uploads\/2024\/07\/lishg-Company-Environment-6.jpg 774w, https:\/\/www.lishgmachine.com\/wp-content\/uploads\/2024\/07\/lishg-Company-Environment-6-300x194.jpg 300w, https:\/\/www.lishgmachine.com\/wp-content\/uploads\/2024\/07\/lishg-Company-Environment-6-768x496.jpg 768w\" sizes=\"(max-width: 774px) 100vw, 774px\" \/><\/td>\n<\/tr>\n<\/tbody>\n<\/table>\n<p>&nbsp;<\/p>\n<\/div>","protected":false},"featured_media":5323,"template":"","product_category":[597,612],"class_list":["post-5322","product","type-product","status-publish","has-post-thumbnail","hentry","product_category-gearless-flexo-printing-press","product_category-yte-series"],"acf":[],"_links":{"self":[{"href":"https:\/\/www.lishgmachine.com\/pt\/wp-json\/wp\/v2\/product\/5322"}],"collection":[{"href":"https:\/\/www.lishgmachine.com\/pt\/wp-json\/wp\/v2\/product"}],"about":[{"href":"https:\/\/www.lishgmachine.com\/pt\/wp-json\/wp\/v2\/types\/product"}],"wp:featuredmedia":[{"embeddable":true,"href":"https:\/\/www.lishgmachine.com\/pt\/wp-json\/wp\/v2\/media\/5323"}],"wp:attachment":[{"href":"https:\/\/www.lishgmachine.com\/pt\/wp-json\/wp\/v2\/media?parent=5322"}],"wp:term":[{"taxonomy":"product_category","embeddable":true,"href":"https:\/\/www.lishgmachine.com\/pt\/wp-json\/wp\/v2\/product_category?post=5322"}],"curies":[{"name":"wp","href":"https:\/\/api.w.org\/{rel}","templated":true}]}}