{"id":5348,"date":"2024-10-16T14:02:07","date_gmt":"2024-10-16T06:02:07","guid":{"rendered":"https:\/\/www.lishgmachine.cn\/product\/8-colors-full-servo-gearless-flexographic-printing-machine-copy-2\/"},"modified":"2026-03-04T16:12:26","modified_gmt":"2026-03-04T08:12:26","slug":"4-4-colors-ci-double-sided-valve-pockets-flexo-printing-machine","status":"publish","type":"product","link":"https:\/\/www.lishgmachine.com\/pt\/product\/4-4-colors-ci-double-sided-valve-pockets-flexo-printing-machine","title":{"rendered":"M\u00e1quina de impress\u00e3o flexogr\u00e1fica de pacotes de v\u00e1lvula dupla face tipo CI de 4+4 cores"},"content":{"rendered":"<p><strong>Par\u00e2metro principal:<\/strong><\/p>\n<table border=\"1\">\n<tbody>\n<tr>\n<td colspan=\"2\"><strong>Especifica\u00e7\u00e3o T\u00e9cnica<\/strong><\/td>\n<\/tr>\n<tr>\n<td><strong>Modelo<\/strong><\/td>\n<td><strong>YTD-4+4 cores<\/strong><\/td>\n<\/tr>\n<tr>\n<td>Largura de alimenta\u00e7\u00e3o de material<\/td>\n<td>800 mm<\/td>\n<\/tr>\n<tr>\n<td>Largura m\u00e1xima de impress\u00e3o<\/td>\n<td>760 mm<\/td>\n<\/tr>\n<tr>\n<td>Cores<\/td>\n<td>4+4 cores<\/td>\n<\/tr>\n<tr>\n<td>Material<\/td>\n<td>Tecido PP<\/td>\n<\/tr>\n<tr>\n<td>Espessura da placa<\/td>\n<td>1,14mm.1,7mm 2,28mm.2,84mm.\u00a03,94 mm<\/p>\n<p>Personalizado est\u00e1 dispon\u00edvel<\/td>\n<\/tr>\n<tr>\n<td>Comprimento de impress\u00e3o<\/td>\n<td>O padr\u00e3o \u00e9 400 mm,<\/p>\n<p>Personalizado est\u00e1 dispon\u00edvel de 380-800 mm<\/td>\n<\/tr>\n<tr>\n<td>Velocidade m\u00e1xima de impress\u00e3o<\/td>\n<td>300m\/min<\/td>\n<\/tr>\n<tr>\n<td>Precis\u00e3o de registro<\/td>\n<td>registro longitudinal\u00b10,15mm<\/p>\n<p>Registro transversal\u00b10,15mm<\/td>\n<\/tr>\n<tr>\n<td>Tipo de estrutura<\/td>\n<td>Impress\u00e3o central\uff08tambor central\uff09<\/td>\n<\/tr>\n<tr>\n<td>M\u00f3dulo de engrenagem<\/td>\n<td>1,5mm<\/td>\n<\/tr>\n<tr>\n<td>M\u00e9todo de aquecimento<\/td>\n<td>Aquecimento el\u00e9trico<\/td>\n<\/tr>\n<tr>\n<td>M\u00e1x. temperatura do forno.<\/td>\n<td>M\u00e1x. 80 \u2103 (temperatura ambiente 20 \u2103\uff09<\/td>\n<\/tr>\n<tr>\n<td>Desbobinador\/rebobinador de papel<\/td>\n<td>n\u00facleo 3\uff02<\/td>\n<\/tr>\n<tr>\n<td>Di\u00e2metro m\u00e1ximo do desenrolador\/rebobinador.<\/td>\n<td>1500 mm<\/td>\n<\/tr>\n<tr>\n<td>Tinta adequada<\/td>\n<td>Tinta \u00e0 base de \u00e1gua\/tinta solvente<\/td>\n<\/tr>\n<\/tbody>\n<\/table>\n<p><strong>Amostra de impress\u00e3o:<\/strong><\/p>\n<p><img loading=\"lazy\" decoding=\"async\" src=\"https:\/\/lishg.com\/Tools\/kindeditor\/attached\/image\/20230512\/20230512151751_5810.jpg\" alt=\"\" width=\"500\" height=\"500\" title=\"\"><\/p>","protected":false},"featured_media":5329,"template":"","product_category":[614,11],"class_list":["post-5348","product","type-product","status-publish","has-post-thumbnail","hentry","product_category-ytd-series","product_category-ci-flexo-printing-machine"],"acf":[],"_links":{"self":[{"href":"https:\/\/www.lishgmachine.com\/pt\/wp-json\/wp\/v2\/product\/5348"}],"collection":[{"href":"https:\/\/www.lishgmachine.com\/pt\/wp-json\/wp\/v2\/product"}],"about":[{"href":"https:\/\/www.lishgmachine.com\/pt\/wp-json\/wp\/v2\/types\/product"}],"wp:featuredmedia":[{"embeddable":true,"href":"https:\/\/www.lishgmachine.com\/pt\/wp-json\/wp\/v2\/media\/5329"}],"wp:attachment":[{"href":"https:\/\/www.lishgmachine.com\/pt\/wp-json\/wp\/v2\/media?parent=5348"}],"wp:term":[{"taxonomy":"product_category","embeddable":true,"href":"https:\/\/www.lishgmachine.com\/pt\/wp-json\/wp\/v2\/product_category?post=5348"}],"curies":[{"name":"wp","href":"https:\/\/api.w.org\/{rel}","templated":true}]}}