{"id":5370,"date":"2024-10-16T15:37:34","date_gmt":"2024-10-16T07:37:34","guid":{"rendered":"https:\/\/www.lishgmachine.cn\/?post_type=product&#038;p=5370"},"modified":"2026-01-16T17:26:57","modified_gmt":"2026-01-16T09:26:57","slug":"8-color-gear-driven-ci-flexographic-printing-machine","status":"publish","type":"product","link":"https:\/\/www.lishgmachine.com\/pt\/product\/8-color-gear-driven-ci-flexographic-printing-machine","title":{"rendered":"Tipo m\u00e1quina de impress\u00e3o flexogr\u00e1fica do CI acionada por engrenagem da luva de 8 cores"},"content":{"rendered":"<p><strong>Opera\u00e7\u00e3o do motor e da web:<\/strong><\/p>\n<ol>\n<li>O motor usa liga de ferro fundido de alta resist\u00eancia com baixa vibra\u00e7\u00e3o, fundi\u00e7\u00e3o em areia de resina e tratamento de envelhecimento por vibra\u00e7\u00e3o.<\/li>\n<li>Estrutura de rolo guia integrada.<\/li>\n<li>Constru\u00e7\u00e3o de design em camadas.<\/li>\n<li>Espessura do motor: 100mm.<\/li>\n<li>Di\u00e2metro do rolo guia: \u03c6100mm (tratamento de superf\u00edcie anodizado).<\/li>\n<\/ol>\n<p><strong>Par\u00e2metros principais:<\/strong><\/p>\n<table>\n<thead>\n<tr>\n<th style=\"text-align: left;\">Item<\/th>\n<th>YTD-8 Cor<\/th>\n<\/tr>\n<\/thead>\n<tbody>\n<tr>\n<td>Largura de alimenta\u00e7\u00e3o<\/td>\n<td>600mm, 800mm, 1000mm, 1200mm, 1400mm<\/td>\n<\/tr>\n<tr>\n<td>\u00c1rea m\u00e1xima de impress\u00e3o<\/td>\n<td>560mm, 760mm, 960mm, 1160mm, 1360mm<\/td>\n<\/tr>\n<tr>\n<td>Projeto<\/td>\n<td>8 cores<\/td>\n<\/tr>\n<tr>\n<td>Materiais<\/td>\n<td>PE, PET, BOPP, PVC, membrana, tecido n\u00e3o tecido, filme respir\u00e1vel<\/td>\n<\/tr>\n<tr>\n<td>Espessura da Placa<\/td>\n<td>1,14 mm, 1,7 mm, 2,28 mm, 2,84 mm, 3,94 mm (personaliz\u00e1vel)<\/td>\n<\/tr>\n<tr>\n<td>Tema de impress\u00e3o<\/td>\n<td>Padr\u00e3o: 400 mm, personaliz\u00e1vel 380-800 mm<\/td>\n<\/tr>\n<tr>\n<td>Velocidade m\u00e1xima de impress\u00e3o<\/td>\n<td>250m\/min<\/td>\n<\/tr>\n<tr>\n<td>Precis\u00e3o de registro<\/td>\n<td>Longitudinal: \u00b1 0,15 mm, Lateral: \u00b1 0,15 mm<\/td>\n<\/tr>\n<tr>\n<td>Tipo de estrutura<\/td>\n<td>Impress\u00e3o central (tambor central)<\/td>\n<\/tr>\n<tr>\n<td>Modelo de engrenagem<\/td>\n<td>1,5mm<\/td>\n<\/tr>\n<tr>\n<td>M\u00e9todo de aquecimento<\/td>\n<td>Aquecimento el\u00e9trico<\/td>\n<\/tr>\n<tr>\n<td>Temperatura m\u00e1xima do forno<\/td>\n<td>M\u00e1x. 80\u00b0C (temperatura ambiente 20\u00b0C)<\/td>\n<\/tr>\n<tr>\n<td>N\u00facleo do desbobinador\/rebobinador<\/td>\n<td>N\u00facleo 3\u2033<\/td>\n<\/tr>\n<tr>\n<td>Di\u00e2metro m\u00e1ximo do desbobinador\/rebobinador<\/td>\n<td>1000mm<\/td>\n<\/tr>\n<tr>\n<td>Tinta aplic\u00e1vel<\/td>\n<td>Tinta \u00e0 base de solvente<\/td>\n<\/tr>\n<\/tbody>\n<\/table>\n<p>&nbsp;<\/p>","protected":false},"featured_media":5890,"template":"","product_category":[11,616],"class_list":["post-5370","product","type-product","status-publish","has-post-thumbnail","hentry","product_category-ci-flexo-printing-machine","product_category-king-series"],"acf":[],"_links":{"self":[{"href":"https:\/\/www.lishgmachine.com\/pt\/wp-json\/wp\/v2\/product\/5370"}],"collection":[{"href":"https:\/\/www.lishgmachine.com\/pt\/wp-json\/wp\/v2\/product"}],"about":[{"href":"https:\/\/www.lishgmachine.com\/pt\/wp-json\/wp\/v2\/types\/product"}],"wp:featuredmedia":[{"embeddable":true,"href":"https:\/\/www.lishgmachine.com\/pt\/wp-json\/wp\/v2\/media\/5890"}],"wp:attachment":[{"href":"https:\/\/www.lishgmachine.com\/pt\/wp-json\/wp\/v2\/media?parent=5370"}],"wp:term":[{"taxonomy":"product_category","embeddable":true,"href":"https:\/\/www.lishgmachine.com\/pt\/wp-json\/wp\/v2\/product_category?post=5370"}],"curies":[{"name":"wp","href":"https:\/\/api.w.org\/{rel}","templated":true}]}}