{"id":5752,"date":"2025-08-25T15:08:00","date_gmt":"2025-08-25T07:08:00","guid":{"rendered":"https:\/\/www.lishgmachine.com\/product\/4-colors-full-servo-gearless-flexographic-printing-machine-copy"},"modified":"2026-03-03T15:33:13","modified_gmt":"2026-03-03T07:33:13","slug":"honor-servo-stack-flexo-printing-machine","status":"publish","type":"product","link":"https:\/\/www.lishgmachine.com\/pt\/product\/honor-servo-stack-flexo-printing-machine","title":{"rendered":"M\u00e1quina de impress\u00e3o flexogr\u00e1fica Honor Servo Stack"},"content":{"rendered":"<p><strong>Componentes principais da m\u00e1quina:<\/strong><\/p>\n<p>1. servo motor de acionamento<\/p>\n<p>2.servo motor da unidade de impress\u00e3o<\/p>\n<p>3. servo motor de desenrolamento ativo + rebobinamento<\/p>\n<p>4.servomotor de tra\u00e7\u00e3o<\/p>\n<p>5. l\u00e2mina raspadora de c\u00e2mara<\/p>\n<p>6. Sistema de controle PLC<\/p>\n<p>7. Sistema de monitoramento est\u00e1tico de inspe\u00e7\u00e3o de v\u00eddeo<\/p>\n<p>8. sistema de circula\u00e7\u00e3o de tinta<\/p>\n<p>&nbsp;<\/p>\n<table style=\"width: 100%;\">\n<tbody>\n<tr style=\"height: 56px;\">\n<td style=\"width: 33.0275%; height: 56px; text-align: center;\" width=\"237\"><strong>Mat\u00e9ria-prima<\/strong><\/td>\n<td style=\"width: 65.4434%; height: 56px;\" colspan=\"2\" width=\"474\">\n<p style=\"text-align: center;\"><strong>Grossura<\/strong><\/p>\n<\/td>\n<\/tr>\n<tr style=\"height: 56px;\">\n<td style=\"width: 33.0275%; height: 56px; text-align: center;\" width=\"237\">PEBD<\/td>\n<td style=\"width: 32.7217%; height: 56px; text-align: center;\" width=\"237\">50 \u00b5m<\/td>\n<td style=\"width: 32.7217%; height: 56px; text-align: center;\" width=\"237\">250 \u00b5m<\/td>\n<\/tr>\n<tr style=\"height: 56px;\">\n<td style=\"width: 33.0275%; height: 56px; text-align: center;\">PEAD<\/td>\n<td style=\"width: 32.7217%; height: 56px; text-align: center;\">50 \u00b5m<\/td>\n<td style=\"width: 32.7217%; height: 56px; text-align: center;\">150 \u00b5m<\/td>\n<\/tr>\n<tr style=\"height: 56px;\">\n<td style=\"width: 33.0275%; height: 56px; text-align: center;\">BICHO DE ESTIMA\u00c7\u00c3O<\/td>\n<td style=\"width: 32.7217%; height: 56px; text-align: center;\">50 \u00b5m<\/td>\n<td style=\"width: 32.7217%; height: 56px; text-align: center;\">75 \u00b5m<\/td>\n<\/tr>\n<tr style=\"height: 56px;\">\n<td style=\"width: 33.0275%; height: 56px; text-align: center;\">PP<\/td>\n<td style=\"width: 32.7217%; height: 56px; text-align: center;\">50\u00b5m<\/td>\n<td style=\"width: 32.7217%; height: 56px; text-align: center;\">245 \u00b5m<\/td>\n<\/tr>\n<tr style=\"height: 56px;\">\n<td style=\"width: 33.0275%; height: 56px; text-align: center;\">Papel<\/td>\n<td style=\"width: 32.7217%; height: 56px; text-align: center;\">40 g\/m2<\/td>\n<td style=\"width: 32.7217%; height: 56px; text-align: center;\">95 g\/m2<\/td>\n<\/tr>\n<tr style=\"height: 104px;\">\n<td style=\"width: 98.4709%; height: 104px;\" colspan=\"3\" width=\"712\">(Dependendo do tipo de mat\u00e9ria-prima e da faixa de tens\u00e3o da folha mencionada acima)Tecnologia de Impress\u00e3o: A impress\u00e3o \u00e9 feita com tintas \u00e0 base de \u00e1gua e sol\u00faveis em \u00e1lcool, ecologicamente corretas e placas de resina fotossens\u00edvel.<\/td>\n<\/tr>\n<\/tbody>\n<\/table>\n<p><strong>Especifica\u00e7\u00e3o t\u00e9cnica:<\/strong><\/p>\n<table style=\"width: 100%;\">\n<tbody>\n<tr>\n<td style=\"text-align: center;\" width=\"42.5400%\"><strong>Modelo<\/strong><\/td>\n<td style=\"text-align: center;\" width=\"57.4400%\"><strong>S\u00e9rie de honra<\/strong><\/td>\n<\/tr>\n<tr>\n<td style=\"text-align: center;\" width=\"42.5400%\"><strong>Largura de alimenta\u00e7\u00e3o de material<\/strong><\/td>\n<td style=\"text-align: center;\" width=\"57.4400%\">1200 mm<\/td>\n<\/tr>\n<tr>\n<td style=\"text-align: center;\" width=\"42.5400%\"><strong>Largura m\u00e1xima de impress\u00e3o<\/strong><\/td>\n<td style=\"text-align: center;\" width=\"57.4400%\">1160 mm<\/td>\n<\/tr>\n<tr>\n<td style=\"text-align: center;\" width=\"42.5400%\"><strong>Cores<\/strong><\/td>\n<td style=\"text-align: center;\" width=\"57.4400%\">6 cores<\/td>\n<\/tr>\n<tr>\n<td style=\"text-align: center;\" width=\"42.5400%\"><strong>Material<\/strong><\/td>\n<td style=\"text-align: center;\" width=\"57.4400%\"><span class=\"tag\">Educa\u00e7\u00e3o F\u00edsica<\/span>\u00a0<span class=\"tag\">BICHO DE ESTIMA\u00c7\u00c3O<\/span>\u00a0<span class=\"tag\">BOPP<\/span>\u00a0<span class=\"tag\">PVC<\/span><\/td>\n<\/tr>\n<tr>\n<td style=\"text-align: center;\" width=\"42.5400%\"><strong>Espessura da placa<\/strong><\/td>\n<td style=\"text-align: center;\" width=\"57.4400%\">1,14mm.1,7mm 2,28mm.2,84mm.\u00a03,94 mm<\/p>\n<p>Personalizado est\u00e1 dispon\u00edvel<\/td>\n<\/tr>\n<tr>\n<td style=\"text-align: center;\" width=\"42.5400%\"><strong>Comprimento de impress\u00e3o<\/strong><\/td>\n<td style=\"text-align: center;\" width=\"57.4400%\">O padr\u00e3o \u00e9 400 mm, personalizado est\u00e1 dispon\u00edvel de 300-1000 mm<\/td>\n<\/tr>\n<tr>\n<td style=\"text-align: center;\" width=\"42.5400%\"><strong>Velocidade m\u00e1xima da m\u00e1quina<\/strong><\/td>\n<td style=\"text-align: center;\" width=\"57.4400%\">220m\/min<\/td>\n<\/tr>\n<tr>\n<td style=\"text-align: center;\" width=\"42.5400%\"><strong>Velocidade m\u00e1xima de impress\u00e3o<\/strong><\/td>\n<td style=\"text-align: center;\" width=\"57.4400%\">200 m\/min (depende da espessura do material e do padr\u00e3o de impress\u00e3o)<\/td>\n<\/tr>\n<tr>\n<td style=\"text-align: center;\" width=\"42.5400%\"><strong>Precis\u00e3o de registro<\/strong><\/td>\n<td style=\"text-align: center;\" width=\"57.4400%\">\u00b10,2mm<\/td>\n<\/tr>\n<tr>\n<td style=\"text-align: center;\" width=\"42.5400%\"><strong>M\u00e9todo de aquecimento<\/strong><\/td>\n<td style=\"text-align: center;\" width=\"57.4400%\">Aquecimento el\u00e9trico<\/td>\n<\/tr>\n<tr>\n<td style=\"text-align: center;\" width=\"42.5400%\"><strong>M\u00e1x.\u00a0di\u00e2metro de desenrolamento<\/strong><\/td>\n<td style=\"text-align: center;\" width=\"57.4400%\">800 mm<\/td>\n<\/tr>\n<tr>\n<td style=\"text-align: center;\" width=\"42.5400%\"><strong>M\u00e1x.\u00a0di\u00e2metro de retrocesso<\/strong><\/td>\n<td style=\"text-align: center;\" width=\"57.4400%\">800 mm<\/td>\n<\/tr>\n<\/tbody>\n<\/table>\n<p>&nbsp;<\/p>\n<table style=\"width: 100%; border-collapse: collapse;\">\n<tbody>\n<tr>\n<td style=\"text-align: center; width: 99.8998%;\" colspan=\"2\"><strong>Parte 1 Unidade de desenrolamento e rebobinamento<\/strong><\/td>\n<\/tr>\n<tr>\n<td style=\"width: 50%; text-align: center;\"><img loading=\"lazy\" decoding=\"async\" class=\"aligncenter size-full wp-image-5756\" title=\"imagem10\" src=\"https:\/\/www.lishgmachine.com\/wp-content\/uploads\/2025\/08\/image10-1.png\" alt=\"imagem10\" width=\"400\" height=\"227\" srcset=\"https:\/\/www.lishgmachine.com\/wp-content\/uploads\/2025\/08\/image10-1.png 400w, https:\/\/www.lishgmachine.com\/wp-content\/uploads\/2025\/08\/image10-1-300x170.png 300w\" sizes=\"(max-width: 400px) 100vw, 400px\" \/><\/td>\n<td style=\"width: 50%; text-align: center;\"><img loading=\"lazy\" decoding=\"async\" title=\"imagem11\" src=\"https:\/\/www.lishgmachine.com\/wp-content\/uploads\/2025\/08\/image11.png\" alt=\"imagem11\" width=\"400\" height=\"227\" \/><\/td>\n<\/tr>\n<tr>\n<td style=\"width: 99.8998%;\" colspan=\"2\">1.Esta m\u00e1quina adota rebobinamento e desenrolamento ativo, controlado por servomotores. O rebobinador apresenta um design de rolo de press\u00e3o tipo guia para uma coleta de material mais suave. Combinado com um sistema de detec\u00e7\u00e3o do di\u00e2metro do rolo, este sistema proporciona maior precis\u00e3o e estabilidade, ao mesmo tempo que minimiza o estiramento do material durante o processo de impress\u00e3o, garantindo elevados \u00edndices de rendimento.<\/p>\n<p>2. Controle de tens\u00e3o: Utiliza controle de bra\u00e7o oscilante servo (detec\u00e7\u00e3o de posi\u00e7\u00e3o do cilindro de baixa fric\u00e7\u00e3o e controle de v\u00e1lvula reguladora de press\u00e3o de precis\u00e3o). Alarmes e desligamentos autom\u00e1ticos s\u00e3o ativados quando o di\u00e2metro do rolo atinge o valor definido.<\/p>\n<p>3. O eixo pneum\u00e1tico tem um di\u00e2metro externo de carga de 3 polegadas e \u00e9 fixado por um sistema de desengate do cilindro de duas cabe\u00e7as.<\/p>\n<p>4.Um sistema autom\u00e1tico de corre\u00e7\u00e3o de processo de rolo duplo \u00e9 instalado antes da impress\u00e3o, com tradu\u00e7\u00e3o ajust\u00e1vel para esquerda e direita.<\/td>\n<\/tr>\n<\/tbody>\n<\/table>\n<p>&nbsp;<\/p>\n<table style=\"border-collapse: collapse; width: 100%;\">\n<tbody>\n<tr>\n<td style=\"width: 99.8471%; text-align: center;\" colspan=\"2\"><strong><b>Parte 2 \u00a0Unidade de impress\u00e3o<\/b><\/strong><\/td>\n<\/tr>\n<tr>\n<td style=\"width: 49.8471%; text-align: center;\"><img loading=\"lazy\" decoding=\"async\" class=\"aligncenter size-full wp-image-5758\" title=\"imagem13\" src=\"https:\/\/www.lishgmachine.com\/wp-content\/uploads\/2025\/08\/image13.png\" alt=\"imagem13\" width=\"400\" height=\"227\" srcset=\"https:\/\/www.lishgmachine.com\/wp-content\/uploads\/2025\/08\/image13.png 400w, https:\/\/www.lishgmachine.com\/wp-content\/uploads\/2025\/08\/image13-300x170.png 300w\" sizes=\"(max-width: 400px) 100vw, 400px\" \/><\/td>\n<td style=\"width: 50%; text-align: center;\"><img loading=\"lazy\" decoding=\"async\" class=\"aligncenter size-full wp-image-5757\" title=\"imagem12\" src=\"https:\/\/www.lishgmachine.com\/wp-content\/uploads\/2025\/08\/image12.png\" alt=\"imagem12\" width=\"400\" height=\"227\" srcset=\"https:\/\/www.lishgmachine.com\/wp-content\/uploads\/2025\/08\/image12.png 400w, https:\/\/www.lishgmachine.com\/wp-content\/uploads\/2025\/08\/image12-300x170.png 300w\" sizes=\"(max-width: 400px) 100vw, 400px\" \/><\/td>\n<\/tr>\n<tr>\n<td style=\"width: 99.8471%;\" colspan=\"2\">1. capacidade de impress\u00e3o frente e verso de largura total: suporta v\u00e1rios modos de impress\u00e3o, incluindo 6 + 0 (um lado), 5 + 1, 4 + 2,3 + 3 (impress\u00e3o frente e verso).<\/p>\n<p>2. O grupo de impress\u00e3o adota sistema de controle de servo motor para obter rapidamente registro de cores de 360 \u200b\u200b\u200b\u200bgraus \uff0c<\/p>\n<p>Isto proporciona uma opera\u00e7\u00e3o mais conveniente e uma impress\u00e3o mais est\u00e1vel, eliminando opera\u00e7\u00f5es manuais tediosas.<\/p>\n<p>3.Especifica\u00e7\u00f5es do cilindro: Circunfer\u00eancia de impress\u00e3o 300-1000mm.<\/p>\n<p>4. Especifica\u00e7\u00f5es do rolo Anilox de cer\u00e2mica: Faixa de tela de tela 80-1000 LPI.<\/td>\n<\/tr>\n<\/tbody>\n<\/table>\n<h5><\/h5>\n<table style=\"border-collapse: collapse; width: 100%;\">\n<tbody>\n<tr>\n<td style=\"width: 99.8471%; text-align: center;\" colspan=\"2\"><strong><b>Parte 3 \u00a0Unidade de secagem<\/b><\/strong><\/td>\n<\/tr>\n<tr>\n<td style=\"width: 49.8471%; text-align: center;\"><img loading=\"lazy\" decoding=\"async\" class=\"aligncenter size-full wp-image-5760\" title=\"imagem15\" src=\"https:\/\/www.lishgmachine.com\/wp-content\/uploads\/2025\/08\/image15.png\" alt=\"imagem15\" width=\"400\" height=\"227\" srcset=\"https:\/\/www.lishgmachine.com\/wp-content\/uploads\/2025\/08\/image15.png 400w, https:\/\/www.lishgmachine.com\/wp-content\/uploads\/2025\/08\/image15-300x170.png 300w\" sizes=\"(max-width: 400px) 100vw, 400px\" \/><\/td>\n<td style=\"width: 50%; text-align: center;\"><img loading=\"lazy\" decoding=\"async\" class=\"aligncenter size-full wp-image-5759\" title=\"imagem14\" src=\"https:\/\/www.lishgmachine.com\/wp-content\/uploads\/2025\/08\/image14.png\" alt=\"imagem14\" width=\"400\" height=\"227\" srcset=\"https:\/\/www.lishgmachine.com\/wp-content\/uploads\/2025\/08\/image14.png 400w, https:\/\/www.lishgmachine.com\/wp-content\/uploads\/2025\/08\/image14-300x170.png 300w\" sizes=\"(max-width: 400px) 100vw, 400px\" \/><\/td>\n<\/tr>\n<tr>\n<td style=\"width: 99.8471%;\" colspan=\"2\">1.M\u00e9todo de secagem: Aquecimento el\u00e9trico. Temperatura m\u00e1xima do forno: 80\u00b0C (temperatura ambiente: 20\u00b0C).<\/p>\n<p>2. Sistema de secagem superior: Equipado com sistema de circula\u00e7\u00e3o de secagem de ar de retorno para secagem r\u00e1pida.<\/p>\n<p>3.Sistema de secagem: M\u00f3dulos de secagem s\u00e3o instalados entre cada sala de cores da impressora para melhorar a efici\u00eancia da secagem.<\/p>\n<p>4.Aplic\u00e1vel a: Aplic\u00e1vel a todo o forno de secagem da m\u00e1quina e \u00e0s unidades de secagem entre cada sala de cores.<\/td>\n<\/tr>\n<\/tbody>\n<\/table>\n<h5><\/h5>\n<table style=\"width: 100%; border-collapse: collapse;\">\n<tbody>\n<tr style=\"height: 56px;\">\n<td style=\"width: 100%; height: 56px; text-align: center;\" colspan=\"2\"><strong><b>Parte 4 \u00a0Sistema de monitoramento est\u00e1tico de imagens<\/b><\/strong><\/td>\n<\/tr>\n<tr style=\"height: 24px;\">\n<td style=\"width: 50%;\"><img loading=\"lazy\" decoding=\"async\" class=\"aligncenter\" title=\"imagem16\" src=\"https:\/\/www.lishgmachine.com\/wp-content\/uploads\/2025\/08\/image16.png\" alt=\"imagem16\" width=\"400\" height=\"227\" \/><\/td>\n<td style=\"width: 50%;\"><img loading=\"lazy\" decoding=\"async\" class=\"aligncenter\" title=\"imagem17\" src=\"https:\/\/www.lishgmachine.com\/wp-content\/uploads\/2025\/08\/image17.png\" alt=\"imagem17\" width=\"400\" height=\"227\" \/><\/td>\n<\/tr>\n<tr style=\"height: 248px;\">\n<td style=\"width: 100%;\" colspan=\"2\">1.O inspetor de v\u00eddeo do sistema de monitoramento de imagem est\u00e1tica tem uma amplia\u00e7\u00e3o de 3-30 (amplia\u00e7\u00e3o de \u00e1rea), exibindo tela inteira. O intervalo de captura de imagem \u00e9 determinado automaticamente com base no sinal de posi\u00e7\u00e3o do codificador\/sensor de engrenagem PG. A velocidade de patrulha da c\u00e2mera \u00e9 de 1,0 m\/min. O alcance de patrulha pode ser definido arbitrariamente com base na largura do material impresso, permitindo monitoramento de ponto fixo ou movimento alternativo autom\u00e1tico.<\/p>\n<p>2. Todo o sistema \u00e9 controlado centralmente por um controlador program\u00e1vel Inovance PLC. A interface homem-m\u00e1quina com tela sens\u00edvel ao toque do Inovance permite configura\u00e7\u00e3o\/modifica\u00e7\u00e3o de dados, monitoramento\/grava\u00e7\u00e3o de par\u00e2metros operacionais e inclui ajuda on-line, notifica\u00e7\u00f5es de alarme e registro de dados hist\u00f3ricos. O sistema de controle de tens\u00e3o utiliza controle de circuito fechado com um rolo flutuante ultraleve. O PLC controla a tela sens\u00edvel ao toque da interface homem-m\u00e1quina para exibi\u00e7\u00e3o e configura\u00e7\u00f5es centralizadas. Ele mant\u00e9mtens\u00e3o do substrato durante o desligamento e para automaticamente se o material for cortado.<\/td>\n<\/tr>\n<\/tbody>\n<\/table>\n<p>&nbsp;<\/p>\n<p><strong>Equipamento auxiliar:<\/strong><\/p>\n<table style=\"width: 100%;\">\n<tbody>\n<tr>\n<td width=\"712\">\u00a0<strong>M\u00e1quina de montagem de placas <\/strong><\/p>\n<p>\u25cf A constru\u00e7\u00e3o do rack com a estrutura do wallboard ap\u00f3s processamento hol\u00edstico de alta resist\u00eancia tem grande estabilidade de trabalho e \u00e9 dur\u00e1vel em uso<\/p>\n<p>\u25cf A c\u00e2mera colorida de alta defini\u00e7\u00e3o de 650 linhas pode atingir uma taxa de amplifica\u00e7\u00e3o de 70 vezes, apresentar imagens n\u00edtidas, possuir uma taxa de alta resolu\u00e7\u00e3o e melhorar substancialmente a precis\u00e3o da placa<\/p>\n<p>\u25cf A tela de cristal l\u00edquido de alta resolu\u00e7\u00e3o de 19 polegadas fornece imagens claras e brilhantes e alivia efetivamente a fadiga visual dos trabalhadores operacionais.<\/p>\n<p>\u25cf A largura m\u00e1xima do equipamento \u00e9 de 2m, o comprimento longitudinal \u00e9 controlado em 0,7m ou mais, a altura do equipamento \u00e9 menor que 1,7m e o acionamento fica nos dois lados das placas de parede do equipamento. A opera\u00e7\u00e3o, uso, reparo e manuten\u00e7\u00e3o s\u00e3o muito convenientes.<\/p>\n<p><span style=\"color: #ff0000;\">Observado:Opcional, de acordo com as necessidades do cliente<\/span><\/p>\n<p>&nbsp;<\/p>\n<p><strong>M\u00e1quina de limpeza ultrass\u00f4nica <\/strong><\/p>\n<p>\u25cf Quantidade de vibradores: 36<\/p>\n<p>\u25cf Frequ\u00eancia de trabalho do limpador: 40 KHz<\/p>\n<p>\u25cf Pot\u00eancia total do aquecedor el\u00e9trico: 3KW<\/p>\n<p>\u25cf Faixa de controle de temperatura: 30\u2103-100\u2103<\/p>\n<p>\u25cf Fonte de energia ultrass\u00f4nica: 25A\uff0f220V<\/p>\n<p>\u25cf Fonte de energia de aquecimento do tanque de enx\u00e1gue: 220V 25A<\/p>\n<p><span style=\"color: #ff0000;\">Observado:Opcional, de acordo com as necessidades do cliente<\/span><\/p>\n<p>&nbsp;<\/p>\n<p><strong>Viscosidade da tinta <\/strong><\/p>\n<p>Sistema de controle de viscosidade para controle autom\u00e1tico de viscosidade de tinta com um tipo de solvente, com sistema sensorial de vibra\u00e7\u00e3o. Nota: O sistema foi projetado com interface para conex\u00e3o com solvente\/\u00e1gua fresca fornecida pelo Comprador!<\/p>\n<p><span style=\"color: #ff0000;\">Observado:Opcional, de acordo com as necessidades do cliente<\/span><\/p>\n<p>&nbsp;<\/p>\n<p><strong>Sistema de detec\u00e7\u00e3o on-line de IA <\/strong><\/p>\n<p>\u25cf Detec\u00e7\u00e3o e alarme de defeitos em tempo real\uff0cIdentifica v\u00e1rios defeitos, defeitos de tinta, erros de impress\u00e3o sobreposta, manchas de sujeira e objetos estranhos, linhas de texto, defeitos de c\u00f3digos de barras e c\u00f3digos QR<\/p>\n<p>A detec\u00e7\u00e3o precoce de defeitos reduz o desperd\u00edcio e garante uma qualidade de impress\u00e3o consistente <span style=\"color: #ff0000;\">Observado:Opcional, de acordo com as necessidades do cliente<\/span><\/p>\n<p>&nbsp;<\/p>\n<p><strong>Tratador de corona<\/strong><\/p>\n<p>Tratamento corona adicional na superf\u00edcie do material para melhorar a ades\u00e3o da tinta<\/p>\n<p><span style=\"color: #ff0000;\">Observado: opcional - de acordo com o cliente necess\u00e1rio<\/span><\/td>\n<\/tr>\n<\/tbody>\n<\/table>\n<p><strong>P\u00f3s-venda:<\/strong><\/p>\n<table style=\"width: 100%;\">\n<tbody>\n<tr>\n<td width=\"710\"><strong>Ambiente de f\u00e1brica<\/strong><\/p>\n<p>\u25cf Melhor temperatura de f\u00e1brica 20-26C<\/p>\n<p>\u25cf Melhor umidade de f\u00e1brica: 55\uff05-70\uff05<\/p>\n<p>\u25cf Ambiente: bem ventilado, sem poeira<\/p>\n<p>\u25cf Luz padr\u00e3o<\/p>\n<p>&nbsp;<\/p>\n<p><strong>\u00a0Instala\u00e7\u00e3o:<\/strong><\/p>\n<p>O vendedor enviar\u00e1 1 engenheiro para instalar, testar a linha de produ\u00e7\u00e3o e treinar os trabalhadores dos clientes na f\u00e1brica dos compradores. A instala\u00e7\u00e3o e o treinamento completos levar\u00e3o 10 dias.<\/p>\n<p>O comprador deve cobrir o sal\u00e1rio dos engenheiros, custo do visto, passagens a\u00e9reas de ida e volta, acomoda\u00e7\u00f5es, transporte no pa\u00eds do comprador, alimenta\u00e7\u00e3o, assist\u00eancia m\u00e9dica, custo de seguran\u00e7a e custos relacionados no pa\u00eds do comprador. Al\u00e9m disso, o comprador deve preparar m\u00e3o de obra suficiente, fio el\u00e9trico fora do painel de controle, compressor de ar e ferramentas para instala\u00e7\u00f5es.<\/p>\n<p>Sal\u00e1rio do Engenheiro:<\/p>\n<p>US$ 120\/dia, dependendo da satisfa\u00e7\u00e3o do engenheiro. A data de chegada e sa\u00edda ser\u00e1 contada como dia pago.<\/p>\n<p>&nbsp;<\/p>\n<p><strong>Garantia:<\/strong><\/p>\n<p>O per\u00edodo de garantia para o equipamento entregue ser\u00e1 de 12\u00a0meses\u00a0ap\u00f3s a conclus\u00e3o da montagem, mas no m\u00e1ximo 18\u00a0meses ap\u00f3s o envio.<\/p>\n<p>O item acima n\u00e3o inclui as pe\u00e7as que possuem pe\u00e7as sobressalentes regulares ou as pe\u00e7as danificadas por desgaste normal, opera\u00e7\u00e3o anormal, manuten\u00e7\u00e3o inadequada e obras civis inadequadas. O vendedor\u00a0n\u00e3o \u00e9 respons\u00e1vel por qualquer perda de produ\u00e7\u00e3o em nenhuma circunst\u00e2ncia.<\/td>\n<\/tr>\n<\/tbody>\n<\/table>\n<p><strong>Nossa empresa<\/strong><\/p>\n<table style=\"width: 100%;\">\n<tbody>\n<tr>\n<td style=\"width: 99.4207%;\" colspan=\"2\" width=\"351\"><img loading=\"lazy\" decoding=\"async\" class=\"aligncenter\" title=\"imagem5\" src=\"https:\/\/www.lishgmachine.com\/wp-content\/uploads\/2025\/08\/image5.png\" alt=\"imagem5\" width=\"1300\" height=\"600\" \/><\/td>\n<\/tr>\n<tr>\n<td style=\"text-align: center; width: 50.3259%;\" width=\"351\"><img loading=\"lazy\" decoding=\"async\" title=\"imagem6\" src=\"https:\/\/www.lishgmachine.com\/wp-content\/uploads\/2025\/08\/image6.png\" alt=\"imagem6\" width=\"500\" height=\"400\" \/><\/td>\n<td style=\"text-align: center; width: 49.0949%;\" width=\"342\"><img loading=\"lazy\" decoding=\"async\" title=\"imagem7\" src=\"https:\/\/www.lishgmachine.com\/wp-content\/uploads\/2025\/08\/image7.png\" alt=\"imagem7\" width=\"500\" height=\"400\" \/><\/td>\n<\/tr>\n<tr>\n<td style=\"width: 99.4207%;\" colspan=\"2\" width=\"351\"><img loading=\"lazy\" decoding=\"async\" class=\"aligncenter\" title=\"imagem8\" src=\"https:\/\/www.lishgmachine.com\/wp-content\/uploads\/2025\/08\/image8.png\" alt=\"imagem8\" width=\"1300\" height=\"420\" \/><\/td>\n<\/tr>\n<tr>\n<td style=\"width: 99.4207%;\" colspan=\"2\" width=\"694\">Wen zhou Li sheng Printing and Packaging Machinery Co., Ltd. possui duas d\u00e9cadas de experi\u00eancia no fornecimento de solu\u00e7\u00f5es para impressoras flexogr\u00e1ficas. Como fabricante respeit\u00e1vel, nosso portf\u00f3lio de produtos abrange op\u00e7\u00f5es do tipo Stack, tipo Cl e Full Servo Sleeve, adaptados para atender aos diversos requisitos de impress\u00e3o de materiais de embalagem, como papel, filme, tecido n\u00e3o tecido e sacos de tecido valvulado. Nossas opera\u00e7\u00f5es comerciais abrangem todo o mundo, com um compromisso constante com a orienta\u00e7\u00e3o para o mercado,inova\u00e7\u00e3o tecnol\u00f3gica e entrega de produtos de qualidade premium.<\/p>\n<p>Para isso, possu\u00edmos uma f\u00e1brica de \u00faltima gera\u00e7\u00e3o, onde investimos significativamente na meticulosa implanta\u00e7\u00e3o de centros de usinagem Mazak e p\u00f3rticos. Isso garante que cada componente seja meticulosamente elaborado para atingir uma precis\u00e3o incompar\u00e1vel e garantir a qualidade excepcional de nossas impressoras.<\/td>\n<\/tr>\n<\/tbody>\n<\/table>\n<p>&nbsp;<\/p>","protected":false},"featured_media":5753,"template":"","product_category":[613,13],"class_list":["post-5752","product","type-product","status-publish","has-post-thumbnail","hentry","product_category-ytb-series","product_category-stack-flexo-printing-machine"],"acf":[],"_links":{"self":[{"href":"https:\/\/www.lishgmachine.com\/pt\/wp-json\/wp\/v2\/product\/5752"}],"collection":[{"href":"https:\/\/www.lishgmachine.com\/pt\/wp-json\/wp\/v2\/product"}],"about":[{"href":"https:\/\/www.lishgmachine.com\/pt\/wp-json\/wp\/v2\/types\/product"}],"wp:featuredmedia":[{"embeddable":true,"href":"https:\/\/www.lishgmachine.com\/pt\/wp-json\/wp\/v2\/media\/5753"}],"wp:attachment":[{"href":"https:\/\/www.lishgmachine.com\/pt\/wp-json\/wp\/v2\/media?parent=5752"}],"wp:term":[{"taxonomy":"product_category","embeddable":true,"href":"https:\/\/www.lishgmachine.com\/pt\/wp-json\/wp\/v2\/product_category?post=5752"}],"curies":[{"name":"wp","href":"https:\/\/api.w.org\/{rel}","templated":true}]}}